{"id":3618,"date":"2026-02-18T09:49:03","date_gmt":"2026-02-18T07:49:03","guid":{"rendered":"https:\/\/rmcfinland.fi\/?page_id=3618"},"modified":"2026-04-02T10:33:31","modified_gmt":"2026-04-02T07:33:31","slug":"rauma","status":"publish","type":"page","link":"https:\/\/rmcfinland.fi\/fi\/rauma\/","title":{"rendered":"Rauma"},"content":{"rendered":"\n<h2 class=\"wp-block-heading\"><strong>El\u00e4m\u00e4 Raumalla on <\/strong><em>luanikast<\/em> <strong>eli helppoa, vaivatonta ja mukavaa<\/strong><\/h2>\n\n\n\n<p class=\"has-poppins-font-family\" style=\"font-size:clamp(0.929em, 0.929rem + ((1vw - 0.2em) * 0.673), 1.4em);font-style:normal;font-weight:400;line-height:1.6\">Rauma on Suomen kolmanneksi vanhin kaupunki, jossa 40 000 asukasta el\u00e4\u00e4 meren, historian ja modernin teollisuuden risteyksess\u00e4. Kaupungissa on kaksi UNESCOn maailmanperint\u00f6kohdetta, kaunis saaristo ulko-ovella ja kohtuulliset asumiskustannukset. T\u00e4nne on my\u00f6s helppo asettua: Rauman kaupunki tarjoaa muuttajille apua asunnon l\u00f6yt\u00e4miseen ja kansainv\u00e4lisille tulijoille tukea International House Rauman kautta.<\/p>\n\n\n\n<div style=\"height:4em\" aria-hidden=\"true\" class=\"wp-block-spacer wp-embed-aspect-16-9 wp-has-aspect-ratio\"><\/div>\n\n\n\n<figure class=\"wp-block-image size-full\"><img loading=\"lazy\" decoding=\"async\" width=\"2000\" height=\"1331\" src=\"https:\/\/rmcfinland.fi\/wp-content\/uploads\/2026\/02\/Vanha-Rauma.jpg\" alt=\"\" class=\"wp-image-3707\" srcset=\"https:\/\/rmcfinland.fi\/wp-content\/uploads\/2026\/02\/Vanha-Rauma.jpg 2000w, https:\/\/rmcfinland.fi\/wp-content\/uploads\/2026\/02\/Vanha-Rauma-300x200.jpg 300w, https:\/\/rmcfinland.fi\/wp-content\/uploads\/2026\/02\/Vanha-Rauma-1024x681.jpg 1024w, https:\/\/rmcfinland.fi\/wp-content\/uploads\/2026\/02\/Vanha-Rauma-768x511.jpg 768w, https:\/\/rmcfinland.fi\/wp-content\/uploads\/2026\/02\/Vanha-Rauma-1536x1022.jpg 1536w, https:\/\/rmcfinland.fi\/wp-content\/uploads\/2026\/02\/Vanha-Rauma-1920x1278.jpg 1920w, https:\/\/rmcfinland.fi\/wp-content\/uploads\/2026\/02\/Vanha-Rauma-1600x1065.jpg 1600w\" sizes=\"auto, (max-width: 2000px) 100vw, 2000px\"><\/figure>\n\n\n\n<div style=\"height:2em\" aria-hidden=\"true\" class=\"wp-block-spacer wp-embed-aspect-16-9 wp-has-aspect-ratio\"><\/div>\n\n\n\n<div class=\"wp-block-columns is-layout-flex wp-container-core-columns-is-layout-28f84493 wp-block-columns-is-layout-flex\">\n<div class=\"wp-block-column is-layout-flow wp-block-column-is-layout-flow\">\n<h3 class=\"wp-block-heading has-small-font-size\">Maailmanperint\u00f6\u00e4 ja merellisi\u00e4 kujia<\/h3>\n<\/div>\n\n\n\n<div class=\"wp-block-column is-layout-flow wp-block-column-is-layout-flow\">\n<p>Vanha Rauma on Pohjoismaiden laajin yhten\u00e4inen puukaupunkialue \u2013 ei museo, vaan el\u00e4v\u00e4 keskusta, jossa asutaan, k\u00e4yd\u00e4\u00e4n kahvilla ja shoppailtaan pitsikoristeisten ikkunoiden katveessa. Kaupungin toinen maailmanperint\u00f6kohde, Sammallahdenm\u00e4en pronssikautiset hautar\u00f6ykki\u00f6t, tarjoaa hiljaisuutta ja yhteytt\u00e4 tuhansia vuosia vanhaan historiaan vain lyhyen ajomatkan p\u00e4\u00e4ss\u00e4 keskustasta.<\/p>\n<\/div>\n<\/div>\n\n\n\n<div style=\"height:4em\" aria-hidden=\"true\" class=\"wp-block-spacer wp-embed-aspect-16-9 wp-has-aspect-ratio\"><\/div>\n\n\n\n<figure class=\"wp-block-image size-full is-resized\"><img loading=\"lazy\" decoding=\"async\" width=\"2000\" height=\"1333\" src=\"https:\/\/rmcfinland.fi\/wp-content\/uploads\/2026\/02\/Kylmapihlaja.jpg\" alt=\"\" class=\"wp-image-3706\" style=\"width:900px;height:auto\" srcset=\"https:\/\/rmcfinland.fi\/wp-content\/uploads\/2026\/02\/Kylmapihlaja.jpg 2000w, https:\/\/rmcfinland.fi\/wp-content\/uploads\/2026\/02\/Kylmapihlaja-300x200.jpg 300w, https:\/\/rmcfinland.fi\/wp-content\/uploads\/2026\/02\/Kylmapihlaja-1024x682.jpg 1024w, https:\/\/rmcfinland.fi\/wp-content\/uploads\/2026\/02\/Kylmapihlaja-768x512.jpg 768w, https:\/\/rmcfinland.fi\/wp-content\/uploads\/2026\/02\/Kylmapihlaja-1536x1024.jpg 1536w, https:\/\/rmcfinland.fi\/wp-content\/uploads\/2026\/02\/Kylmapihlaja-1920x1280.jpg 1920w, https:\/\/rmcfinland.fi\/wp-content\/uploads\/2026\/02\/Kylmapihlaja-1600x1066.jpg 1600w\" sizes=\"auto, (max-width: 2000px) 100vw, 2000px\"><\/figure>\n\n\n\n<div style=\"height:2em\" aria-hidden=\"true\" class=\"wp-block-spacer wp-embed-aspect-16-9 wp-has-aspect-ratio\"><\/div>\n\n\n\n<div class=\"wp-block-columns is-layout-flex wp-container-core-columns-is-layout-28f84493 wp-block-columns-is-layout-flex\">\n<div class=\"wp-block-column is-layout-flow wp-block-column-is-layout-flow\">\n<h3 class=\"wp-block-heading has-small-font-size\">Saaristo ja meri<\/h3>\n<\/div>\n\n\n\n<div class=\"wp-block-column is-layout-flow wp-block-column-is-layout-flow\">\n<p>Rauman saaristo alkaa siit\u00e4, mihin telakka-alueemme loppuu. Kylm\u00e4pihlajan majakkasaari, Kuuskajaskarin virkistyssaari ja Reksaaren luontopolut ovat kaikki saavutettavissa veneell\u00e4 kes\u00e4isin. Talvella avantouinti ja saunakulttuurit ovat osa arkea. Meri ei ole Raumalla vain ty\u00f6n ymp\u00e4rist\u00f6 \u2013 se on el\u00e4m\u00e4ntapa.<\/p>\n<\/div>\n<\/div>\n\n\n\n<div style=\"height:4em\" aria-hidden=\"true\" class=\"wp-block-spacer wp-embed-aspect-16-9 wp-has-aspect-ratio\"><\/div>\n\n\n\n<figure class=\"wp-block-image size-full is-resized\"><img loading=\"lazy\" decoding=\"async\" width=\"2500\" height=\"1667\" src=\"https:\/\/rmcfinland.fi\/wp-content\/uploads\/2026\/02\/lapset.jpg\" alt=\"\" class=\"wp-image-3634\" style=\"width:900px;height:auto\" srcset=\"https:\/\/rmcfinland.fi\/wp-content\/uploads\/2026\/02\/lapset.jpg 2500w, https:\/\/rmcfinland.fi\/wp-content\/uploads\/2026\/02\/lapset-300x200.jpg 300w, https:\/\/rmcfinland.fi\/wp-content\/uploads\/2026\/02\/lapset-1024x683.jpg 1024w, https:\/\/rmcfinland.fi\/wp-content\/uploads\/2026\/02\/lapset-768x512.jpg 768w, https:\/\/rmcfinland.fi\/wp-content\/uploads\/2026\/02\/lapset-1536x1024.jpg 1536w, https:\/\/rmcfinland.fi\/wp-content\/uploads\/2026\/02\/lapset-2048x1366.jpg 2048w, https:\/\/rmcfinland.fi\/wp-content\/uploads\/2026\/02\/lapset-1920x1280.jpg 1920w, https:\/\/rmcfinland.fi\/wp-content\/uploads\/2026\/02\/lapset-1600x1067.jpg 1600w\" sizes=\"auto, (max-width: 2500px) 100vw, 2500px\"><\/figure>\n\n\n\n<div style=\"height:2em\" aria-hidden=\"true\" class=\"wp-block-spacer wp-embed-aspect-16-9 wp-has-aspect-ratio\"><\/div>\n\n\n\n<div class=\"wp-block-columns is-layout-flex wp-container-core-columns-is-layout-28f84493 wp-block-columns-is-layout-flex\">\n<div class=\"wp-block-column is-layout-flow wp-block-column-is-layout-flow\">\n<h3 class=\"wp-block-heading has-small-font-size\">Perhe-el\u00e4m\u00e4\u00e4 ja sujuvaa arkea<\/h3>\n<\/div>\n\n\n\n<div class=\"wp-block-column is-layout-flow wp-block-column-is-layout-flow\">\n<p>Rauma tarjoaa perheille lyhyet et\u00e4isyydet: p\u00e4iv\u00e4kodista kouluun, harrastuksista kotiin. Uusi Karin kampus yhdist\u00e4\u00e4 uimahallin, liikuntapalvelut ja tapahtumatilat yhdeksi kokonaisuudeksi. Asuminen on Raumalla selv\u00e4sti edullisempaa kuin p\u00e4\u00e4kaupunkiseudulla tai Turussa \u2013 omakotitalon saa murto-osalla kasvukeskusten hinnoista.<\/p>\n<\/div>\n<\/div>\n\n\n\n<div style=\"height:4em\" aria-hidden=\"true\" class=\"wp-block-spacer wp-embed-aspect-16-9 wp-has-aspect-ratio\"><\/div>\n\n\n\n<figure class=\"wp-block-image size-full is-resized\"><img loading=\"lazy\" decoding=\"async\" width=\"2500\" height=\"1406\" src=\"https:\/\/rmcfinland.fi\/wp-content\/uploads\/2026\/02\/telakka-alue.jpg\" alt=\"\" class=\"wp-image-3635\" style=\"width:900px;height:auto\" srcset=\"https:\/\/rmcfinland.fi\/wp-content\/uploads\/2026\/02\/telakka-alue.jpg 2500w, https:\/\/rmcfinland.fi\/wp-content\/uploads\/2026\/02\/telakka-alue-300x169.jpg 300w, https:\/\/rmcfinland.fi\/wp-content\/uploads\/2026\/02\/telakka-alue-1024x576.jpg 1024w, https:\/\/rmcfinland.fi\/wp-content\/uploads\/2026\/02\/telakka-alue-768x432.jpg 768w, https:\/\/rmcfinland.fi\/wp-content\/uploads\/2026\/02\/telakka-alue-1536x864.jpg 1536w, https:\/\/rmcfinland.fi\/wp-content\/uploads\/2026\/02\/telakka-alue-2048x1152.jpg 2048w, https:\/\/rmcfinland.fi\/wp-content\/uploads\/2026\/02\/telakka-alue-1920x1080.jpg 1920w, https:\/\/rmcfinland.fi\/wp-content\/uploads\/2026\/02\/telakka-alue-1600x900.jpg 1600w\" sizes=\"auto, (max-width: 2500px) 100vw, 2500px\"><\/figure>\n\n\n\n<div style=\"height:2em\" aria-hidden=\"true\" class=\"wp-block-spacer wp-embed-aspect-16-9 wp-has-aspect-ratio\"><\/div>\n\n\n\n<div class=\"wp-block-columns is-layout-flex wp-container-core-columns-is-layout-28f84493 wp-block-columns-is-layout-flex\">\n<div class=\"wp-block-column is-layout-flow wp-block-column-is-layout-flow\">\n<h3 class=\"wp-block-heading has-small-font-size\">Teollisuuden ja osaamisen keskus<\/h3>\n<\/div>\n\n\n\n<div class=\"wp-block-column is-layout-flow wp-block-column-is-layout-flow\">\n<p>Rauma ei ole vain vieh\u00e4tt\u00e4v\u00e4 pikkukaupunki \u2013 se on yksi Suomen merkitt\u00e4vimmist\u00e4 teollisuuspaikkakunnista. Seaside Industry Parkin ymp\u00e4rille keskittyv\u00e4 meriteollisuusklusteri ty\u00f6llist\u00e4\u00e4 tuhansia osaajia, ja Rauman satama on Suomen toiseksi suurin. Kaupungissa on my\u00f6s Satakunnan ammattikorkeakoulun kampus sek\u00e4 Turun yliopiston opettajankoulutuslaitos.<\/p>\n<\/div>\n<\/div>\n\n\n\n<div style=\"height:4em\" aria-hidden=\"true\" class=\"wp-block-spacer wp-embed-aspect-16-9 wp-has-aspect-ratio\"><\/div>\n\n\n\n<h6 class=\"wp-block-heading\">Yhteydet ja saavutettavuus<\/h6>\n\n\n\n<p>Raumalta on tunnin matka Turkuun, puolitoista Tampereelle ja kolme Helsinkiin. L\u00e4hin lentokentt\u00e4 on Porissa, noin 50 kilometrin p\u00e4\u00e4ss\u00e4. Rauma sijaitsee E8-moottoritien varrella ja kaupungin sis\u00e4inen joukkoliikenne Gyyt palvelee p\u00e4ivitt\u00e4ist\u00e4 liikkumista.<\/p>\n\n\n\n<div style=\"height:4em\" aria-hidden=\"true\" class=\"wp-block-spacer wp-embed-aspect-16-9 wp-has-aspect-ratio\"><\/div>\n\n\n\n<h6 class=\"wp-block-heading\">Kansainv\u00e4lisille tulijoille<\/h6>\n\n\n\n<p>RMC:n projektit houkuttelevat osaajia ymp\u00e4ri maailmaa. Rauman kaupungin International House Rauma auttaa kansainv\u00e4lisi\u00e4 tulijoita asettumaan: asunnon l\u00f6yt\u00e4minen, viranomaisasiointi ja arjen k\u00e4ynnist\u00e4minen sujuvat henkil\u00f6kohtaisen tuen avulla. Raumalla on my\u00f6s kansainv\u00e4linen koulu ja aktiivinen kansainv\u00e4linen yhteis\u00f6.<\/p>\n\n\n\n<p><\/p>\n","protected":false},"excerpt":{"rendered":"<p>El\u00e4m\u00e4 Raumalla on luanikast eli helppoa, vaivatonta ja mukavaa Maailmanperint\u00f6\u00e4 ja merellisi\u00e4 kujia Vanha Rauma on Pohjoismaiden laajin yhten\u00e4inen puukaupunkialue \u2013 ei museo, vaan el\u00e4v\u00e4 keskusta, jossa asutaan, k\u00e4yd\u00e4\u00e4n kahvilla ja shoppailtaan pitsikoristeisten ikkunoiden katveessa. Kaupungin toinen maailmanperint\u00f6kohde, Sammallahdenm\u00e4en pronssikautiset hautar\u00f6ykki\u00f6t, tarjoaa hiljaisuutta ja yhteytt\u00e4 tuhansia vuosia vanhaan historiaan vain lyhyen ajomatkan p\u00e4\u00e4ss\u00e4 keskustasta. Saaristo [&hellip;]<\/p>\n","protected":false},"author":2,"featured_media":0,"parent":0,"menu_order":0,"comment_status":"closed","ping_status":"closed","template":"","meta":{"_acf_changed":false,"footnotes":""},"class_list":["post-3618","page","type-page","status-publish","hentry"],"acf":[],"_links":{"self":[{"href":"https:\/\/rmcfinland.fi\/fi\/wp-json\/wp\/v2\/pages\/3618","targetHints":{"allow":["GET"]}}],"collection":[{"href":"https:\/\/rmcfinland.fi\/fi\/wp-json\/wp\/v2\/pages"}],"about":[{"href":"https:\/\/rmcfinland.fi\/fi\/wp-json\/wp\/v2\/types\/page"}],"author":[{"embeddable":true,"href":"https:\/\/rmcfinland.fi\/fi\/wp-json\/wp\/v2\/users\/2"}],"replies":[{"embeddable":true,"href":"https:\/\/rmcfinland.fi\/fi\/wp-json\/wp\/v2\/comments?post=3618"}],"version-history":[{"count":14,"href":"https:\/\/rmcfinland.fi\/fi\/wp-json\/wp\/v2\/pages\/3618\/revisions"}],"predecessor-version":[{"id":3884,"href":"https:\/\/rmcfinland.fi\/fi\/wp-json\/wp\/v2\/pages\/3618\/revisions\/3884"}],"wp:attachment":[{"href":"https:\/\/rmcfinland.fi\/fi\/wp-json\/wp\/v2\/media?parent=3618"}],"curies":[{"name":"wp","href":"https:\/\/api.w.org\/{rel}","templated":true}]}}