{"id":3590,"date":"2026-02-17T16:26:33","date_gmt":"2026-02-17T14:26:33","guid":{"rendered":"https:\/\/rmcfinland.fi\/?page_id=3590"},"modified":"2026-03-02T14:47:16","modified_gmt":"2026-03-02T12:47:16","slug":"tyo-kaytannossa","status":"publish","type":"page","link":"https:\/\/rmcfinland.fi\/fi\/tyo-kaytannossa\/","title":{"rendered":"Ty\u00f6 k\u00e4yt\u00e4nn\u00f6ss\u00e4"},"content":{"rendered":"\n<h2 class=\"wp-block-heading\"><strong>Ja jokaiseen<\/strong> <em>maailman<\/em> <strong>kolkkaan<\/strong><\/h2>\n\n\n\n<p class=\"has-poppins-font-family\" style=\"font-size:clamp(0.929em, 0.929rem + ((1vw - 0.2em) * 0.673), 1.4em);font-style:normal;font-weight:400;line-height:1.6\">Raumalta rakennetut alukset purjehtivat eri puolella maapalloa, etel\u00e4st\u00e4 pohjoiseen, keskeisill\u00e4 merireiteill\u00e4, meit\u00e4 l\u00e4hell\u00e4 ja maailman valtamerill\u00e4. Rakennamme aluksia, jotka pit\u00e4v\u00e4t meriv\u00e4yl\u00e4t auki, turvaavat valtioiden rajoja ja kuljettavat ihmisi\u00e4 sek\u00e4 tavaroita puhtaammin kuin koskaan aiemmin. Meill\u00e4 on tarjolla projekteja, joiden kaltaisia ei l\u00f6ydy mist\u00e4\u00e4n muualta \u2013 ja joita sin\u00e4 voit olla rakentamassa.<\/p>\n\n\n\n<h3 class=\"wp-block-heading\"><strong>Projektit, joita ei l\u00f6ydy muualta.<\/strong><\/h3>\n\n\n\n<p>T\u00e4ll\u00e4 hetkell\u00e4 rakennamme samanaikaisesti Suomen Merivoimien Pohjanmaa-luokan monitoimikorvetteja, Yhdysvaltain rannikkovartioston arktisia j\u00e4\u00e4nmurtajia ja kehit\u00e4mme kokonaan s\u00e4hk\u00f6isten alusten tulevaisuutta. Kaikkein olennaisin kehityskohteemme on kuitenkin osaaminen. Sit\u00e4 meilt\u00e4 valmistuu joka ikinen p\u00e4iv\u00e4.<\/p>\n\n\n\n<div style=\"height:2em\" aria-hidden=\"true\" class=\"wp-block-spacer wp-embed-aspect-16-9 wp-has-aspect-ratio\"><\/div>\n\n\n\n<figure class=\"wp-block-image size-full\"><img loading=\"lazy\" decoding=\"async\" width=\"1920\" height=\"1080\" src=\"https:\/\/rmcfinland.fi\/wp-content\/uploads\/2026\/02\/pohjanmaa_jaissa-edited.jpg\" alt=\"\" class=\"wp-image-3533\" srcset=\"https:\/\/rmcfinland.fi\/wp-content\/uploads\/2026\/02\/pohjanmaa_jaissa-edited.jpg 1920w, https:\/\/rmcfinland.fi\/wp-content\/uploads\/2026\/02\/pohjanmaa_jaissa-edited-300x169.jpg 300w, https:\/\/rmcfinland.fi\/wp-content\/uploads\/2026\/02\/pohjanmaa_jaissa-edited-1024x576.jpg 1024w, https:\/\/rmcfinland.fi\/wp-content\/uploads\/2026\/02\/pohjanmaa_jaissa-edited-768x432.jpg 768w, https:\/\/rmcfinland.fi\/wp-content\/uploads\/2026\/02\/pohjanmaa_jaissa-edited-1536x864.jpg 1536w, https:\/\/rmcfinland.fi\/wp-content\/uploads\/2026\/02\/pohjanmaa_jaissa-edited-1600x900.jpg 1600w\" sizes=\"auto, (max-width: 1920px) 100vw, 1920px\"><\/figure>\n\n\n\n<div style=\"height:2em\" aria-hidden=\"true\" class=\"wp-block-spacer wp-embed-aspect-16-9 wp-has-aspect-ratio\"><\/div>\n\n\n\n<div class=\"wp-block-columns is-layout-flex wp-container-core-columns-is-layout-28f84493 wp-block-columns-is-layout-flex\">\n<div class=\"wp-block-column is-layout-flow wp-block-column-is-layout-flow\">\n<h3 class=\"wp-block-heading has-small-font-size\">Pohjanmaa-luokan korvetit \u2014 Suomen meripuolustus<\/h3>\n<\/div>\n\n\n\n<div class=\"wp-block-column is-layout-flow wp-block-column-is-layout-flow\">\n<p>Nelj\u00e4 monitoimikorvettia Suomen Merivoimille. Maailmanlaajuisesti ainutlaatuiset alukset, jotka on suunniteltu It\u00e4meren vaativiin olosuhteisiin \u2014 syksyn myrskyist\u00e4 j\u00e4isiin ja j\u00e4\u00e4tyv\u00e4\u00e4n talveen. <\/p>\n\n\n\n<p>Korvetit rakennetaan uudessa monik\u00e4ytt\u00f6hallissa turvallisuusvaatimusten mukaisesti. <\/p>\n\n\n\n<p>T\u00e4m\u00e4 on Suomen puolustuskyvyn ytimess\u00e4 olevaa ty\u00f6t\u00e4.<\/p>\n<\/div>\n<\/div>\n\n\n\n<div style=\"height:4em\" aria-hidden=\"true\" class=\"wp-block-spacer wp-embed-aspect-16-9 wp-has-aspect-ratio\"><\/div>\n\n\n\n<figure class=\"wp-block-image size-full is-resized\"><img loading=\"lazy\" decoding=\"async\" width=\"1147\" height=\"645\" src=\"https:\/\/rmcfinland.fi\/wp-content\/uploads\/2026\/03\/MPI-web-edited-1.jpg\" alt=\"\" class=\"wp-image-3725\" style=\"width:900px;height:auto\" srcset=\"https:\/\/rmcfinland.fi\/wp-content\/uploads\/2026\/03\/MPI-web-edited-1.jpg 1147w, https:\/\/rmcfinland.fi\/wp-content\/uploads\/2026\/03\/MPI-web-edited-1-300x169.jpg 300w, https:\/\/rmcfinland.fi\/wp-content\/uploads\/2026\/03\/MPI-web-edited-1-1024x576.jpg 1024w, https:\/\/rmcfinland.fi\/wp-content\/uploads\/2026\/03\/MPI-web-edited-1-768x432.jpg 768w\" sizes=\"auto, (max-width: 1147px) 100vw, 1147px\"><\/figure>\n\n\n\n<div style=\"height:2em\" aria-hidden=\"true\" class=\"wp-block-spacer wp-embed-aspect-16-9 wp-has-aspect-ratio\"><\/div>\n\n\n\n<div class=\"wp-block-columns is-layout-flex wp-container-core-columns-is-layout-28f84493 wp-block-columns-is-layout-flex\">\n<div class=\"wp-block-column is-layout-flow wp-block-column-is-layout-flow\">\n<h3 class=\"wp-block-heading has-small-font-size\">Arctic Security Cutters \u2014 J\u00e4\u00e4nmurtajia maailmalle<\/h3>\n<\/div>\n\n\n\n<div class=\"wp-block-column is-layout-flow wp-block-column-is-layout-flow\">\n<p>Yhdysvaltain rannikkovartiosto tilasi RMC:lt\u00e4 kaksi arktista j\u00e4\u00e4nmurtajaa. Kyseess\u00e4 on historiallinen sopimus, sill\u00e4 alukset ovat ensimm\u00e4iset ASC-luokan j\u00e4\u00e4nmurtajat, jotka rakennetaan U.S. Coast Guardille osana Suomen ja Yhdysvaltojen v\u00e4list\u00e4 yhteisty\u00f6t\u00e4.\u00a0<\/p>\n\n\n\n<p>Suomalainen arktinen osaaminen on maailman huippua \u2014 ja se osaaminen on t\u00e4\u00e4ll\u00e4, Raumalla.<\/p>\n<\/div>\n<\/div>\n\n\n\n<div style=\"height:4em\" aria-hidden=\"true\" class=\"wp-block-spacer wp-embed-aspect-16-9 wp-has-aspect-ratio\"><\/div>\n\n\n\n<figure class=\"wp-block-image size-full is-resized\"><img loading=\"lazy\" decoding=\"async\" width=\"2886\" height=\"1623\" src=\"https:\/\/rmcfinland.fi\/wp-content\/uploads\/2026\/02\/sahkoinen-alus.jpg\" alt=\"\" class=\"wp-image-3539\" style=\"width:900px;height:auto\" srcset=\"https:\/\/rmcfinland.fi\/wp-content\/uploads\/2026\/02\/sahkoinen-alus.jpg 2886w, https:\/\/rmcfinland.fi\/wp-content\/uploads\/2026\/02\/sahkoinen-alus-300x169.jpg 300w, https:\/\/rmcfinland.fi\/wp-content\/uploads\/2026\/02\/sahkoinen-alus-1024x576.jpg 1024w, https:\/\/rmcfinland.fi\/wp-content\/uploads\/2026\/02\/sahkoinen-alus-768x432.jpg 768w, https:\/\/rmcfinland.fi\/wp-content\/uploads\/2026\/02\/sahkoinen-alus-1536x864.jpg 1536w, https:\/\/rmcfinland.fi\/wp-content\/uploads\/2026\/02\/sahkoinen-alus-2048x1152.jpg 2048w, https:\/\/rmcfinland.fi\/wp-content\/uploads\/2026\/02\/sahkoinen-alus-1920x1080.jpg 1920w, https:\/\/rmcfinland.fi\/wp-content\/uploads\/2026\/02\/sahkoinen-alus-1600x900.jpg 1600w\" sizes=\"auto, (max-width: 2886px) 100vw, 2886px\"><\/figure>\n\n\n\n<div style=\"height:2em\" aria-hidden=\"true\" class=\"wp-block-spacer wp-embed-aspect-16-9 wp-has-aspect-ratio\"><\/div>\n\n\n\n<div class=\"wp-block-columns is-layout-flex wp-container-core-columns-is-layout-28f84493 wp-block-columns-is-layout-flex\">\n<div class=\"wp-block-column is-layout-flow wp-block-column-is-layout-flow\">\n<h3 class=\"wp-block-heading has-small-font-size\">Matkustaja-alukset \u2014 Kest\u00e4v\u00e4\u00e4 meriliikennett\u00e4<\/h3>\n<\/div>\n\n\n\n<div class=\"wp-block-column is-layout-flow wp-block-column-is-layout-flow\">\n<p>Spirit of Tasmania, Aurora Botnia, MyStar \u2014 RMC:n rakentamat lautat purjehtivat maailman etel\u00e4isimmiss\u00e4 ja pohjoisimmissa kolkissa.<\/p>\n\n\n\n<p>Jokainen alus on ollut edelt\u00e4j\u00e4\u00e4ns\u00e4 energiatehokkaampi. Aurora Botnia oli maailman ensimm\u00e4inen Clean Design -luokituksen saanut automatkustajalautta. Spiritit ovat puolestaan maailman etel\u00e4isimm\u00e4t LNG-alukset.<\/p>\n\n\n\n<p>Ja seuraava askel on jo k\u00e4ynniss\u00e4. Me kehit\u00e4mme t\u00e4yss\u00e4hk\u00f6ist\u00e4 matkustaja-alusta, joka tuo p\u00e4\u00e4st\u00f6tt\u00f6m\u00e4n meriliikenteen teoriasta todeksi.<\/p>\n\n\n\n<p>T\u00e4m\u00e4 on ty\u00f6t\u00e4, jossa et ainoastaan n\u00e4e, mihin suuntaan meriliikenne kehittyy \u2014 olet itse sit\u00e4 kehitt\u00e4m\u00e4ss\u00e4.<\/p>\n<\/div>\n<\/div>\n\n\n\n<p><\/p>\n","protected":false},"excerpt":{"rendered":"<p>Ja jokaiseen maailman kolkkaan Projektit, joita ei l\u00f6ydy muualta. T\u00e4ll\u00e4 hetkell\u00e4 rakennamme samanaikaisesti Suomen Merivoimien Pohjanmaa-luokan monitoimikorvetteja, Yhdysvaltain rannikkovartioston arktisia j\u00e4\u00e4nmurtajia ja kehit\u00e4mme kokonaan s\u00e4hk\u00f6isten alusten tulevaisuutta. Kaikkein olennaisin kehityskohteemme on kuitenkin osaaminen. Sit\u00e4 meilt\u00e4 valmistuu joka ikinen p\u00e4iv\u00e4. Pohjanmaa-luokan korvetit \u2014 Suomen meripuolustus Nelj\u00e4 monitoimikorvettia Suomen Merivoimille. Maailmanlaajuisesti ainutlaatuiset alukset, jotka on suunniteltu It\u00e4meren [&hellip;]<\/p>\n","protected":false},"author":2,"featured_media":0,"parent":0,"menu_order":0,"comment_status":"closed","ping_status":"closed","template":"","meta":{"_acf_changed":false,"footnotes":""},"class_list":["post-3590","page","type-page","status-publish","hentry"],"acf":[],"_links":{"self":[{"href":"https:\/\/rmcfinland.fi\/fi\/wp-json\/wp\/v2\/pages\/3590","targetHints":{"allow":["GET"]}}],"collection":[{"href":"https:\/\/rmcfinland.fi\/fi\/wp-json\/wp\/v2\/pages"}],"about":[{"href":"https:\/\/rmcfinland.fi\/fi\/wp-json\/wp\/v2\/types\/page"}],"author":[{"embeddable":true,"href":"https:\/\/rmcfinland.fi\/fi\/wp-json\/wp\/v2\/users\/2"}],"replies":[{"embeddable":true,"href":"https:\/\/rmcfinland.fi\/fi\/wp-json\/wp\/v2\/comments?post=3590"}],"version-history":[{"count":12,"href":"https:\/\/rmcfinland.fi\/fi\/wp-json\/wp\/v2\/pages\/3590\/revisions"}],"predecessor-version":[{"id":3784,"href":"https:\/\/rmcfinland.fi\/fi\/wp-json\/wp\/v2\/pages\/3590\/revisions\/3784"}],"wp:attachment":[{"href":"https:\/\/rmcfinland.fi\/fi\/wp-json\/wp\/v2\/media?parent=3590"}],"curies":[{"name":"wp","href":"https:\/\/api.w.org\/{rel}","templated":true}]}}