{"id":3519,"date":"2026-02-11T11:18:29","date_gmt":"2026-02-11T09:18:29","guid":{"rendered":"https:\/\/rmcfinland.fi\/?page_id=3519"},"modified":"2026-03-03T12:26:49","modified_gmt":"2026-03-03T10:26:49","slug":"ura-meilla","status":"publish","type":"page","link":"https:\/\/rmcfinland.fi\/fi\/ura-meilla\/","title":{"rendered":"Ura meill\u00e4"},"content":{"rendered":"\n<h2 class=\"wp-block-heading has-text-align-left\"><strong>Suomi on k\u00e4yt\u00e4nn\u00f6ss\u00e4 <\/strong>saari.<\/h2>\n\n\n\n<div style=\"height:2em\" aria-hidden=\"true\" class=\"wp-block-spacer\"><\/div>\n\n\n\n<p class=\"has-poppins-font-family\" style=\"font-size:clamp(0.929em, 0.929rem + ((1vw - 0.2em) * 0.673), 1.4em);font-style:normal;font-weight:400;line-height:1.6\">Suomen tuonnista ja viennist\u00e4 yli 95% kulkee meritse. Ilman laivoja Suomi pys\u00e4htyy. Ilman j\u00e4\u00e4nmurtajia v\u00e4yl\u00e4t sulkeutuvat. Ilman puolustuskyky\u00e4 merellinen turvallisuutemme on uhattuna.<\/p>\n\n\n\n<p class=\"has-text-align-left\">Me olemme kansakuntana riippuvaisia merenk\u00e4ynnist\u00e4. Me olemme riippuvaisia merest\u00e4. Siksi me Raumalla rakennamme laivoja ja ennen kaikkea kehit\u00e4mme laivanrakentamisen osaamista. Ilman t\u00e4t\u00e4 olennaisinta komponenttia, maailmanluokan osaamista, emme yksinkertaisesti p\u00e4rj\u00e4\u00e4.<\/p>\n\n\n\n<p class=\"has-text-align-left\">N\u00e4in ollen me emme ainoastaan tee laivoja \u2014 me teemme laivanrakentajia. Ihmisi\u00e4, jotka yhdist\u00e4v\u00e4t vuosisatojen perinn\u00f6n, nykyaikaisimman teknologian ja rohkeuden ratkaista ongelmia, joihin ei ole valmiita vastauksia. T\u00e4h\u00e4n me tarvitsemme alan parhaat osaajat. Onko sinun aikasi liitty\u00e4 edell\u00e4k\u00e4vij\u00f6iden joukkoon?<\/p>\n\n\n\n<div style=\"height:4em\" aria-hidden=\"true\" class=\"wp-block-spacer\"><\/div>\n\n\n\n<div class=\"wp-block-columns alignwide is-layout-flex wp-container-core-columns-is-layout-28f84493 wp-block-columns-is-layout-flex\">\n<div class=\"wp-block-column is-layout-flow wp-block-column-is-layout-flow\">\n<p class=\"has-text-align-center has-small-font-size\"><\/p>\n<\/div>\n\n\n\n<div class=\"wp-block-column is-layout-flow wp-block-column-is-layout-flow\">\n<h2 class=\"wp-block-heading has-text-align-center has-medium-font-size\">6<\/h2>\n\n\n\n<p class=\"has-text-align-center has-small-font-size\">alusta rakennettavana<\/p>\n<\/div>\n\n\n\n<div class=\"wp-block-column is-layout-flow wp-block-column-is-layout-flow\">\n<h2 class=\"wp-block-heading has-text-align-center has-medium-font-size\">360<\/h2>\n\n\n\n<p class=\"has-text-align-center has-small-font-size\">omaa asiantuntijaa<\/p>\n<\/div>\n\n\n\n<div class=\"wp-block-column is-layout-flow wp-block-column-is-layout-flow\">\n<h2 class=\"wp-block-heading has-text-align-center has-medium-font-size\">20+<\/h2>\n\n\n\n<p class=\"has-text-align-center has-small-font-size\">verkostokumppania<\/p>\n<\/div>\n\n\n\n<div class=\"wp-block-column is-layout-flow wp-block-column-is-layout-flow\">\n<h2 class=\"wp-block-heading has-text-align-center has-medium-font-size\">100%<\/h2>\n\n\n\n<p class=\"has-text-align-center has-small-font-size\">kotimainen omistus<\/p>\n<\/div>\n\n\n\n<div class=\"wp-block-column is-layout-flow wp-block-column-is-layout-flow\"><\/div>\n<\/div>\n\n\n\n<div style=\"height:64px\" aria-hidden=\"true\" class=\"wp-block-spacer\"><\/div>\n\n\n\n<div class=\"wp-block-cover alignwide is-light\" style=\"padding-top:var(--wp--preset--spacing--70);padding-bottom:var(--wp--preset--spacing--70)\"><span aria-hidden=\"true\" class=\"wp-block-cover__background has-background-dim-100 has-background-dim\" style=\"background-color:#f8f9fa\"><\/span><div class=\"wp-block-cover__inner-container is-layout-constrained wp-block-cover-is-layout-constrained\">\n<h2 class=\"wp-block-heading has-poppins-font-family\" style=\"font-size:clamp(1.039em, 1.039rem + ((1vw - 0.2em) * 0.801), 1.6em);font-style:normal;font-weight:700;letter-spacing:2px;text-transform:uppercase\">Viimeisimm\u00e4t avautuneet ty\u00f6paikat<\/h2>\n\n\n\n<div style=\"height:1em\" aria-hidden=\"true\" class=\"wp-block-spacer\"><\/div>\n\n\n\n<div id=\"talentadore-block_c3e6a6ceace0264c078f189f9a759b85\" class=\"talentadore-block aligncenter\">\n\t\t\n\t\n\t\t<div class=\"talentadore-block__content\" data-lang=\"fi\">\n\n\t\t\t\n\t\t\t<div class=\"talentadore-block__content__links\">\n\t\t\t\t\t\t\t\t\t\n\t<div class=\"talentadore-link\">\n\t\t<div class=\"talentadore-link__content\">\n\n\t\t\t<div class=\"heading\">\n\t\t\t\t\t\t\t\t\t<p class=\"hyphenate\">Asiantuntija, Kyberturvallisuus<\/p>\n\t\t\t\t\t\t\t<\/div><!-- .heading -->\n\n\t\t\t<div class=\"text\">\n\t\t\t\n\t\t\t\t<div class=\"content\">\n\t\t\t\t\t\t\t\t\t\t\t<p class=\"hyphenate\">Haemme organisaatioomme uuteen teht\u00e4v\u00e4\u00e4n Kyberturvallisuuden asiantuntijaa. Ty\u00f6 painottuu asiakkaalle rakennettavien laivojen kyberturvallisuuden suunnitteluun ja kehitykseen, mutta teht\u00e4v\u00e4ss\u00e4 p\u00e4\u00e4set osallistumaan my\u00f6s organisaation kyberturvallisuus-infran kehitt\u00e4miseen. Teht\u00e4v\u00e4 sijoittuu RMC:n teknologia toimintoihin R&amp;D osastolle.Teht\u00e4v\u00e4ss\u00e4 vastaat kyberturvallisuuden osalta rakennettavien laivojen kyberturvallisuuden suunnittelusta ja rakennusprosessin kuvauksesta. Ty\u00f6 sis\u00e4lt\u00e4\u00e4 kustannusten m\u00e4\u00e4rittely\u00e4, kuvantamista sek\u00e4 dokumentaation hallintaa laivan eri&hellip;<\/p>\n\t\t\t\t\t\t\t\t\t<\/div><!-- .content -->\n\n\t\t\t\t<div class=\"bottom\">\n\t\t\t\t\t<div class=\"date\">\n\t\t\t\t\t\t<p>Hakuaika: 14.4.2026 &#8211; <\/p>\n\t\t\t\t\t<\/div><!-- .date -->\n\n\t\t\t\t\t<div class=\"link\">\n\t\t\t\t\t\t<a href=\"https:\/\/ats.talentadore.com\/apply\/asiantuntija-kyberturvallisuus\/ZqJLW2\" target=\"_blank\" rel=\"noopener\">\n\t\t\t\t\t\t\t<span>N\u00e4yt\u00e4 tiedot<\/span>\n\t\t\t\t\t\t\t<svg data-name=\"Layer 1\" xmlns=\"http:\/\/www.w3.org\/2000\/svg\" viewBox=\"0 0 143.9 71.6\"><path d=\"M103.688 4.03c-2.397 2.202-4.366 4.112-4.377 4.243-.011.132 4.647 4.907 10.352 10.613l10.372 10.374H0V42.451h120.035l-10.5 10.501-10.499 10.501 4.344 3.949c2.389 2.171 4.47 3.977 4.624 4.013.154.035 8.294-7.952 18.088-17.749L143.9 35.854 125.972 17.94 108.045.026l-4.357 4.004\" fill-rule=\"evenodd\"\/><\/svg>\t\t\t\t\t\t<\/a>\n\t\t\t\t\t<\/div><!-- .link -->\n\t\t\t\t<\/div><!-- .bottom -->\n\t\t\t<\/div><!-- .text -->\n\n\t\t<\/div><!-- .talentadore-link__content -->\n\t<\/div><!-- .talentadore-link -->\n\n\t\t\t\t\t\t\t\t\t\t\n\t<div class=\"talentadore-link\">\n\t\t<div class=\"talentadore-link__content\">\n\n\t\t\t<div class=\"heading\">\n\t\t\t\t\t\t\t\t\t<p class=\"hyphenate\">Project Controller<\/p>\n\t\t\t\t\t\t\t<\/div><!-- .heading -->\n\n\t\t\t<div class=\"text\">\n\t\t\t\n\t\t\t\t<div class=\"content\">\n\t\t\t\t\t\t\t\t\t\t\t<p class=\"hyphenate\">Etsimme organisointikykyist\u00e4 ja analyyttist\u00e4 Projekti-controlleria tukemaan projektien taloudellista suunnittelua, seurantaa ja ohjausta. T\u00e4ss\u00e4 roolissa vastaat projektien talouden kokonaisvaltaisesta hallinnasta ja toimit tiiviiss\u00e4 yhteisty\u00f6ss\u00e4 projektip\u00e4\u00e4llik\u00f6iden, taloustiimin ja muun organisaation kanssa. Saat mahdollisuuden kehitt\u00e4\u00e4 projektiraportointia ja rakentaa entist\u00e4 tarkempaa talouden ennustettavuutta.Keskeiset teht\u00e4v\u00e4t:Projektien taloussuunnittelu, budjetointi ja kustannusennusteetProjektien taloudellisen toteuman seuranta ja analysointiProjektiraportit projektip\u00e4\u00e4llik\u00f6lle&hellip;<\/p>\n\t\t\t\t\t\t\t\t\t<\/div><!-- .content -->\n\n\t\t\t\t<div class=\"bottom\">\n\t\t\t\t\t<div class=\"date\">\n\t\t\t\t\t\t<p>Hakuaika: 13.4.2026 &#8211; 30.4.2026<\/p>\n\t\t\t\t\t<\/div><!-- .date -->\n\n\t\t\t\t\t<div class=\"link\">\n\t\t\t\t\t\t<a href=\"https:\/\/ats.talentadore.com\/apply\/project-controller\/m23lMo\" target=\"_blank\" rel=\"noopener\">\n\t\t\t\t\t\t\t<span>N\u00e4yt\u00e4 tiedot<\/span>\n\t\t\t\t\t\t\t<svg data-name=\"Layer 1\" xmlns=\"http:\/\/www.w3.org\/2000\/svg\" viewBox=\"0 0 143.9 71.6\"><path d=\"M103.688 4.03c-2.397 2.202-4.366 4.112-4.377 4.243-.011.132 4.647 4.907 10.352 10.613l10.372 10.374H0V42.451h120.035l-10.5 10.501-10.499 10.501 4.344 3.949c2.389 2.171 4.47 3.977 4.624 4.013.154.035 8.294-7.952 18.088-17.749L143.9 35.854 125.972 17.94 108.045.026l-4.357 4.004\" fill-rule=\"evenodd\"\/><\/svg>\t\t\t\t\t\t<\/a>\n\t\t\t\t\t<\/div><!-- .link -->\n\t\t\t\t<\/div><!-- .bottom -->\n\t\t\t<\/div><!-- .text -->\n\n\t\t<\/div><!-- .talentadore-link__content -->\n\t<\/div><!-- .talentadore-link -->\n\n\t\t\t\t\t\t\t\t\t\t\n\t<div class=\"talentadore-link\">\n\t\t<div class=\"talentadore-link__content\">\n\n\t\t\t<div class=\"heading\">\n\t\t\t\t\t\t\t\t\t<p class=\"hyphenate\">S\u00e4hk\u00f6\/automaatio insin\u00f6\u00f6ri, SRtP<\/p>\n\t\t\t\t\t\t\t<\/div><!-- .heading -->\n\n\t\t\t<div class=\"text\">\n\t\t\t\n\t\t\t\t<div class=\"content\">\n\t\t\t\t\t\t\t\t\t\t\t<p class=\"hyphenate\">Toimit teht\u00e4v\u00e4ss\u00e4si SRtP vaatimusten (Safe Return to Port) &#8211; asiantuntijana s\u00e4hk\u00f6 ja automaatio- osastolla osana RMC:n muuta suunnittelutiimi\u00e4. Teht\u00e4v\u00e4ss\u00e4 vastaat SRtP:n vaatimusten mukaisen suunnittelun toteutumisen s\u00e4hk\u00f6 ja automaatioj\u00e4rjestelmien osalta. Teht\u00e4v\u00e4 on uusi eik\u00e4 sis\u00e4ll\u00e4 esihenkil\u00f6vastuuta.Teht\u00e4v\u00e4ss\u00e4 menestyminen edellytt\u00e4\u00e4 soveltuvaa teknist\u00e4 koulutusta (insin\u00f6\u00f6ri tai DI), sek\u00e4 aikaisempaa kokemusta s\u00e4hk\u00f6 ja automaatiosuunnitelusta. Ymm\u00e4rrys&hellip;<\/p>\n\t\t\t\t\t\t\t\t\t<\/div><!-- .content -->\n\n\t\t\t\t<div class=\"bottom\">\n\t\t\t\t\t<div class=\"date\">\n\t\t\t\t\t\t<p>Hakuaika: 14.4.2026 &#8211; <\/p>\n\t\t\t\t\t<\/div><!-- .date -->\n\n\t\t\t\t\t<div class=\"link\">\n\t\t\t\t\t\t<a href=\"https:\/\/ats.talentadore.com\/apply\/sahko-automaatio-insinoori-srtp\/ZQXW6l\" target=\"_blank\" rel=\"noopener\">\n\t\t\t\t\t\t\t<span>N\u00e4yt\u00e4 tiedot<\/span>\n\t\t\t\t\t\t\t<svg data-name=\"Layer 1\" xmlns=\"http:\/\/www.w3.org\/2000\/svg\" viewBox=\"0 0 143.9 71.6\"><path d=\"M103.688 4.03c-2.397 2.202-4.366 4.112-4.377 4.243-.011.132 4.647 4.907 10.352 10.613l10.372 10.374H0V42.451h120.035l-10.5 10.501-10.499 10.501 4.344 3.949c2.389 2.171 4.47 3.977 4.624 4.013.154.035 8.294-7.952 18.088-17.749L143.9 35.854 125.972 17.94 108.045.026l-4.357 4.004\" fill-rule=\"evenodd\"\/><\/svg>\t\t\t\t\t\t<\/a>\n\t\t\t\t\t<\/div><!-- .link -->\n\t\t\t\t<\/div><!-- .bottom -->\n\t\t\t<\/div><!-- .text -->\n\n\t\t<\/div><!-- .talentadore-link__content -->\n\t<\/div><!-- .talentadore-link -->\n\n\t\t\t\t\t\t\t\t<\/div><!-- .talentadore-block__content__links -->\n\n\t\t\t<div class=\"talentadore-block__content__appendix\">\n\t\t\t<\/div><!-- .talentadore-block__content__appendix -->\n\t\t<\/div><!-- .talentadore-block__content -->\n\t\n\t<\/div>\n\n\n\n<div style=\"height:1em\" aria-hidden=\"true\" class=\"wp-block-spacer\"><\/div>\n\n\n\n<div class=\"wp-block-columns is-layout-flex wp-container-core-columns-is-layout-28f84493 wp-block-columns-is-layout-flex\">\n<div class=\"wp-block-column is-layout-flow wp-block-column-is-layout-flow\" style=\"flex-basis:66.66%\">\n<h6 class=\"wp-block-heading\">Kaikki avoimet ty\u00f6paikat<\/h6>\n<\/div>\n\n\n\n<div class=\"wp-block-column is-layout-flow wp-block-column-is-layout-flow\" style=\"flex-basis:33.33%\">\n<div class=\"wp-block-buttons is-layout-flex wp-block-buttons-is-layout-flex\">\n<div class=\"wp-block-button\"><a class=\"wp-block-button__link wp-element-button\" href=\"https:\/\/rmcfinland.fi\/fi\/avoimet-tyopaikat\/\">Katso tiedot<\/a><\/div>\n<\/div>\n<\/div>\n<\/div>\n<\/div><\/div>\n\n\n\n<div style=\"height:5em\" aria-hidden=\"true\" class=\"wp-block-spacer\"><\/div>\n\n\n\n<div class=\"wp-block-cover alignfull has-parallax\" style=\"min-height:1000px;aspect-ratio:unset;\"><div class=\"wp-block-cover__image-background wp-image-3580 has-parallax\" style=\"background-position:50% 50%;background-image:url(https:\/\/rmcfinland.fi\/wp-content\/uploads\/2026\/02\/virallinen-aalto-16-9-1024x576.jpg)\"><\/div><span aria-hidden=\"true\" class=\"wp-block-cover__background has-background-dim\"><\/span><div class=\"wp-block-cover__inner-container is-layout-flow wp-block-cover-is-layout-flow\">\n<div class=\"wp-block-columns alignfull is-layout-flex wp-container-core-columns-is-layout-28f84493 wp-block-columns-is-layout-flex\">\n<div class=\"wp-block-column is-layout-flow wp-block-column-is-layout-flow\" style=\"flex-basis:15%\"><\/div>\n\n\n\n<div class=\"wp-block-column is-layout-flow wp-block-column-is-layout-flow\" style=\"flex-basis:30%\">\n<h2 class=\"wp-block-heading\"><strong>Sea. That&#8217;s why.<\/strong><\/h2>\n\n\n\n<p style=\"font-size:14px;line-height:1.8\">Joka p\u00e4iv\u00e4 RMC:n ammattilaiset ty\u00f6skentelev\u00e4t projektien parissa, jotka vaikuttavat suoraan siihen, miten ihmiset ja tavarat liikkuvat, miten turvallisuus ja huoltovarmuus taataan sek\u00e4 miten meri pidet\u00e4\u00e4n puhtaana my\u00f6s tuleville sukupolville. Tulevaisuuden s\u00e4hk\u00f6isten alusten suunnittelusta arktiseen huippuosaamiseen ja modernin puolustuskyvyn rakentamiseen \u2013 ratkaisemme ongelmia, joilla on konkreettinen merkitys maallemme ja merillemme.<\/p>\n<\/div>\n\n\n\n<div class=\"wp-block-column is-layout-flow wp-block-column-is-layout-flow\" style=\"flex-basis:40%\"><\/div>\n\n\n\n<div class=\"wp-block-column is-layout-flow wp-block-column-is-layout-flow\" style=\"flex-basis:15%\"><\/div>\n<\/div>\n<\/div><\/div>\n\n\n\n<div class=\"wp-block-cover alignfull has-parallax\" style=\"min-height:1000px;aspect-ratio:unset;\"><div class=\"wp-block-cover__image-background wp-image-1517 size-full has-parallax\" style=\"background-position:50% 50%;background-image:url(https:\/\/rmcfinland.fi\/wp-content\/uploads\/2025\/05\/wasaline-aurora-botnia.jpg)\"><\/div><span aria-hidden=\"true\" class=\"wp-block-cover__background has-background-dim\" style=\"background-color:#474449\"><\/span><div class=\"wp-block-cover__inner-container is-layout-flow wp-block-cover-is-layout-flow\">\n<div class=\"wp-block-columns alignfull is-layout-flex wp-container-core-columns-is-layout-28f84493 wp-block-columns-is-layout-flex\">\n<div class=\"wp-block-column is-layout-flow wp-block-column-is-layout-flow\" style=\"flex-basis:15%\"><\/div>\n\n\n\n<div class=\"wp-block-column is-layout-flow wp-block-column-is-layout-flow\" style=\"flex-basis:40%\"><\/div>\n\n\n\n<div class=\"wp-block-column is-layout-flow wp-block-column-is-layout-flow\" style=\"flex-basis:30%\">\n<h2 class=\"wp-block-heading\"><strong>Yhdist\u00e4 ihmiset<\/strong><br><strong>ja maailmat.<\/strong><\/h2>\n\n\n\n<p style=\"font-size:14px;line-height:1.8\">Suunnittele ja rakenna seuraavan sukupolven matkustaja-autolauttoja, jotka kuljettavat ihmisi\u00e4 ja el\u00e4m\u00e4\u00e4 maailman merill\u00e4 \u2013 niin Bassinsalmessa kuin Merenkurkussa. Aurora Botnia on maailman ensimm\u00e4inen Clean Design -luokan matkustajalautta ja on pohjoisin jatkuvassa liikenteess\u00e4 oleva LNG-alus. Spirit of Tasmania kulkee maailman etel\u00e4isimmill\u00e4 LNG-reiteill\u00e4. Me olemme toimittaneet siis aluksia maapallon \u00e4\u00e4rip\u00e4ihin ja kaikkialle niiden v\u00e4lill\u00e4. Sinun k\u00e4siss\u00e4si syntyy tulevaisuuden s\u00e4hk\u00f6inen alus, joka ei en\u00e4\u00e4 j\u00e4t\u00e4 j\u00e4lke\u00e4k\u00e4\u00e4n rakkaaseen mereemme.<\/p>\n<\/div>\n\n\n\n<div class=\"wp-block-column is-layout-flow wp-block-column-is-layout-flow\" style=\"flex-basis:15%\"><\/div>\n<\/div>\n<\/div><\/div>\n\n\n\n<div class=\"wp-block-cover alignfull has-parallax\" style=\"min-height:1000px;aspect-ratio:unset;\"><div class=\"wp-block-cover__image-background wp-image-2831 size-large has-parallax\" style=\"background-position:50% 50%;background-image:url(https:\/\/rmcfinland.fi\/wp-content\/uploads\/2025\/05\/Agulhas-II-Sea-Air-Space-1024x523.jpg)\"><\/div><span aria-hidden=\"true\" class=\"wp-block-cover__background has-darkgray-background-color has-background-dim\"><\/span><div class=\"wp-block-cover__inner-container is-layout-flow wp-block-cover-is-layout-flow\">\n<div class=\"wp-block-columns alignfull is-layout-flex wp-container-core-columns-is-layout-28f84493 wp-block-columns-is-layout-flex\">\n<div class=\"wp-block-column is-layout-flow wp-block-column-is-layout-flow\" style=\"flex-basis:15%\"><\/div>\n\n\n\n<div class=\"wp-block-column is-layout-flow wp-block-column-is-layout-flow\" style=\"flex-basis:30%\">\n<h2 class=\"wp-block-heading\"><strong><strong>Avaa j\u00e4\u00e4tyneet meriv\u00e4yl\u00e4t<\/strong><\/strong><\/h2>\n\n\n\n<p style=\"font-size:14px;line-height:1.8\">80 prosenttia maailman j\u00e4\u00e4nmurtajista on suunniteltu Suomessa. 60 prosenttia on rakennettu t\u00e4\u00e4ll\u00e4. Ole mukana rakentamassa uuden sukupolven j\u00e4\u00e4nmurtajia, jotka pit\u00e4v\u00e4t Suomen ja maailman meritiet auki \u2013 v\u00e4h\u00e4p\u00e4\u00e4st\u00f6isemmin kuin koskaan aiemmin. T\u00e4m\u00e4 on arktista osaamista, jota mik\u00e4\u00e4n muu maa ei voi korvata ja jonka yll\u00e4pit\u00e4misest\u00e4 meid\u00e4n tulee yhdess\u00e4 huolehtia.<\/p>\n<\/div>\n\n\n\n<div class=\"wp-block-column is-layout-flow wp-block-column-is-layout-flow\" style=\"flex-basis:40%\"><\/div>\n\n\n\n<div class=\"wp-block-column is-layout-flow wp-block-column-is-layout-flow\" style=\"flex-basis:15%\"><\/div>\n<\/div>\n<\/div><\/div>\n\n\n\n<div class=\"wp-block-cover alignfull has-parallax\" style=\"min-height:1000px;aspect-ratio:unset;\"><div class=\"wp-block-cover__image-background wp-image-3134 size-full has-parallax\" style=\"background-position:50% 50%;background-image:url(https:\/\/rmcfinland.fi\/wp-content\/uploads\/2025\/08\/pohjanmaa_jaissa.jpg)\"><\/div><span aria-hidden=\"true\" class=\"wp-block-cover__background has-darkgray-background-color has-background-dim\"><\/span><div class=\"wp-block-cover__inner-container is-layout-flow wp-block-cover-is-layout-flow\">\n<div class=\"wp-block-columns alignfull is-layout-flex wp-container-core-columns-is-layout-28f84493 wp-block-columns-is-layout-flex\">\n<div class=\"wp-block-column is-layout-flow wp-block-column-is-layout-flow\" style=\"flex-basis:15%\"><\/div>\n\n\n\n<div class=\"wp-block-column is-layout-flow wp-block-column-is-layout-flow\" style=\"flex-basis:40%\"><\/div>\n\n\n\n<div class=\"wp-block-column is-layout-flow wp-block-column-is-layout-flow\" style=\"flex-basis:30%\">\n<h2 class=\"wp-block-heading\"><strong>Varjele Suomen turvallisuutta.<\/strong><\/h2>\n\n\n\n<p style=\"font-size:14px;line-height:1.8\">Suomen meripuolustus on kautta historian nojannut raumalaiseen osaamiseen. Tule rakentamaan Laivue 2020 -monitoimikorvetteja \u2013 aluksia, jotka kykenev\u00e4t pinta- ja sukellusveneiden torjuntaan, ilmapuolustukseen ja monipuolisiin merioperaatioihin. T\u00e4\u00e4ll\u00e4 sinun ty\u00f6ll\u00e4si on suora yhteys kansalliseen ja kansainv\u00e4liseen turvallisuuteen.<\/p>\n<\/div>\n\n\n\n<div class=\"wp-block-column is-layout-flow wp-block-column-is-layout-flow\" style=\"flex-basis:15%\"><\/div>\n<\/div>\n<\/div><\/div>\n\n\n\n<div class=\"wp-block-cover alignfull has-parallax\" style=\"min-height:1000px;aspect-ratio:unset;\"><div class=\"wp-block-cover__image-background wp-image-3578 size-large has-parallax\" style=\"background-position:50% 50%;background-image:url(https:\/\/rmcfinland.fi\/wp-content\/uploads\/2025\/05\/Fennica-1024x683.jpg)\"><\/div><span aria-hidden=\"true\" class=\"wp-block-cover__background has-darkgray-background-color has-background-dim-60 has-background-dim\"><\/span><div class=\"wp-block-cover__inner-container is-layout-flow wp-block-cover-is-layout-flow\">\n<div class=\"wp-block-columns alignfull is-layout-flex wp-container-core-columns-is-layout-28f84493 wp-block-columns-is-layout-flex\">\n<div class=\"wp-block-column is-layout-flow wp-block-column-is-layout-flow\" style=\"flex-basis:15%\"><\/div>\n\n\n\n<div class=\"wp-block-column is-layout-flow wp-block-column-is-layout-flow\" style=\"flex-basis:30%\">\n<h2 class=\"wp-block-heading\"><strong><strong>Pid\u00e4 laivasto merell\u00e4<\/strong><\/strong><\/h2>\n\n\n\n<p style=\"font-size:14px;line-height:1.8\">Laiva ei ole valmis tuote \u2013 se on vuosikymmenten kumppanuus. Huolla ja kehit\u00e4 monitoimimurtajia, korvetteja ja matkustajalauttoja It\u00e4meren suurimmassa telakka-altaassa. Tunne jokainen osa aluksissa, jotka sin\u00e4 tai kollegasi olette rakentaneet. Elinkaaripalveluissa yhdistyv\u00e4t syv\u00e4 laiva-asiantuntijuus ja verkostoyhteisty\u00f6n paras osaaminen.<\/p>\n<\/div>\n\n\n\n<div class=\"wp-block-column is-layout-flow wp-block-column-is-layout-flow\" style=\"flex-basis:40%\"><\/div>\n\n\n\n<div class=\"wp-block-column is-layout-flow wp-block-column-is-layout-flow\" style=\"flex-basis:15%\"><\/div>\n<\/div>\n<\/div><\/div>\n\n\n\n<div style=\"height:10em\" aria-hidden=\"true\" class=\"wp-block-spacer\"><\/div>\n\n\n\n<p><\/p>\n","protected":false},"excerpt":{"rendered":"<p>Suomi on k\u00e4yt\u00e4nn\u00f6ss\u00e4 saari. Me olemme kansakuntana riippuvaisia merenk\u00e4ynnist\u00e4. Me olemme riippuvaisia merest\u00e4. Siksi me Raumalla rakennamme laivoja ja ennen kaikkea kehit\u00e4mme laivanrakentamisen osaamista. Ilman t\u00e4t\u00e4 olennaisinta komponenttia, maailmanluokan osaamista, emme yksinkertaisesti p\u00e4rj\u00e4\u00e4. N\u00e4in ollen me emme ainoastaan tee laivoja \u2014 me teemme laivanrakentajia. Ihmisi\u00e4, jotka yhdist\u00e4v\u00e4t vuosisatojen perinn\u00f6n, nykyaikaisimman teknologian ja rohkeuden ratkaista ongelmia, [&hellip;]<\/p>\n","protected":false},"author":2,"featured_media":0,"parent":0,"menu_order":0,"comment_status":"closed","ping_status":"closed","template":"","meta":{"_acf_changed":false,"footnotes":""},"class_list":["post-3519","page","type-page","status-publish","hentry"],"acf":[],"_links":{"self":[{"href":"https:\/\/rmcfinland.fi\/fi\/wp-json\/wp\/v2\/pages\/3519","targetHints":{"allow":["GET"]}}],"collection":[{"href":"https:\/\/rmcfinland.fi\/fi\/wp-json\/wp\/v2\/pages"}],"about":[{"href":"https:\/\/rmcfinland.fi\/fi\/wp-json\/wp\/v2\/types\/page"}],"author":[{"embeddable":true,"href":"https:\/\/rmcfinland.fi\/fi\/wp-json\/wp\/v2\/users\/2"}],"replies":[{"embeddable":true,"href":"https:\/\/rmcfinland.fi\/fi\/wp-json\/wp\/v2\/comments?post=3519"}],"version-history":[{"count":54,"href":"https:\/\/rmcfinland.fi\/fi\/wp-json\/wp\/v2\/pages\/3519\/revisions"}],"predecessor-version":[{"id":3834,"href":"https:\/\/rmcfinland.fi\/fi\/wp-json\/wp\/v2\/pages\/3519\/revisions\/3834"}],"wp:attachment":[{"href":"https:\/\/rmcfinland.fi\/fi\/wp-json\/wp\/v2\/media?parent=3519"}],"curies":[{"name":"wp","href":"https:\/\/api.w.org\/{rel}","templated":true}]}}