{"id":3476,"date":"2026-01-28T16:52:30","date_gmt":"2026-01-28T14:52:30","guid":{"rendered":"https:\/\/rmcfinland.fi\/?page_id=3476"},"modified":"2026-01-28T16:52:53","modified_gmt":"2026-01-28T14:52:53","slug":"mediassa","status":"publish","type":"page","link":"https:\/\/rmcfinland.fi\/fi\/mediassa\/","title":{"rendered":"Mediassa"},"content":{"rendered":"\n<div id=\"highlights-block_7f094371b0a94e49e772d8576094ec1c\" class=\"highlights-block\">\n\n\t\n\t\t<div class=\"highlights-block__content\" data-show=\"all\"  data-lang=\"fi\">\n\n\t\t\t\n\t\t\t\t<div class=\"highlights-block__content__grid\">\n\n\t\t\t\t\t\t\t\t\t\t\t\n\t<div class=\"highlight-link\">\n\t\t<div class=\"highlight-link__content\">\n\n\t\t\t\t\t\t\t<span class=\"date\">12.2.2026<\/span>\n\t\t\t\n\t\t\t<div class=\"text\">\n\t\t\t\t<div class=\"media\">\n\t\t\t\t\t\t\t\t\t\t\t<p>Ruotuv\u00e4ki<\/p>\n\t\t\t\t\t\t\t\t\t<\/div><!-- .media -->\n\t\t\t\n\t\t\t\t\t\t\t\t\t<p class=\"heading hyphenate\">&#8221;T\u00e4m\u00e4 on meille erityisen poikkeuksellinen p\u00e4iv\u00e4&#8221; \u2013 Nelj\u00e4nnen Laivue 2020 -monitoimikorvetin rakennus aloitettiin t\u00e4n\u00e4\u00e4n<\/p>\n\t\t\t\t\t\t\t<\/div><!-- .text -->\n\n\t\t\t<div class=\"bottom\">\n\t\t\t\t<a href=\"https:\/\/ruotuvaki.fi\/-\/neljannen-laivue-2020-monitoimikorvetin-rakennus-aloitettiin-tanaan\" target=\"_blank\" rel=\"noopener\">\n\t\t\t\t\t<span>Lue uutinen<\/span>\n\t\t\t\t\t<svg data-name=\"Layer 1\" xmlns=\"http:\/\/www.w3.org\/2000\/svg\" viewBox=\"0 0 143.9 71.6\"><path d=\"M103.688 4.03c-2.397 2.202-4.366 4.112-4.377 4.243-.011.132 4.647 4.907 10.352 10.613l10.372 10.374H0V42.451h120.035l-10.5 10.501-10.499 10.501 4.344 3.949c2.389 2.171 4.47 3.977 4.624 4.013.154.035 8.294-7.952 18.088-17.749L143.9 35.854 125.972 17.94 108.045.026l-4.357 4.004\" fill-rule=\"evenodd\"\/><\/svg>\t\t\t\t<\/a>\n\n\t\t\t\t<p class=\"paywall\">Ilmainen lukea<\/p>\n\t\t\t<\/div><!-- .bottom -->\n\n\t\t<\/div><!-- .highlight-link__content -->\n\t<\/div><!-- .highlight-link -->\n\n\t\t\t\t\t\t\t\t\t\t\t\t\n\t<div class=\"highlight-link\">\n\t\t<div class=\"highlight-link__content\">\n\n\t\t\t\t\t\t\t<span class=\"date\">2.2.2026<\/span>\n\t\t\t\n\t\t\t<div class=\"text\">\n\t\t\t\t<div class=\"media\">\n\t\t\t\t\t\t\t\t\t\t\t<p>Kauppalehti<\/p>\n\t\t\t\t\t\t\t\t\t<\/div><!-- .media -->\n\t\t\t\n\t\t\t\t\t\t\t\t\t<p class=\"heading hyphenate\">Meriteollisuuden seuraava kilpailuetu rakennetaan s\u00e4hk\u00f6ll\u00e4<\/p>\n\t\t\t\t\t\t\t<\/div><!-- .text -->\n\n\t\t\t<div class=\"bottom\">\n\t\t\t\t<a href=\"https:\/\/www.kauppalehti.fi\/uutiset\/a\/23522c54-09c2-4316-b9c2-c4ab2243763f\" target=\"_blank\" rel=\"noopener\">\n\t\t\t\t\t<span>Lue uutinen<\/span>\n\t\t\t\t\t<svg data-name=\"Layer 1\" xmlns=\"http:\/\/www.w3.org\/2000\/svg\" viewBox=\"0 0 143.9 71.6\"><path d=\"M103.688 4.03c-2.397 2.202-4.366 4.112-4.377 4.243-.011.132 4.647 4.907 10.352 10.613l10.372 10.374H0V42.451h120.035l-10.5 10.501-10.499 10.501 4.344 3.949c2.389 2.171 4.47 3.977 4.624 4.013.154.035 8.294-7.952 18.088-17.749L143.9 35.854 125.972 17.94 108.045.026l-4.357 4.004\" fill-rule=\"evenodd\"\/><\/svg>\t\t\t\t<\/a>\n\n\t\t\t\t<p class=\"paywall\">Maksumuuri<\/p>\n\t\t\t<\/div><!-- .bottom -->\n\n\t\t<\/div><!-- .highlight-link__content -->\n\t<\/div><!-- .highlight-link -->\n\n\t\t\t\t\t\t\t\t\t\t\t\t\n\t<div class=\"highlight-link\">\n\t\t<div class=\"highlight-link__content\">\n\n\t\t\t\t\t\t\t<span class=\"date\">25.1.2026<\/span>\n\t\t\t\n\t\t\t<div class=\"text\">\n\t\t\t\t<div class=\"media\">\n\t\t\t\t\t\t\t\t\t\t\t<p>Tekniikka &amp; Talous<\/p>\n\t\t\t\t\t\t\t\t\t<\/div><!-- .media -->\n\t\t\t\n\t\t\t\t\t\t\t\t\t<p class=\"heading hyphenate\">Rauman telakka my\u00f6nt\u00e4\u00e4: USA:n j\u00e4\u00e4nmurtajien aikataulu on tiukka \u2013 Ratkaisu: 186\u202f\u00d7\u202f44\u202f\u00d7\u202f32 -metrinen halli<\/p>\n\t\t\t\t\t\t\t<\/div><!-- .text -->\n\n\t\t\t<div class=\"bottom\">\n\t\t\t\t<a href=\"https:\/\/www.tekniikkatalous.fi\/uutiset\/a\/3ac8c104-2908-4b70-8277-86abc531d2b0\" target=\"_blank\" rel=\"noopener\">\n\t\t\t\t\t<span>Lue uutinen<\/span>\n\t\t\t\t\t<svg data-name=\"Layer 1\" xmlns=\"http:\/\/www.w3.org\/2000\/svg\" viewBox=\"0 0 143.9 71.6\"><path d=\"M103.688 4.03c-2.397 2.202-4.366 4.112-4.377 4.243-.011.132 4.647 4.907 10.352 10.613l10.372 10.374H0V42.451h120.035l-10.5 10.501-10.499 10.501 4.344 3.949c2.389 2.171 4.47 3.977 4.624 4.013.154.035 8.294-7.952 18.088-17.749L143.9 35.854 125.972 17.94 108.045.026l-4.357 4.004\" fill-rule=\"evenodd\"\/><\/svg>\t\t\t\t<\/a>\n\n\t\t\t\t<p class=\"paywall\">Ilmainen lukea<\/p>\n\t\t\t<\/div><!-- .bottom -->\n\n\t\t<\/div><!-- .highlight-link__content -->\n\t<\/div><!-- .highlight-link -->\n\n\t\t\t\t\t\t\t\t\t\t\t\t\n\t<div class=\"highlight-link\">\n\t\t<div class=\"highlight-link__content\">\n\n\t\t\t\t\t\t\t<span class=\"date\">19.1.2026<\/span>\n\t\t\t\n\t\t\t<div class=\"text\">\n\t\t\t\t<div class=\"media\">\n\t\t\t\t\t\t\t\t\t\t\t<p>Reservil\u00e4inen<\/p>\n\t\t\t\t\t\t\t\t\t<\/div><!-- .media -->\n\t\t\t\n\t\t\t\t\t\t\t\t\t<p class=\"heading hyphenate\">Kaikki nelj\u00e4 Pohjanmaa-luokan korvettia jo tuotannossa<\/p>\n\t\t\t\t\t\t\t<\/div><!-- .text -->\n\n\t\t\t<div class=\"bottom\">\n\t\t\t\t<a href=\"https:\/\/reservilainen.fi\/kaikki-nelja-pohjanmaa-luokan-korvettia-jo-tuotannossa\/\" target=\"_blank\" rel=\"noopener\">\n\t\t\t\t\t<span>Lue uutinen<\/span>\n\t\t\t\t\t<svg data-name=\"Layer 1\" xmlns=\"http:\/\/www.w3.org\/2000\/svg\" viewBox=\"0 0 143.9 71.6\"><path d=\"M103.688 4.03c-2.397 2.202-4.366 4.112-4.377 4.243-.011.132 4.647 4.907 10.352 10.613l10.372 10.374H0V42.451h120.035l-10.5 10.501-10.499 10.501 4.344 3.949c2.389 2.171 4.47 3.977 4.624 4.013.154.035 8.294-7.952 18.088-17.749L143.9 35.854 125.972 17.94 108.045.026l-4.357 4.004\" fill-rule=\"evenodd\"\/><\/svg>\t\t\t\t<\/a>\n\n\t\t\t\t<p class=\"paywall\">Ilmainen lukea<\/p>\n\t\t\t<\/div><!-- .bottom -->\n\n\t\t<\/div><!-- .highlight-link__content -->\n\t<\/div><!-- .highlight-link -->\n\n\t\t\t\t\t\t\t\t\t\t\t\t\n\t<div class=\"highlight-link\">\n\t\t<div class=\"highlight-link__content\">\n\n\t\t\t\t\t\t\t<span class=\"date\">15.1.2026<\/span>\n\t\t\t\n\t\t\t<div class=\"text\">\n\t\t\t\t<div class=\"media\">\n\t\t\t\t\t\t\t\t\t\t\t<p>Navigator<\/p>\n\t\t\t\t\t\t\t\t\t<\/div><!-- .media -->\n\t\t\t\n\t\t\t\t\t\t\t\t\t<p class=\"heading hyphenate\">Pohjanmaa-luokan monitoimikorvetit tuotannossa<\/p>\n\t\t\t\t\t\t\t<\/div><!-- .text -->\n\n\t\t\t<div class=\"bottom\">\n\t\t\t\t<a href=\"https:\/\/navigatormagazine.fi\/uutiset\/rmc-pohjanmaa-luokan-monitoimikorvetit-tuotannossa\/\" target=\"_blank\" rel=\"noopener\">\n\t\t\t\t\t<span>Lue uutinen<\/span>\n\t\t\t\t\t<svg data-name=\"Layer 1\" xmlns=\"http:\/\/www.w3.org\/2000\/svg\" viewBox=\"0 0 143.9 71.6\"><path d=\"M103.688 4.03c-2.397 2.202-4.366 4.112-4.377 4.243-.011.132 4.647 4.907 10.352 10.613l10.372 10.374H0V42.451h120.035l-10.5 10.501-10.499 10.501 4.344 3.949c2.389 2.171 4.47 3.977 4.624 4.013.154.035 8.294-7.952 18.088-17.749L143.9 35.854 125.972 17.94 108.045.026l-4.357 4.004\" fill-rule=\"evenodd\"\/><\/svg>\t\t\t\t<\/a>\n\n\t\t\t\t<p class=\"paywall\">Ilmainen lukea<\/p>\n\t\t\t<\/div><!-- .bottom -->\n\n\t\t<\/div><!-- .highlight-link__content -->\n\t<\/div><!-- .highlight-link -->\n\n\t\t\t\t\t\t\t\t\t\t\t\t\n\t<div class=\"highlight-link\">\n\t\t<div class=\"highlight-link__content\">\n\n\t\t\t\t\t\t\t<span class=\"date\">14.1.2026<\/span>\n\t\t\t\n\t\t\t<div class=\"text\">\n\t\t\t\t<div class=\"media\">\n\t\t\t\t\t\t\t\t\t\t\t<p>Yle<\/p>\n\t\t\t\t\t\t\t\t\t<\/div><!-- .media -->\n\t\t\t\n\t\t\t\t\t\t\t\t\t<p class=\"heading hyphenate\">Rauman telakalla historiallinen tilanne: kaikki nelj\u00e4 Puolustus\u00advoimien sotalaivaa samaan aikaan tuotannossa<\/p>\n\t\t\t\t\t\t\t<\/div><!-- .text -->\n\n\t\t\t<div class=\"bottom\">\n\t\t\t\t<a href=\"https:\/\/yle.fi\/a\/74-20203956\" target=\"_blank\" rel=\"noopener\">\n\t\t\t\t\t<span>Lue uutinen<\/span>\n\t\t\t\t\t<svg data-name=\"Layer 1\" xmlns=\"http:\/\/www.w3.org\/2000\/svg\" viewBox=\"0 0 143.9 71.6\"><path d=\"M103.688 4.03c-2.397 2.202-4.366 4.112-4.377 4.243-.011.132 4.647 4.907 10.352 10.613l10.372 10.374H0V42.451h120.035l-10.5 10.501-10.499 10.501 4.344 3.949c2.389 2.171 4.47 3.977 4.624 4.013.154.035 8.294-7.952 18.088-17.749L143.9 35.854 125.972 17.94 108.045.026l-4.357 4.004\" fill-rule=\"evenodd\"\/><\/svg>\t\t\t\t<\/a>\n\n\t\t\t\t<p class=\"paywall\">Ilmainen lukea<\/p>\n\t\t\t<\/div><!-- .bottom -->\n\n\t\t<\/div><!-- .highlight-link__content -->\n\t<\/div><!-- .highlight-link -->\n\n\t\t\t\t\t\t\t\t\t\t\t\t\n\t<div class=\"highlight-link\">\n\t\t<div class=\"highlight-link__content\">\n\n\t\t\t\t\t\t\t<span class=\"date\">30.12.2025<\/span>\n\t\t\t\n\t\t\t<div class=\"text\">\n\t\t\t\t<div class=\"media\">\n\t\t\t\t\t\t\t\t\t\t\t<p>Yle<\/p>\n\t\t\t\t\t\t\t\t\t<\/div><!-- .media -->\n\t\t\t\n\t\t\t\t\t\t\t\t\t<p class=\"heading hyphenate\">It&#8217;s official: First two US icebreakers to be built in Rauma<\/p>\n\t\t\t\t\t\t\t<\/div><!-- .text -->\n\n\t\t\t<div class=\"bottom\">\n\t\t\t\t<a href=\"https:\/\/yle.fi\/a\/74-20201886\" target=\"_blank\" rel=\"noopener\">\n\t\t\t\t\t<span>Lue uutinen<\/span>\n\t\t\t\t\t<svg data-name=\"Layer 1\" xmlns=\"http:\/\/www.w3.org\/2000\/svg\" viewBox=\"0 0 143.9 71.6\"><path d=\"M103.688 4.03c-2.397 2.202-4.366 4.112-4.377 4.243-.011.132 4.647 4.907 10.352 10.613l10.372 10.374H0V42.451h120.035l-10.5 10.501-10.499 10.501 4.344 3.949c2.389 2.171 4.47 3.977 4.624 4.013.154.035 8.294-7.952 18.088-17.749L143.9 35.854 125.972 17.94 108.045.026l-4.357 4.004\" fill-rule=\"evenodd\"\/><\/svg>\t\t\t\t<\/a>\n\n\t\t\t\t<p class=\"paywall\">Ilmainen lukea<\/p>\n\t\t\t<\/div><!-- .bottom -->\n\n\t\t<\/div><!-- .highlight-link__content -->\n\t<\/div><!-- .highlight-link -->\n\n\t\t\t\t\t\t\t\t\t\t\t\t\n\t<div class=\"highlight-link\">\n\t\t<div class=\"highlight-link__content\">\n\n\t\t\t\t\t\t\t<span class=\"date\">18.12.2025<\/span>\n\t\t\t\n\t\t\t<div class=\"text\">\n\t\t\t\t<div class=\"media\">\n\t\t\t\t\t\t\t\t\t\t\t<p>YLE<\/p>\n\t\t\t\t\t\t\t\t\t<\/div><!-- .media -->\n\t\t\t\n\t\t\t\t\t\t\t\t\t<p class=\"heading hyphenate\">Laivaliikenne s\u00e4hk\u00f6istyy \u2013 Rauman telakka\u00adjohtaja: \u201dEmme halua antaa t\u00e4t\u00e4 kiinalaisten k\u00e4siin\u201d<\/p>\n\t\t\t\t\t\t\t<\/div><!-- .text -->\n\n\t\t\t<div class=\"bottom\">\n\t\t\t\t<a href=\"https:\/\/yle.fi\/a\/74-20198701?utm_source=social-media-share&#038;utm_medium=social&#038;utm_campaign=ylefiapp\" target=\"_blank\" rel=\"noopener\">\n\t\t\t\t\t<span>Lue uutinen<\/span>\n\t\t\t\t\t<svg data-name=\"Layer 1\" xmlns=\"http:\/\/www.w3.org\/2000\/svg\" viewBox=\"0 0 143.9 71.6\"><path d=\"M103.688 4.03c-2.397 2.202-4.366 4.112-4.377 4.243-.011.132 4.647 4.907 10.352 10.613l10.372 10.374H0V42.451h120.035l-10.5 10.501-10.499 10.501 4.344 3.949c2.389 2.171 4.47 3.977 4.624 4.013.154.035 8.294-7.952 18.088-17.749L143.9 35.854 125.972 17.94 108.045.026l-4.357 4.004\" fill-rule=\"evenodd\"\/><\/svg>\t\t\t\t<\/a>\n\n\t\t\t\t<p class=\"paywall\">Ilmainen lukea<\/p>\n\t\t\t<\/div><!-- .bottom -->\n\n\t\t<\/div><!-- .highlight-link__content -->\n\t<\/div><!-- .highlight-link -->\n\n\t\t\t\t\t\t\t\t\t\t<\/div><!-- .highlights-block__content__grid -->\n\n\t\t\t\t\t\t\t\t\t<div class=\"highlights-block__content__appendix\">\n\t\t\t\t\t<\/div><!-- .highlights-block__content__appendix -->\n\t\t\t\t\n\t\t\t\n\t\t\t\n\t\t<\/div><!-- .highlights-block__content -->\n\t\t\n\n\t\n\t\n\n<\/div>\n","protected":false},"excerpt":{"rendered":"","protected":false},"author":1,"featured_media":0,"parent":0,"menu_order":0,"comment_status":"closed","ping_status":"closed","template":"","meta":{"_acf_changed":false,"footnotes":""},"class_list":["post-3476","page","type-page","status-publish","hentry"],"acf":[],"_links":{"self":[{"href":"https:\/\/rmcfinland.fi\/fi\/wp-json\/wp\/v2\/pages\/3476","targetHints":{"allow":["GET"]}}],"collection":[{"href":"https:\/\/rmcfinland.fi\/fi\/wp-json\/wp\/v2\/pages"}],"about":[{"href":"https:\/\/rmcfinland.fi\/fi\/wp-json\/wp\/v2\/types\/page"}],"author":[{"embeddable":true,"href":"https:\/\/rmcfinland.fi\/fi\/wp-json\/wp\/v2\/users\/1"}],"replies":[{"embeddable":true,"href":"https:\/\/rmcfinland.fi\/fi\/wp-json\/wp\/v2\/comments?post=3476"}],"version-history":[{"count":2,"href":"https:\/\/rmcfinland.fi\/fi\/wp-json\/wp\/v2\/pages\/3476\/revisions"}],"predecessor-version":[{"id":3505,"href":"https:\/\/rmcfinland.fi\/fi\/wp-json\/wp\/v2\/pages\/3476\/revisions\/3505"}],"wp:attachment":[{"href":"https:\/\/rmcfinland.fi\/fi\/wp-json\/wp\/v2\/media?parent=3476"}],"curies":[{"name":"wp","href":"https:\/\/api.w.org\/{rel}","templated":true}]}}