{"id":2716,"date":"2025-05-19T11:36:03","date_gmt":"2025-05-19T08:36:03","guid":{"rendered":"https:\/\/rmcfinland.fi\/?page_id=2716"},"modified":"2026-03-31T09:39:41","modified_gmt":"2026-03-31T06:39:41","slug":"yhteystiedot","status":"publish","type":"page","link":"https:\/\/rmcfinland.fi\/fi\/yhteystiedot\/","title":{"rendered":"Yhteystiedot"},"content":{"rendered":"\n<div style=\"height:2em\" aria-hidden=\"true\" class=\"wp-block-spacer\"><\/div>\n\n\n\n<h3 class=\"wp-block-heading\">Rauma Marine Constructions Oy &#8211; Group<\/h3>\n\n\n\n<div style=\"height:2em\" aria-hidden=\"true\" class=\"wp-block-spacer\"><\/div>\n\n\n\n<p>Suojantie 5, 26100 Rauma, Finland<\/p>\n\n\n\n<p><a href=\"tel:+358306005400\">+358 30 600 5400<\/a><br><br><a href=\"https:\/\/rmcfinland.fi\/fi\/\">www.rmcfinland.fi<\/a><\/p>\n\n\n\n<div style=\"height:1em\" aria-hidden=\"true\" class=\"wp-block-spacer\"><\/div>\n\n\n\n<p>S\u00e4hk\u00f6postimme ovat muotoa: firstname.lastname@rmcfinland.fi<\/p>\n\n\n\n<p>Y-tunnus: 2613656-3<\/p>\n\n\n\n<div style=\"height:3em\" aria-hidden=\"true\" class=\"wp-block-spacer\"><\/div>\n\n\n\n<hr class=\"wp-block-separator has-alpha-channel-opacity\"\/>\n\n\n\n<div style=\"height:3em\" aria-hidden=\"true\" class=\"wp-block-spacer\"><\/div>\n\n\n\n<h3 class=\"wp-block-heading has-small-font-size\">Laskutus<\/h3>\n\n\n\n<div style=\"height:1em\" aria-hidden=\"true\" class=\"wp-block-spacer\"><\/div>\n\n\n\n<div class=\"wp-block-columns is-layout-flex wp-container-core-columns-is-layout-28f84493 wp-block-columns-is-layout-flex\">\n<div class=\"wp-block-column is-layout-flow wp-block-column-is-layout-flow\">\n<p><strong>Rauma Marine Constructions Oy<\/strong><\/p>\n\n\n\n<p>Verkkolasku:<br>OVT-Tunnus: 003726136563<br>Operaattori: Apix Messaging Oy<br>V\u00e4litt\u00e4j\u00e4tunnus: 003723327487<\/p>\n\n\n\n<p>Ostolaskujen skannauspalvelu:<br>pdfinvoicesRMC@rmcfinland.fi<\/p>\n\n\n\n<p>Paperilasku:<br>Rauma Marine Constructions Oy<br>(Apix skannauspalvelu)<br>PL 16112<br>00021 LASKUTUS<\/p>\n<\/div>\n\n\n\n<div class=\"wp-block-column is-layout-flow wp-block-column-is-layout-flow\">\n<p><strong>RMC Defence Oy<\/strong><\/p>\n\n\n\n<p>Verkkolasku:<br>OVT-Tunnus: 003729657954<br>Operaattori: Apix Messaging Oy<br>V\u00e4litt\u00e4j\u00e4tunnus: 003723327487<\/p>\n\n\n\n<p>Ostolaskujen skannauspalvelu: pdfinvoicesDefence@rmcfinland.fi<\/p>\n\n\n\n<p>Paperilasku:<br>RMC Defence Oy<br>(Apix skannauspalvelu)<br>PL 16112<br>00021 LASKUTUS<\/p>\n<\/div>\n<\/div>\n\n\n\n<div style=\"height:3em\" aria-hidden=\"true\" class=\"wp-block-spacer\"><\/div>\n\n\n\n<hr class=\"wp-block-separator has-alpha-channel-opacity\"\/>\n\n\n\n<div style=\"height:3em\" aria-hidden=\"true\" class=\"wp-block-spacer\"><\/div>\n\n\n\n<div class=\"wp-block-columns is-layout-flex wp-container-core-columns-is-layout-28f84493 wp-block-columns-is-layout-flex\">\n<div class=\"wp-block-column is-layout-flow wp-block-column-is-layout-flow\">\n<h3 class=\"wp-block-heading has-small-font-size\">Median yhteydenotot<\/h3>\n\n\n\n<p>Voit olla yhteydess\u00e4 media-asioissa tai kuva-asioissa viestint\u00e4p\u00e4\u00e4llikk\u00f6 Hanna-Kaisa Koskiseen.<br><br><a href=\"mailto:hanna-kaisa.koskinen@rmcfinland.fi\">hanna-kaisa.koskinen@rmcfinland.fi<\/a><br>or <a href=\"mailto:media@rmcfinland.fi\">media@rmcfinland.fi<\/a><\/p>\n<\/div>\n\n\n\n<div class=\"wp-block-column is-layout-flow wp-block-column-is-layout-flow\"><\/div>\n<\/div>\n\n\n\n<div style=\"height:0px\" aria-hidden=\"true\" class=\"wp-block-spacer\"><\/div>\n\n\n\n<div style=\"height:4em\" aria-hidden=\"true\" class=\"wp-block-spacer\"><\/div>\n","protected":false},"excerpt":{"rendered":"<p>Rauma Marine Constructions Oy &#8211; Group Suojantie 5, 26100 Rauma, Finland +358 30 600 5400 www.rmcfinland.fi S\u00e4hk\u00f6postimme ovat muotoa: firstname.lastname@rmcfinland.fi Y-tunnus: 2613656-3 Laskutus Rauma Marine Constructions Oy Verkkolasku:OVT-Tunnus: 003726136563Operaattori: Apix Messaging OyV\u00e4litt\u00e4j\u00e4tunnus: 003723327487 Ostolaskujen skannauspalvelu:pdfinvoicesRMC@rmcfinland.fi Paperilasku:Rauma Marine Constructions Oy(Apix skannauspalvelu)PL 1611200021 LASKUTUS RMC Defence Oy Verkkolasku:OVT-Tunnus: 003729657954Operaattori: Apix Messaging OyV\u00e4litt\u00e4j\u00e4tunnus: 003723327487 Ostolaskujen skannauspalvelu: pdfinvoicesDefence@rmcfinland.fi Paperilasku:RMC [&hellip;]<\/p>\n","protected":false},"author":1,"featured_media":0,"parent":0,"menu_order":0,"comment_status":"closed","ping_status":"closed","template":"","meta":{"_acf_changed":false,"footnotes":""},"class_list":["post-2716","page","type-page","status-publish","hentry"],"acf":[],"_links":{"self":[{"href":"https:\/\/rmcfinland.fi\/fi\/wp-json\/wp\/v2\/pages\/2716","targetHints":{"allow":["GET"]}}],"collection":[{"href":"https:\/\/rmcfinland.fi\/fi\/wp-json\/wp\/v2\/pages"}],"about":[{"href":"https:\/\/rmcfinland.fi\/fi\/wp-json\/wp\/v2\/types\/page"}],"author":[{"embeddable":true,"href":"https:\/\/rmcfinland.fi\/fi\/wp-json\/wp\/v2\/users\/1"}],"replies":[{"embeddable":true,"href":"https:\/\/rmcfinland.fi\/fi\/wp-json\/wp\/v2\/comments?post=2716"}],"version-history":[{"count":10,"href":"https:\/\/rmcfinland.fi\/fi\/wp-json\/wp\/v2\/pages\/2716\/revisions"}],"predecessor-version":[{"id":3861,"href":"https:\/\/rmcfinland.fi\/fi\/wp-json\/wp\/v2\/pages\/2716\/revisions\/3861"}],"wp:attachment":[{"href":"https:\/\/rmcfinland.fi\/fi\/wp-json\/wp\/v2\/media?parent=2716"}],"curies":[{"name":"wp","href":"https:\/\/api.w.org\/{rel}","templated":true}]}}