{"id":2614,"date":"2025-05-18T20:05:47","date_gmt":"2025-05-18T17:05:47","guid":{"rendered":"https:\/\/rmcfinland.fi\/privacy-policy\/"},"modified":"2025-05-18T20:14:08","modified_gmt":"2025-05-18T17:14:08","slug":"tietosuojaseloste","status":"publish","type":"page","link":"https:\/\/rmcfinland.fi\/fi\/tietosuojaseloste\/","title":{"rendered":"Tietosuojaseloste"},"content":{"rendered":"\n<h1 class=\"wp-block-heading\">Rekisteri- ja tietosuojaseloste<\/h1>\n\n\n\n<p>T\u00e4m\u00e4 on rmcfinland.fi (Rauma Marine Constructions Oy) sivuston EU:n yleisen tietosuoja-asetuksen (GDPR) mukainen rekisteri- ja tietosuojaseloste.<br>Laadittu 19.5.2025.<\/p>\n\n\n\n<h2 class=\"wp-block-heading has-small-font-size\" id=\"1-rekisterinpitaja\">1. Rekisterinpit\u00e4j\u00e4<\/h2>\n\n\n\n<p>Rauma Marine Constructions Oy (2613656-3)<br>Suojantie 5<br>26100 Rauma<\/p>\n\n\n\n<h2 class=\"wp-block-heading has-small-font-size\" id=\"2-rekisterista-vastaava-yhteyshenkilo\">2. Yhteystiedot<\/h2>\n\n\n\n<p><a href=\"tel:+358306005400\" data-type=\"tel\" data-id=\"tel:+358306005400\">+358 30 600 5400<\/a><br><a href=\"mailto:info@rmcfinland.fi\">info@rmcfinland.fi<\/a><\/p>\n\n\n\n<h2 class=\"wp-block-heading has-small-font-size\" id=\"3-rekisterin-nimi\">3. Rekisterin nimi<\/h2>\n\n\n\n<p>RMC Finland sivuston rekisteri<\/p>\n\n\n\n<h2 class=\"wp-block-heading has-small-font-size\" id=\"4-henkilotietojen-kasittelyn-tarkoitus\">4. Henkil\u00f6tietojen k\u00e4sittelyn tarkoitus<\/h2>\n\n\n\n<p>Henkil\u00f6n tietoja voidaan k\u00e4sitell\u00e4 seuraavia tarkoituksia varten:<\/p>\n\n\n\n<ul class=\"wp-block-list\">\n<li>Asiakassuhteen hoitaminen sek\u00e4 asiakasyhteydenpito<\/li>\n<\/ul>\n\n\n\n<h2 class=\"wp-block-heading has-small-font-size\" id=\"5-rekisterin-tietosisalto\">5.\u00a0Rekisterin tietosis\u00e4lt\u00f6<\/h2>\n\n\n\n<p>Sivuston kautta ker\u00e4tty tietosis\u00e4lt\u00f6 koostuu ev\u00e4steiden avulla teht\u00e4v\u00e4st\u00e4 seurannasta, sek\u00e4 yhteydenottolomakkeella l\u00e4hetetyist\u00e4 tiedoista. Katso kohdasta 7 ja 11 enemm\u00e4n tietoja.<\/p>\n\n\n\n<p><strong>Lomakkeiden kautta l\u00e4hetetyt tiedot voivat sis\u00e4lt\u00e4\u00e4:<\/strong><\/p>\n\n\n\n<ul class=\"wp-block-list\">\n<li>Yrityksen nimi<\/li>\n\n\n\n<li>Yhteyshenkil\u00f6n nimi<\/li>\n\n\n\n<li>Osoitetiedot<\/li>\n\n\n\n<li>S\u00e4hk\u00f6postiosoite<\/li>\n\n\n\n<li>Puhelinnumero<\/li>\n\n\n\n<li>Sek\u00e4 muita yritykseen liittyvi\u00e4 tietoja<\/li>\n<\/ul>\n\n\n\n<p>K\u00e4vij\u00e4seurannalla saadut tiedot sis\u00e4lt\u00e4v\u00e4t anonymisoitua demografista tietoa, josta sivuston vierailijaa ei voida yksil\u00f6id\u00e4.<\/p>\n\n\n\n<h2 class=\"wp-block-heading has-small-font-size\" id=\"6-henkilotietojen-sailytys\">6.\u00a0Henkil\u00f6tietojen s\u00e4ilytys<\/h2>\n\n\n\n<p>Henkil\u00f6tietoja ei tallenneta rmcfinland.fi sivuston tietokantaan, vaan niiden ker\u00e4\u00e4minen ja l\u00e4hett\u00e4minen rajoittuu yhteydenottolomakkeen vastaanottajaan.<\/p>\n\n\n\n<h2 class=\"wp-block-heading has-small-font-size\" id=\"7-saannonmukaiset-tietolahteet\">7.\u00a0S\u00e4\u00e4nn\u00f6nmukaiset tietol\u00e4hteet<\/h2>\n\n\n\n<p>K\u00e4vij\u00e4\u00e4 koskevat tiedot saadaan ensisijaisesti k\u00e4vij\u00e4lt\u00e4 itselt\u00e4\u00e4n. Lis\u00e4ksi saatamme saada tietoja seuraavista l\u00e4hteist\u00e4:<\/p>\n\n\n\n<ul class=\"wp-block-list\">\n<li>K\u00e4vij\u00e4lt\u00e4 itselt\u00e4\u00e4n, kun h\u00e4n vierailee sivustolla (katso kohdasta 11. tarkempi kuvaus)<\/li>\n\n\n\n<li>Sivusto sis\u00e4lt\u00e4\u00e4 kolmansien osapuolten (kumppanuuksien) ev\u00e4steit\u00e4, jotka ovat mittaus- ja seurantapalveluiden vuoksi sivustolla. Kolmannet osapuolet voivat asettaa ev\u00e4steit\u00e4 p\u00e4\u00e4telaitteellesi vieraillessasi sivustolla. Ev\u00e4steet ker\u00e4\u00e4v\u00e4t p\u00e4\u00e4asiassa teknist\u00e4 tietoa. Ev\u00e4steiden k\u00e4yt\u00f6st\u00e4 sivustolla on erillinen maininta, joka on k\u00e4ytt\u00e4j\u00e4n hyv\u00e4ksytt\u00e4viss\u00e4.<\/li>\n\n\n\n<li>Sivuston lomakkeella l\u00e4hetetyt tiedot. Lomaketietoja ei tallenneta tietokantoihin, vaan ne l\u00e4hetet\u00e4\u00e4n pelk\u00e4st\u00e4\u00e4n s\u00e4hk\u00f6postitse vastaanottajalle.<\/li>\n<\/ul>\n\n\n\n<p>Saat tarkempaa tietoja ev\u00e4steist\u00e4 ev\u00e4stek\u00e4yt\u00e4nn\u00f6st\u00e4mme.<\/p>\n\n\n\n<h2 class=\"wp-block-heading has-small-font-size\" id=\"8-tietojen-saannonmukaiset-luovutukset-ja-tietojen-siirto-eu-n-tai-eta-n-ulkopuolelle\">8.\u00a0Tietojen s\u00e4\u00e4nn\u00f6nmukaiset luovutukset ja tietojen siirto EU:n tai ETA:n ulkopuolelle<\/h2>\n\n\n\n<ul class=\"wp-block-list\">\n<li>Tietoja ei luovuteta s\u00e4\u00e4nn\u00f6nmukaisesti muille tahoille. Tietoja voidaan julkaista silt\u00e4 osin kuin niin on sovittu asiakkaan kanssa.<\/li>\n\n\n\n<li>Tietoja ei s\u00e4\u00e4nn\u00f6nmukaisesti siirret\u00e4 tai luovuteta EU:n tai Euroopan talousalueen ulkopuolelle, pois\u00a0lukien kohdassa 7 esitettyjen, mahdollisesti k\u00e4yt\u00f6ss\u00e4\u00a0olevien ulkopuolisten palveluiden ker\u00e4\u00e4m\u00e4 data.\u00a0<\/li>\n<\/ul>\n\n\n\n<h2 class=\"wp-block-heading has-small-font-size\" id=\"9-tarkastusoikeus-ja-oikeus-vaatia-tiedon-korjaamista\">9. Tarkastusoikeus ja oikeus vaatia tiedon korjaamista<\/h2>\n\n\n\n<p>Jokaisella rekisteriss\u00e4 olevalla henkil\u00f6ll\u00e4 on oikeus tarkistaa rekisteriin tallennetut tietonsa ja vaatia mahdollisen virheellisen tiedon korjaamista tai puutteellisen tiedon t\u00e4ydent\u00e4mist\u00e4. Mik\u00e4li henkil\u00f6 haluaa tarkistaa h\u00e4nest\u00e4 tallennetut tiedot tai vaatia niihin oikaisua, pyynt\u00f6 tulee\u00a0l\u00e4hett\u00e4\u00e4 kirjallisesti\u00a0rekisterinpit\u00e4j\u00e4lle. Rekisterinpit\u00e4j\u00e4 voi pyyt\u00e4\u00e4 tarvittaessa pyynn\u00f6n esitt\u00e4j\u00e4\u00e4 todistamaan henkil\u00f6llisyytens\u00e4. Rekisterinpit\u00e4j\u00e4 vastaa asiakkaalle EU:n tietosuoja-asetuksessa s\u00e4\u00e4detyss\u00e4 ajassa (p\u00e4\u00e4s\u00e4\u00e4nt\u00f6isesti kuukauden kuluessa).<\/p>\n\n\n\n<h2 class=\"wp-block-heading has-small-font-size\" id=\"10-rekisterin-suojauksen-periaatteet\">10.\u00a0Rekisterin suojauksen periaatteet<\/h2>\n\n\n\n<p>Sivuston lomakkeiden viestit l\u00e4hetet\u00e4\u00e4n suojatun yhteyden kautta. Lomakkeiden tietoja ei tallenneta sivuston tietokantaan, vaan ne l\u00e4hetet\u00e4\u00e4n ainoastaan vastaanottajan s\u00e4hk\u00f6postiin.<\/p>\n\n\n\n<p>K\u00e4vij\u00e4seurantaj\u00e4rjestelm\u00e4n k\u00e4ytt\u00f6\u00f6n ovat oikeutettuja vain ne henkil\u00f6t, joilla on ty\u00f6ns\u00e4 puolesta oikeus k\u00e4sitell\u00e4 tietoja. Kullakin k\u00e4ytt\u00e4j\u00e4ll\u00e4 on oma k\u00e4ytt\u00e4j\u00e4tunnus ja salasana j\u00e4rjestelm\u00e4\u00e4n.<\/p>\n\n\n\n<h2 class=\"wp-block-heading has-small-font-size\" id=\"11-kavijaseuranta\">11. K\u00e4vij\u00e4seuranta<\/h2>\n\n\n\n<p>Seuraamme verkkosivujen k\u00e4vij\u00e4m\u00e4\u00e4r\u00e4\u00e4 Google Analyticsin avulla.<\/p>\n\n\n\n<p><strong>Google Analytics<\/strong><br>Googlen seurantapalvelu k\u00e4ytt\u00e4\u00e4 toimiakseen ev\u00e4steit\u00e4. Seurantaa ei tapahdu, ennen kuin vierailija sallii kolmannen osapuolen ev\u00e4steiden k\u00e4ytt\u00e4misen.<\/p>\n\n\n\n<p>Saat tarkempaa tietoja Analyticsin k\u00e4yt\u00f6st\u00e4 ev\u00e4stek\u00e4yt\u00e4nn\u00f6st\u00e4mme.<\/p>\n","protected":false},"excerpt":{"rendered":"<p>Rekisteri- ja tietosuojaseloste T\u00e4m\u00e4 on rmcfinland.fi (Rauma Marine Constructions Oy) sivuston EU:n yleisen tietosuoja-asetuksen (GDPR) mukainen rekisteri- ja tietosuojaseloste.Laadittu 19.5.2025. 1. Rekisterinpit\u00e4j\u00e4 Rauma Marine Constructions Oy (2613656-3)Suojantie 526100 Rauma 2. Yhteystiedot +358 30 600 5400info@rmcfinland.fi 3. Rekisterin nimi RMC Finland sivuston rekisteri 4. Henkil\u00f6tietojen k\u00e4sittelyn tarkoitus Henkil\u00f6n tietoja voidaan k\u00e4sitell\u00e4 seuraavia tarkoituksia varten: 5.\u00a0Rekisterin tietosis\u00e4lt\u00f6 [&hellip;]<\/p>\n","protected":false},"author":1,"featured_media":0,"parent":0,"menu_order":0,"comment_status":"closed","ping_status":"closed","template":"","meta":{"_acf_changed":false,"footnotes":""},"class_list":["post-2614","page","type-page","status-publish","hentry"],"acf":[],"_links":{"self":[{"href":"https:\/\/rmcfinland.fi\/fi\/wp-json\/wp\/v2\/pages\/2614","targetHints":{"allow":["GET"]}}],"collection":[{"href":"https:\/\/rmcfinland.fi\/fi\/wp-json\/wp\/v2\/pages"}],"about":[{"href":"https:\/\/rmcfinland.fi\/fi\/wp-json\/wp\/v2\/types\/page"}],"author":[{"embeddable":true,"href":"https:\/\/rmcfinland.fi\/fi\/wp-json\/wp\/v2\/users\/1"}],"replies":[{"embeddable":true,"href":"https:\/\/rmcfinland.fi\/fi\/wp-json\/wp\/v2\/comments?post=2614"}],"version-history":[{"count":1,"href":"https:\/\/rmcfinland.fi\/fi\/wp-json\/wp\/v2\/pages\/2614\/revisions"}],"predecessor-version":[{"id":2616,"href":"https:\/\/rmcfinland.fi\/fi\/wp-json\/wp\/v2\/pages\/2614\/revisions\/2616"}],"wp:attachment":[{"href":"https:\/\/rmcfinland.fi\/fi\/wp-json\/wp\/v2\/media?parent=2614"}],"curies":[{"name":"wp","href":"https:\/\/api.w.org\/{rel}","templated":true}]}}