{"id":2552,"date":"2025-05-18T18:32:23","date_gmt":"2025-05-18T15:32:23","guid":{"rendered":"https:\/\/rmcfinland.fi\/?page_id=2552"},"modified":"2026-04-02T09:51:56","modified_gmt":"2026-04-02T06:51:56","slug":"kesaharjoittelut-rmclla","status":"publish","type":"page","link":"https:\/\/rmcfinland.fi\/fi\/kesaharjoittelut-rmclla\/","title":{"rendered":"Kes\u00e4harjoittelut RMC:ll\u00e4"},"content":{"rendered":"\n<div style=\"height:2em\" aria-hidden=\"true\" class=\"wp-block-spacer\"><\/div>\n\n\n\n<h2 class=\"wp-block-heading has-small-font-size\"><strong>Rakenna tulevaisuutesi merell\u00e4 \u2013 <\/strong><em>Kes\u00e4harjoittelu<\/em> <strong>RMC:ll\u00e4<\/strong><\/h2>\n\n\n\n<div class=\"wp-block-group is-content-justification-left is-layout-constrained wp-container-core-group-is-layout-12dd3699 wp-block-group-is-layout-constrained\">\n<p class=\"has-poppins-font-family\" style=\"margin-top:var(--wp--preset--spacing--50);margin-bottom:var(--wp--preset--spacing--50);font-size:clamp(0.929em, 0.929rem + ((1vw - 0.2em) * 0.673), 1.4em);font-style:normal;font-weight:400;line-height:1.5\">Haluatko n\u00e4hd\u00e4, miten maailman huippuluokan alukset syntyv\u00e4t? Rauma Marine Constructions tarjoaa tekniikan ja talouden opiskelijoille ainutlaatuisen n\u00e4k\u00f6alapaikan laivanrakennuksen ytimeen. Meill\u00e4 et ole vain harjoittelija, vaan osa ammattitaitoista yhteis\u00f6\u00e4, jossa osaamistasi arvostetaan.<\/p>\n<\/div>\n\n\n\n<div style=\"height:2em\" aria-hidden=\"true\" class=\"wp-block-spacer\"><\/div>\n\n\n\n<h6 class=\"wp-block-heading\">Oppia ja vastuuta aidossa ymp\u00e4rist\u00f6ss\u00e4<\/h6>\n\n\n\n<p>Meill\u00e4 kes\u00e4harjoittelu on paljon muutakin kuin vain ty\u00f6kokemusta; se on syv\u00e4sukellus laivanrakennuksen monipuoliseen maailmaan, jossa jokainen p\u00e4iv\u00e4 opettaa uutta. Olitpa kiinnostunut projektinhallinnasta, teknisest\u00e4 suunnittelusta tai tuotannon ohjaamisesta, tarjoamme vastuullisia teht\u00e4vi\u00e4, joissa p\u00e4\u00e4set seuraamaan projektien etenemist\u00e4 piirustusp\u00f6yd\u00e4lt\u00e4 aina fyysisesti laivan kannelle asti. <\/p>\n\n\n\n<p>RMC:ll\u00e4 sinua odottaa avoin ja matalan hierarkian ty\u00f6yhteis\u00f6, jossa apua saa aina kysy\u00e4 ja jokainen kes\u00e4ty\u00f6ntekij\u00e4 otetaan l\u00e4mm\u00f6ll\u00e4 vastaan. Arvostamme aitoa oppimisen iloa ja haluamme tukea urapolkuasi tarjoamalla joustavat ty\u00f6ajat, jotka mahdollistavat ty\u00f6n ja vapaa-ajan tasapainon. Tule mukaan rakentamaan suomalaista meriteollisuuden historiaa ja l\u00f6yt\u00e4m\u00e4\u00e4n omat vahvuutesi kannustavassa ilmapiiriss\u00e4.<\/p>\n\n\n\n<div style=\"height:2em\" aria-hidden=\"true\" class=\"wp-block-spacer\"><\/div>\n\n\n\n<div class=\"wp-block-columns is-layout-flex wp-container-core-columns-is-layout-28f84493 wp-block-columns-is-layout-flex\">\n<div class=\"wp-block-column is-layout-flow wp-block-column-is-layout-flow\">\n<h6 class=\"wp-block-heading has-text-align-left\">Kes\u00e4harjoittelu 2026<\/h6>\n\n\n\n<p>Haku kes\u00e4harjoitteluun vuodelle 2026 on p\u00e4\u00e4ttynyt. Kiitos kaikille hakijoille. <\/p>\n<\/div>\n<\/div>\n\n\n\n<div style=\"height:2em\" aria-hidden=\"true\" class=\"wp-block-spacer\"><\/div>\n\n\n\n<h6 class=\"wp-block-heading\">Kokemuksia kes\u00e4harjoittelusta<\/h6>\n\n\n\n<p>Tutustu aiempien vuosien kes\u00e4harjoittelijoiden kokemuksiin alla olevilla videoilla.<\/p>\n\n\n\n<div style=\"height:2em\" aria-hidden=\"true\" class=\"wp-block-spacer\"><\/div>\n\n\n\n<div class=\"wp-block-columns is-layout-flex wp-container-core-columns-is-layout-28f84493 wp-block-columns-is-layout-flex\">\n<div class=\"wp-block-column is-layout-flow wp-block-column-is-layout-flow\">\n<figure class=\"wp-block-embed is-type-video is-provider-youtube wp-block-embed-youtube wp-embed-aspect-16-9 wp-has-aspect-ratio\"><div class=\"wp-block-embed__wrapper\">\n<iframe loading=\"lazy\" title=\"Kes\u00e4t\u00f6iss\u00e4 RMC:n toiminnanohjauksessa\" width=\"640\" height=\"360\" src=\"https:\/\/www.youtube.com\/embed\/uJRHvXSS3W8?feature=oembed\" frameborder=\"0\" allow=\"accelerometer; autoplay; clipboard-write; encrypted-media; gyroscope; picture-in-picture; web-share\" referrerpolicy=\"strict-origin-when-cross-origin\" allowfullscreen><\/iframe>\n<\/div><\/figure>\n\n\n\n<p><strong>Kes\u00e4t\u00f6iss\u00e4 toiminnan ohjauksessa<\/strong><\/p>\n<\/div>\n\n\n\n<div class=\"wp-block-column is-layout-flow wp-block-column-is-layout-flow\">\n<figure class=\"wp-block-embed is-type-video is-provider-youtube wp-block-embed-youtube wp-embed-aspect-16-9 wp-has-aspect-ratio\"><div class=\"wp-block-embed__wrapper\">\n<iframe loading=\"lazy\" title=\"Kes\u00e4t\u00f6iss\u00e4 RMC:n projektisuunnittelussa\" width=\"640\" height=\"360\" src=\"https:\/\/www.youtube.com\/embed\/OMOdxeEGijY?feature=oembed\" frameborder=\"0\" allow=\"accelerometer; autoplay; clipboard-write; encrypted-media; gyroscope; picture-in-picture; web-share\" referrerpolicy=\"strict-origin-when-cross-origin\" allowfullscreen><\/iframe>\n<\/div><\/figure>\n\n\n\n<p><strong>Kes\u00e4t\u00f6iss\u00e4 projektisuunnittelussa<\/strong><\/p>\n<\/div>\n<\/div>\n\n\n\n<div style=\"height:4em\" aria-hidden=\"true\" class=\"wp-block-spacer\"><\/div>\n\n\n\n<div class=\"wp-block-columns is-layout-flex wp-container-core-columns-is-layout-28f84493 wp-block-columns-is-layout-flex\">\n<div class=\"wp-block-column is-layout-flow wp-block-column-is-layout-flow\">\n<figure class=\"wp-block-embed is-type-video is-provider-youtube wp-block-embed-youtube wp-embed-aspect-16-9 wp-has-aspect-ratio\"><div class=\"wp-block-embed__wrapper\">\n<iframe loading=\"lazy\" title=\"Kes\u00e4t\u00f6iss\u00e4 RMC:n lohkotuotannossa\" width=\"640\" height=\"360\" src=\"https:\/\/www.youtube.com\/embed\/h9F4IRLmQ_0?feature=oembed\" frameborder=\"0\" allow=\"accelerometer; autoplay; clipboard-write; encrypted-media; gyroscope; picture-in-picture; web-share\" referrerpolicy=\"strict-origin-when-cross-origin\" allowfullscreen><\/iframe>\n<\/div><\/figure>\n\n\n\n<p><strong>Kes\u00e4t\u00f6iss\u00e4 lohkotuotannossa<\/strong><\/p>\n<\/div>\n\n\n\n<div class=\"wp-block-column is-vertically-aligned-center is-layout-flow wp-block-column-is-layout-flow\"><\/div>\n<\/div>\n\n\n\n<p><\/p>\n","protected":false},"excerpt":{"rendered":"<p>Rakenna tulevaisuutesi merell\u00e4 \u2013 Kes\u00e4harjoittelu RMC:ll\u00e4 Oppia ja vastuuta aidossa ymp\u00e4rist\u00f6ss\u00e4 Meill\u00e4 kes\u00e4harjoittelu on paljon muutakin kuin vain ty\u00f6kokemusta; se on syv\u00e4sukellus laivanrakennuksen monipuoliseen maailmaan, jossa jokainen p\u00e4iv\u00e4 opettaa uutta. Olitpa kiinnostunut projektinhallinnasta, teknisest\u00e4 suunnittelusta tai tuotannon ohjaamisesta, tarjoamme vastuullisia teht\u00e4vi\u00e4, joissa p\u00e4\u00e4set seuraamaan projektien etenemist\u00e4 piirustusp\u00f6yd\u00e4lt\u00e4 aina fyysisesti laivan kannelle asti. RMC:ll\u00e4 sinua odottaa [&hellip;]<\/p>\n","protected":false},"author":1,"featured_media":0,"parent":0,"menu_order":0,"comment_status":"closed","ping_status":"closed","template":"","meta":{"_acf_changed":false,"footnotes":""},"class_list":["post-2552","page","type-page","status-publish","hentry"],"acf":[],"_links":{"self":[{"href":"https:\/\/rmcfinland.fi\/fi\/wp-json\/wp\/v2\/pages\/2552","targetHints":{"allow":["GET"]}}],"collection":[{"href":"https:\/\/rmcfinland.fi\/fi\/wp-json\/wp\/v2\/pages"}],"about":[{"href":"https:\/\/rmcfinland.fi\/fi\/wp-json\/wp\/v2\/types\/page"}],"author":[{"embeddable":true,"href":"https:\/\/rmcfinland.fi\/fi\/wp-json\/wp\/v2\/users\/1"}],"replies":[{"embeddable":true,"href":"https:\/\/rmcfinland.fi\/fi\/wp-json\/wp\/v2\/comments?post=2552"}],"version-history":[{"count":14,"href":"https:\/\/rmcfinland.fi\/fi\/wp-json\/wp\/v2\/pages\/2552\/revisions"}],"predecessor-version":[{"id":3882,"href":"https:\/\/rmcfinland.fi\/fi\/wp-json\/wp\/v2\/pages\/2552\/revisions\/3882"}],"wp:attachment":[{"href":"https:\/\/rmcfinland.fi\/fi\/wp-json\/wp\/v2\/media?parent=2552"}],"curies":[{"name":"wp","href":"https:\/\/api.w.org\/{rel}","templated":true}]}}