{"id":2505,"date":"2025-05-17T14:37:34","date_gmt":"2025-05-17T11:37:34","guid":{"rendered":"https:\/\/rmcfinland.fi\/?page_id=2505"},"modified":"2026-03-02T14:22:13","modified_gmt":"2026-03-02T12:22:13","slug":"elinkaaripalvelut","status":"publish","type":"page","link":"https:\/\/rmcfinland.fi\/fi\/elinkaaripalvelut\/","title":{"rendered":"Elinkaaripalvelut"},"content":{"rendered":"\n<p class=\"has-poppins-font-family\" style=\"font-size:clamp(0.929em, 0.929rem + ((1vw - 0.2em) * 0.673), 1.4em);font-style:normal;font-weight:400;line-height:1.6\">Laivanrakennuksen lis\u00e4ksi tarjoamme kokonaisvaltaisia elinkaaripalveluja, kuten huolto- ja korjaust\u00f6it\u00e4. Meill\u00e4 on esimerkiksi huoltosopimus Nordica- ja Fennica-monitoimimurtajista Arctia Oy:n kanssa.<\/p>\n\n\n\n<p class=\"has-text-align-left\">Ty\u00f6skentelemme tiiviiss\u00e4 yhteisty\u00f6ss\u00e4 yhteisty\u00f6kumppaniemme kanssa hy\u00f6dynt\u00e4en kunkin toimijan parasta osaamista. Omien ja verkostokumppaniemme asiantuntijoiden pitk\u00e4 ja monipuolinen kokemus laivanrakennuksesta luo hyv\u00e4n pohjan elinkaaritoiminnalle. Verkoston moninaisuus takaa, ett\u00e4 jokaiseen hankkeeseen l\u00f6ytyv\u00e4t juuri oikeat tekij\u00e4t ja taidot.<\/p>\n\n\n\n<p class=\"has-text-align-left\">Rauman Seaside Industry Parkissa sijaitsevat tilat mahdollistavat laajan palvelukonseptin. It\u00e4meren alueen suurimpiin lukeutuva telakka-allas, mittavat telakkanosturit ja laajat ja monipuoliset ty\u00f6verstaat soveltuvat hyvin elinkaaripalveluidemme k\u00e4ytt\u00f6\u00f6n. Lohkohallien sis\u00e4tiloissa on mahdollista valmistaa ja pintak\u00e4sitell\u00e4 maksimissaan 300 tonnin lohkoja. Telakka-altaalle teht\u00e4v\u00e4t siirrot onnistuvat lohkovaunuilla.<\/p>\n\n\n\n<div style=\"height:5em\" aria-hidden=\"true\" class=\"wp-block-spacer\"><\/div>\n\n\n\n<div id=\"open-close-block_461e0d66b7debf8c0d217a9c4e97887f\" class=\"open-close-block aligncenter\">\n\n\n\t\t\t<div class=\"open-close-block__section\">\n\t\t\t\n\t\t\t\t\n\t\t\t\t<div class=\"open-close-block__section__link\">\n\n\t\t\t\t\t<div class=\"open-close-block__section__link__heading\">\n\t\t\t\t\t\t<a href=\"#\" role=\"button\" aria-expanded=\"false\" aria-controls=\"open-close-open-close-block_461e0d66b7debf8c0d217a9c4e97887f-1\">\n\t\t\t\t\t\t\t<p>P\u00e4ivitysty\u00f6t<\/p>\n\t\t\t\t\t\t\t<span><\/span>\n\t\t\t\t\t\t<\/a>\n\t\t\t\t\t<\/div><!-- .open-close-block__section__link__heading -->\n\n\t\t\t\t\t<div class=\"open-close-block__section__link__content\" id=\"open-close-open-close-block_461e0d66b7debf8c0d217a9c4e97887f-1\">\n\t\t\t\t\t\t<p>Toteutimme Helsingin ja Tukholman v\u00e4lill\u00e4 liikenn\u00f6iv\u00e4n m\/s Silja Serenaden uudistusty\u00f6t syksyll\u00e4 2015. Uudistus sis\u00e4lsi sek\u00e4 matkustajille n\u00e4kyv\u00e4\u00e4 pintaremonttia ett\u00e4 teknisi\u00e4 t\u00f6it\u00e4.<\/p>\n<p>Aluksen pohja kunnostettiin, ohjausj\u00e4rjestelm\u00e4 p\u00e4ivitettiin ja yhdelle p\u00e4\u00e4koneista tehtiin t\u00e4ydellinen huolto. Aluksen seitsem\u00e4s kansi koki suuren muodonmuutoksen, kuten my\u00f6s aluksen kaikki 60 delux-hytti\u00e4, jotka uusittiin t\u00e4ysin kahden viikon kuivatelakoinnin aikana.<\/p>\n<p>Silja Symphonyn kunnostusty\u00f6t suoritimme alkuvuodesta 2016. Alukseen tehtiin osittain samat muutokset kuin sisaralus Silja Serenadeen. Symphonyn kaikki perhehytit uudistettiin ja sen DeLuxe-hytit saivat uuden ilmeen. My\u00f6s aluksen kokoustilojen aula uudistettiin Serenaden malliin.<\/p>\n<p>T\u00e4m\u00e4n lis\u00e4ksi laivan per\u00e4osassa sijaitseva, artistien esiintymislavana toimiva Old Port Pub uudistettiin kaikkia pintoja ja kalusteita my\u00f6ten. Pubi sai uuden sis\u00e4\u00e4nk\u00e4ynnin Promenadi-k\u00e4velykadulle.<\/p>\n\t\t\t\t\t<\/div>\n\n\t\t\t\t\t\n\t\t\t\t<\/div><!-- .open-close-block__section__link -->\n\t\t\t\n\t\t\t\t\n\t\t\t\t<div class=\"open-close-block__section__link\">\n\n\t\t\t\t\t<div class=\"open-close-block__section__link__heading\">\n\t\t\t\t\t\t<a href=\"#\" role=\"button\" aria-expanded=\"false\" aria-controls=\"open-close-open-close-block_461e0d66b7debf8c0d217a9c4e97887f-2\">\n\t\t\t\t\t\t\t<p>Konversiot<\/p>\n\t\t\t\t\t\t\t<span><\/span>\n\t\t\t\t\t\t<\/a>\n\t\t\t\t\t<\/div><!-- .open-close-block__section__link__heading -->\n\n\t\t\t\t\t<div class=\"open-close-block__section__link__content\" id=\"open-close-open-close-block_461e0d66b7debf8c0d217a9c4e97887f-2\">\n\t\t\t\t\t\t<p>Suoritimme Arctian j\u00e4\u00e4nmurtaja Otson mittavat muutosty\u00f6t alkukes\u00e4st\u00e4 2015. Konversioprojektissa Otso muutettiin entist\u00e4 monipuolisempiin teht\u00e4viin soveltuvaksi erikoisalukseksi.<\/p>\n<p>Alukseen asennettiin keinunnanvaimennustankki, joka mahdollistaa avovesioperoinnin. Konversioon sis\u00e4ltyi my\u00f6s rakenteiden vahvistaminen, jonka my\u00f6t\u00e4 Otson j\u00e4\u00e4vahvuusluokka nousi arktisten vaatimusten mukaiseksi. Lis\u00e4ksi Otson runkoa vahvistettiin ja alukseen asennettiin uudet, kansainv\u00e4liset standardit t\u00e4ytt\u00e4v\u00e4t pelastusveneet sek\u00e4 helikopterikansi.<\/p>\n<p>Muutost\u00f6iden my\u00f6t\u00e4 It\u00e4merelle suunniteltu Otso pystyy operoimaan kaikilla maailman merill\u00e4. Kolmen kuukauden kestoinen konversioprojekti ty\u00f6llisti Raumalla kymmeni\u00e4 ihmisi\u00e4.<\/p>\n\t\t\t\t\t<\/div>\n\n\t\t\t\t\t\n\t\t\t\t<\/div><!-- .open-close-block__section__link -->\n\t\t\t\n\t\t\t\t\n\t\t\t\t<div class=\"open-close-block__section__link\">\n\n\t\t\t\t\t<div class=\"open-close-block__section__link__heading\">\n\t\t\t\t\t\t<a href=\"#\" role=\"button\" aria-expanded=\"false\" aria-controls=\"open-close-open-close-block_461e0d66b7debf8c0d217a9c4e97887f-3\">\n\t\t\t\t\t\t\t<p>Peruskorjaukset<\/p>\n\t\t\t\t\t\t\t<span><\/span>\n\t\t\t\t\t\t<\/a>\n\t\t\t\t\t<\/div><!-- .open-close-block__section__link__heading -->\n\n\t\t\t\t\t<div class=\"open-close-block__section__link__content\" id=\"open-close-open-close-block_461e0d66b7debf8c0d217a9c4e97887f-3\">\n\t\t\t\t\t\t<p>Suomen ymp\u00e4rist\u00f6keskuksen merentutkimusalus Arandan peruskorjaus aloitettiin Rauman telakalla loppukes\u00e4st\u00e4 2017. Aranda luovutettiin tilaajalleen kes\u00e4ll\u00e4 2018.<\/p>\n<p>Arandan korjauksella ja uudistamisella haluttiin taata sen toimintakyky 2030-luvulle asti. Uudistuksen yhteydess\u00e4 aluksen keskelle lis\u00e4ttiin uusi lohko ja sek\u00e4 sen per\u00e4\u00e4 ett\u00e4 per\u00e4kantta muotoiltiin uudelleen. Yhteens\u00e4 Aranda piteni seitsem\u00e4ll\u00e4 metrill\u00e4. Lis\u00e4metrit mahdollistivat tutkimus- ja laboratoriotilojen laajentamisen ja siirtymisen uusien tutkimuksellisten vaatimuksien mukaiseen, t\u00e4ysin s\u00e4hk\u00f6iseen voimansiirtoon.<\/p>\n<p>Peruskorjauksen seurauksena Aranda on aiempaa ymp\u00e4rist\u00f6yst\u00e4v\u00e4llisempi, sill\u00e4 se voi k\u00e4ytt\u00e4\u00e4 polttoaineenaan biodieseli\u00e4 ymp\u00e4ri vuoden. Lis\u00e4ksi se voi kulkea lyhyit\u00e4 matkoja pelk\u00e4st\u00e4\u00e4n akkus\u00e4hk\u00f6ll\u00e4. Uusi akkuteknologia pienent\u00e4\u00e4 p\u00e4\u00e4st\u00f6j\u00e4 ja v\u00e4hent\u00e4\u00e4 aluksen mereen aiheuttamaa melua huomattavasti, mik\u00e4 helpottaa merieli\u00f6iden tutkimista.<\/p>\n\t\t\t\t\t<\/div>\n\n\t\t\t\t\t\n\t\t\t\t<\/div><!-- .open-close-block__section__link -->\n\t\t\t\n\t\t\t\t\n\t\t\t\t<div class=\"open-close-block__section__link\">\n\n\t\t\t\t\t<div class=\"open-close-block__section__link__heading\">\n\t\t\t\t\t\t<a href=\"#\" role=\"button\" aria-expanded=\"false\" aria-controls=\"open-close-open-close-block_461e0d66b7debf8c0d217a9c4e97887f-4\">\n\t\t\t\t\t\t\t<p>Huoltoty\u00f6t<\/p>\n\t\t\t\t\t\t\t<span><\/span>\n\t\t\t\t\t\t<\/a>\n\t\t\t\t\t<\/div><!-- .open-close-block__section__link__heading -->\n\n\t\t\t\t\t<div class=\"open-close-block__section__link__content\" id=\"open-close-open-close-block_461e0d66b7debf8c0d217a9c4e97887f-4\">\n\t\t\t\t\t\t<p>Meill\u00e4 on huoltosopimus Nordica- ja Fennica-monitoimurtajista Arctia Oy:n kanssa. Teimme aluksille ensimm\u00e4iset huoltoty\u00f6t alkuvuodesta 2015.<\/p>\n<p>Murtajien parissa ty\u00f6skenteli noin viisikymment\u00e4 metalliteollisuuden, pintak\u00e4sittelyn ja s\u00e4hk\u00f6t\u00f6iden ammattilaista, jotka valittiin kumppaniverkostostamme.<\/p>\n<p>Molemmilla monitoimimurtajilla on vahvat siteet Raumalle. Fennica valmistui Aker Finnyardsin Rauman telakalta vuonna 1993 ja sisaralus Nordica vuonna 1994.<\/p>\n\t\t\t\t\t<\/div>\n\n\t\t\t\t\t\n\t\t\t\t<\/div><!-- .open-close-block__section__link -->\n\t\t\t\n\t\t\t\t\n\t\t\t\t<div class=\"open-close-block__section__link\">\n\n\t\t\t\t\t<div class=\"open-close-block__section__link__heading\">\n\t\t\t\t\t\t<a href=\"#\" role=\"button\" aria-expanded=\"false\" aria-controls=\"open-close-open-close-block_461e0d66b7debf8c0d217a9c4e97887f-5\">\n\t\t\t\t\t\t\t<p>Telakoinnit<\/p>\n\t\t\t\t\t\t\t<span><\/span>\n\t\t\t\t\t\t<\/a>\n\t\t\t\t\t<\/div><!-- .open-close-block__section__link__heading -->\n\n\t\t\t\t\t<div class=\"open-close-block__section__link__content\" id=\"open-close-open-close-block_461e0d66b7debf8c0d217a9c4e97887f-5\">\n\t\t\t\t\t\t<p>Seuraavat alukset ovat olleet telakoituina telakallamme:<\/p>\n<ul>\n<li>\u00d6TA Louhi<\/li>\n<li>Vl Turva<\/li>\n<li>Finlandia<\/li>\n<li>Silja Serenade<\/li>\n<li>Silja Symphony<\/li>\n<\/ul>\n\t\t\t\t\t<\/div>\n\n\t\t\t\t\t\n\t\t\t\t<\/div><!-- .open-close-block__section__link -->\n\t\t\t\t\t<\/div><!-- .open-close-block__section -->\n\n\t\n\n<\/div>\n\n\n\n<div style=\"height:4em\" aria-hidden=\"true\" class=\"wp-block-spacer\"><\/div>\n","protected":false},"excerpt":{"rendered":"<p>Ty\u00f6skentelemme tiiviiss\u00e4 yhteisty\u00f6ss\u00e4 yhteisty\u00f6kumppaniemme kanssa hy\u00f6dynt\u00e4en kunkin toimijan parasta osaamista. Omien ja verkostokumppaniemme asiantuntijoiden pitk\u00e4 ja monipuolinen kokemus laivanrakennuksesta luo hyv\u00e4n pohjan elinkaaritoiminnalle. Verkoston moninaisuus takaa, ett\u00e4 jokaiseen hankkeeseen l\u00f6ytyv\u00e4t juuri oikeat tekij\u00e4t ja taidot. Rauman Seaside Industry Parkissa sijaitsevat tilat mahdollistavat laajan palvelukonseptin. It\u00e4meren alueen suurimpiin lukeutuva telakka-allas, mittavat telakkanosturit ja laajat ja monipuoliset [&hellip;]<\/p>\n","protected":false},"author":1,"featured_media":0,"parent":0,"menu_order":0,"comment_status":"closed","ping_status":"closed","template":"","meta":{"_acf_changed":false,"footnotes":""},"class_list":["post-2505","page","type-page","status-publish","hentry"],"acf":[],"_links":{"self":[{"href":"https:\/\/rmcfinland.fi\/fi\/wp-json\/wp\/v2\/pages\/2505","targetHints":{"allow":["GET"]}}],"collection":[{"href":"https:\/\/rmcfinland.fi\/fi\/wp-json\/wp\/v2\/pages"}],"about":[{"href":"https:\/\/rmcfinland.fi\/fi\/wp-json\/wp\/v2\/types\/page"}],"author":[{"embeddable":true,"href":"https:\/\/rmcfinland.fi\/fi\/wp-json\/wp\/v2\/users\/1"}],"replies":[{"embeddable":true,"href":"https:\/\/rmcfinland.fi\/fi\/wp-json\/wp\/v2\/comments?post=2505"}],"version-history":[{"count":3,"href":"https:\/\/rmcfinland.fi\/fi\/wp-json\/wp\/v2\/pages\/2505\/revisions"}],"predecessor-version":[{"id":3764,"href":"https:\/\/rmcfinland.fi\/fi\/wp-json\/wp\/v2\/pages\/2505\/revisions\/3764"}],"wp:attachment":[{"href":"https:\/\/rmcfinland.fi\/fi\/wp-json\/wp\/v2\/media?parent=2505"}],"curies":[{"name":"wp","href":"https:\/\/api.w.org\/{rel}","templated":true}]}}