{"id":2500,"date":"2025-05-16T11:05:42","date_gmt":"2025-05-16T08:05:42","guid":{"rendered":"https:\/\/rmcfinland.fi\/?page_id=2500"},"modified":"2026-03-02T14:21:14","modified_gmt":"2026-03-02T12:21:14","slug":"viranomais-ja-tutkimusalukset","status":"publish","type":"page","link":"https:\/\/rmcfinland.fi\/fi\/viranomais-ja-tutkimusalukset\/","title":{"rendered":"Viranomais- ja tutkimusalukset"},"content":{"rendered":"\n<div style=\"height:32px\" aria-hidden=\"true\" class=\"wp-block-spacer\"><\/div>\n\n\n\n<h2 class=\"wp-block-heading\"><strong>Meill\u00e4 on vuosikymmenien<\/strong> <em>kokemus alusten rakentamisesta<\/em> <strong>puolustusvoimille ja viranomaisille.<\/strong><\/h2>\n\n\n\n<div style=\"height:32px\" aria-hidden=\"true\" class=\"wp-block-spacer\"><\/div>\n\n\n\n<p class=\"has-poppins-font-family\" style=\"font-size:clamp(0.929em, 0.929rem + ((1vw - 0.2em) * 0.673), 1.4em);font-style:normal;font-weight:400;line-height:1.6\">Meill\u00e4 on laajaa ja pitk\u00e4aikaista osaamista puolustusvoimien ja viranomaisten tarvitsemien alusten sek\u00e4 tutkimusalusten rakentamisesta ja huoltamisesta. Suomen meripuolustus on kautta aikojen nojannut raumalaiseen osaamiseen. <\/p>\n\n\n\n<p>Raumalla on rakennettu ja huollettu huomattava osa Suomen valtion omistamista aluksista, kuten kaikki monitoimimurtajat ja suuret vartioalukset. My\u00f6s kaikki vuoden 1990 j\u00e4lkeen k\u00e4ytt\u00f6\u00f6n otetut Merivoimien isot taistelualukset on rakennettu Raumalla.<\/p>\n\n\n\n<p>Lis\u00e4ksi Raumalla on rakennettu useita tutkimusaluksia. Kansainv\u00e4list\u00e4 huipputasoa edustaa Etel\u00e4-Afrikan ymp\u00e4rist\u00f6ministeri\u00f6lle vuonna 2014 rakennettu SA Agulhas II, jolla operoinut tutkimusryhm\u00e4 l\u00f6ysi yli sata vuotta sitten uponneen Endurance-aluksen hylyn.<\/p>\n\n\n\n<div style=\"height:4em\" aria-hidden=\"true\" class=\"wp-block-spacer\"><\/div>\n\n\n\n<h6 class=\"wp-block-heading has-darkgray-color has-text-color has-link-color wp-elements-0b71c6871e0c76cf18be09381d7492a1\">Viranomais- ja tutkimusalukset<\/h6>\n\n\n\n<div style=\"height:80px\" aria-hidden=\"true\" class=\"wp-block-spacer\"><\/div>\n\n\n\n<div class=\"wp-block-columns is-layout-flex wp-container-core-columns-is-layout-28f84493 wp-block-columns-is-layout-flex\">\n<div class=\"wp-block-column is-vertically-aligned-top is-layout-flow wp-block-column-is-layout-flow\">\n<div style=\"height:10px\" aria-hidden=\"true\" class=\"wp-block-spacer\"><\/div>\n\n\n\n<h5 class=\"wp-block-heading has-text-align-center has-small-font-size\"><sup>TURVA<\/sup><\/h5>\n\n\n\n<p class=\"has-text-align-center has-lightgray-color has-text-color has-link-color has-small-font-size wp-elements-f866de4ed789dd753e2f0cd5d0638df0\">Turva \u2013 Rajavartiolaitos, 2014<\/p>\n<\/div>\n\n\n\n<div class=\"wp-block-column is-vertically-aligned-top is-layout-flow wp-block-column-is-layout-flow\">\n<div style=\"height:10px\" aria-hidden=\"true\" class=\"wp-block-spacer\"><\/div>\n\n\n\n<h5 class=\"wp-block-heading has-text-align-center has-small-font-size\"><sup>sa agulhas II<\/sup><\/h5>\n\n\n\n<p class=\"has-text-align-center has-lightgray-color has-text-color has-link-color has-small-font-size wp-elements-b37b33d18c124933ad12f0c17372276d\">Etel\u00e4-Afrikan ymp\u00e4rist\u00f6ministeri\u00f6, 2012<\/p>\n<\/div>\n\n\n\n<div class=\"wp-block-column is-vertically-aligned-top is-layout-flow wp-block-column-is-layout-flow\">\n<div style=\"height:10px\" aria-hidden=\"true\" class=\"wp-block-spacer\"><\/div>\n\n\n\n<h5 class=\"wp-block-heading has-text-align-center has-small-font-size\"><sup>rv mirabilis<\/sup><\/h5>\n\n\n\n<p class=\"has-text-align-center has-lightgray-color has-text-color has-link-color has-small-font-size wp-elements-5cf9ed57781125686669f9bf2acf8346\">Mirabilis \u2013 Namibian kalastus- ja meriministeri\u00f6, 2012<\/p>\n<\/div>\n<\/div>\n\n\n\n<div class=\"wp-block-columns is-layout-flex wp-container-core-columns-is-layout-28f84493 wp-block-columns-is-layout-flex\">\n<div class=\"wp-block-column is-vertically-aligned-top is-layout-flow wp-block-column-is-layout-flow\">\n<div style=\"height:10px\" aria-hidden=\"true\" class=\"wp-block-spacer\"><\/div>\n\n\n\n<h5 class=\"wp-block-heading has-text-align-center has-small-font-size\"><sup>acv tuuli<\/sup><\/h5>\n\n\n\n<p class=\"has-text-align-center has-lightgray-color has-text-color has-link-color has-small-font-size wp-elements-2efa16fcb9d1b7ac0864233940369889\">Merivoimat, 2003<\/p>\n<\/div>\n\n\n\n<div class=\"wp-block-column is-vertically-aligned-top is-layout-flow wp-block-column-is-layout-flow\">\n<div style=\"height:10px\" aria-hidden=\"true\" class=\"wp-block-spacer\"><\/div>\n\n\n\n<h5 class=\"wp-block-heading has-text-align-center has-small-font-size\"><sup>hamina class<\/sup><\/h5>\n\n\n\n<p class=\"has-text-align-center has-lightgray-color has-text-color has-link-color has-small-font-size wp-elements-e713397f44ca2664d92226c266af4219\">Merivoimat, 1998 \u2013 2006<\/p>\n<\/div>\n\n\n\n<div class=\"wp-block-column is-vertically-aligned-top is-layout-flow wp-block-column-is-layout-flow\">\n<div style=\"height:10px\" aria-hidden=\"true\" class=\"wp-block-spacer\"><\/div>\n\n\n\n<h5 class=\"wp-block-heading has-text-align-center has-small-font-size\"><sup>H\u00c4MEENMAA CLASS<\/sup><\/h5>\n\n\n\n<p class=\"has-text-align-center has-lightgray-color has-text-color has-link-color has-small-font-size wp-elements-09ca062749af8b75252fd51459834e39\">Merivoimat, 1991 \u2013 1992<\/p>\n<\/div>\n<\/div>\n\n\n\n<div class=\"wp-block-columns is-layout-flex wp-container-core-columns-is-layout-28f84493 wp-block-columns-is-layout-flex\">\n<div class=\"wp-block-column is-vertically-aligned-top is-layout-flow wp-block-column-is-layout-flow\">\n<div style=\"height:10px\" aria-hidden=\"true\" class=\"wp-block-spacer\"><\/div>\n\n\n\n<h5 class=\"wp-block-heading has-text-align-center has-small-font-size\"><sup>RAUMA CLASS<\/sup><\/h5>\n\n\n\n<p class=\"has-text-align-center has-lightgray-color has-text-color has-link-color has-small-font-size wp-elements-f1075bf8b0da2da06579c0beb70f8204\">Merivoimat, 1990<\/p>\n<\/div>\n\n\n\n<div class=\"wp-block-column is-vertically-aligned-top is-layout-flow wp-block-column-is-layout-flow\">\n<div style=\"height:10px\" aria-hidden=\"true\" class=\"wp-block-spacer\"><\/div>\n\n\n\n<h5 class=\"wp-block-heading has-text-align-center has-small-font-size\"><sup>KURKI<\/sup><\/h5>\n\n\n\n<p class=\"has-text-align-center has-lightgray-color has-text-color has-link-color has-small-font-size wp-elements-dca668a06bd09699343c6f6997a53091\">Rajavartiolaitos, 1990<\/p>\n<\/div>\n\n\n\n<div class=\"wp-block-column is-vertically-aligned-top is-layout-flow wp-block-column-is-layout-flow\"><\/div>\n<\/div>\n\n\n\n<div style=\"height:80px\" aria-hidden=\"true\" class=\"wp-block-spacer\"><\/div>\n\n\n\n<div class=\"wp-block-cover alignwide wp-duotone-unset-1\" style=\"padding-top:0;padding-bottom:0;min-height:600px;aspect-ratio:unset;\"><img loading=\"lazy\" decoding=\"async\" width=\"1920\" height=\"1080\" class=\"wp-block-cover__image-background wp-image-1941 size-full\" alt=\"\" src=\"https:\/\/rmcfinland.fi\/wp-content\/uploads\/2025\/05\/multi-purpose-corvette-finnish-navy-extended.jpg\" data-object-fit=\"cover\" srcset=\"https:\/\/rmcfinland.fi\/wp-content\/uploads\/2025\/05\/multi-purpose-corvette-finnish-navy-extended.jpg 1920w, https:\/\/rmcfinland.fi\/wp-content\/uploads\/2025\/05\/multi-purpose-corvette-finnish-navy-extended-300x169.jpg 300w, https:\/\/rmcfinland.fi\/wp-content\/uploads\/2025\/05\/multi-purpose-corvette-finnish-navy-extended-1024x576.jpg 1024w, https:\/\/rmcfinland.fi\/wp-content\/uploads\/2025\/05\/multi-purpose-corvette-finnish-navy-extended-768x432.jpg 768w, https:\/\/rmcfinland.fi\/wp-content\/uploads\/2025\/05\/multi-purpose-corvette-finnish-navy-extended-1536x864.jpg 1536w, https:\/\/rmcfinland.fi\/wp-content\/uploads\/2025\/05\/multi-purpose-corvette-finnish-navy-extended-1600x900.jpg 1600w\" sizes=\"auto, (max-width: 1920px) 100vw, 1920px\"><span aria-hidden=\"true\" class=\"wp-block-cover__background has-background-dim-40 has-background-dim wp-block-cover__gradient-background has-background-gradient\" style=\"background:linear-gradient(270deg,rgba(171,171,171,0) 0%,rgb(0,0,0) 100%)\"><\/span><div class=\"wp-block-cover__inner-container is-layout-constrained wp-container-core-cover-is-layout-a105e1ad wp-block-cover-is-layout-constrained\">\n<div style=\"height:30px\" aria-hidden=\"true\" class=\"wp-block-spacer\"><\/div>\n\n\n\n<div class=\"wp-block-columns alignwide is-layout-flex wp-container-core-columns-is-layout-28f84493 wp-block-columns-is-layout-flex\">\n<div class=\"wp-block-column is-layout-flow wp-block-column-is-layout-flow\" style=\"flex-basis:34%\">\n<h5 class=\"wp-block-heading\" style=\"margin-top:var(--wp--preset--spacing--50);margin-bottom:var(--wp--preset--spacing--50);font-size:clamp(18.959px, 1.185rem + ((1vw - 3.2px) * 0.986), 30px);letter-spacing:3px\">Laivue 2020<br><sub><sup>Merivoimat<\/sup><\/sub><\/h5>\n\n\n\n<div class=\"wp-block-columns is-not-stacked-on-mobile is-layout-flex wp-container-core-columns-is-layout-28f84493 wp-block-columns-is-layout-flex\">\n<div class=\"wp-block-column is-layout-flow wp-block-column-is-layout-flow\" style=\"flex-basis:50%\">\n<p class=\"has-poppins-font-family\"><strong>Loa<br>Beam mld.<\/strong><br><strong>Draught<br>Gross Tonnage<br>Speed<br>Crew<\/strong><\/p>\n<\/div>\n\n\n\n<div class=\"wp-block-column is-layout-flow wp-block-column-is-layout-flow\" style=\"flex-basis:50%\">\n<p class=\"has-poppins-font-family\">117 m<br>16,5 m<br>5 m<br>24 036 t<br>26 kn<br>70<br><\/p>\n<\/div>\n<\/div>\n<\/div>\n\n\n\n<div class=\"wp-block-column is-layout-flow wp-block-column-is-layout-flow\" style=\"flex-basis:30%\"><\/div>\n<\/div>\n<\/div><\/div>\n\n\n\n<div style=\"height:4em\" aria-hidden=\"true\" class=\"wp-block-spacer\"><\/div>\n\n\n\n<h4 class=\"wp-block-heading\">Laivue 2020<\/h4>\n\n\n\n<p>Syyskuussa 2016 allekirjoitimme Puolustusvoimien logistiikkalaitoksen kanssa aiesopimuksen nelj\u00e4n Laivue 2020 -monitoimikorvetin rakentamisesta Raumalla. Lopullinen laivanrakentamissopimus solmittiin syyskuussa 2019.<\/p>\n\n\n\n<p>Uudet monitoimikorvetit korvaavat Merivoimien seitsem\u00e4n k\u00e4yt\u00f6st\u00e4 poistuvaa alusta. Korvetit kykenev\u00e4t pinta-alusten ja sukellusveneiden torjuntaan, ilmatorjuntateht\u00e4viin ja merioperaatioiden johtamiseen.<\/p>\n\n\n\n<p>Korvetit rakennetaan sis\u00e4tiloissa katseilta suojassa. T\u00e4t\u00e4 varten olemme investoineet 26 miljoonan monitoimihalliin.<\/p>\n\n\n\n<div style=\"height:4em\" aria-hidden=\"true\" class=\"wp-block-spacer wp-embed-aspect-16-9 wp-has-aspect-ratio\"><\/div>\n\n\n\n<figure class=\"wp-block-image alignwide size-full\"><img loading=\"lazy\" decoding=\"async\" width=\"1920\" height=\"1080\" src=\"https:\/\/rmcfinland.fi\/wp-content\/uploads\/2025\/05\/research-vessel-aranda.jpg\" alt=\"\" class=\"wp-image-2238\" srcset=\"https:\/\/rmcfinland.fi\/wp-content\/uploads\/2025\/05\/research-vessel-aranda.jpg 1920w, https:\/\/rmcfinland.fi\/wp-content\/uploads\/2025\/05\/research-vessel-aranda-300x169.jpg 300w, https:\/\/rmcfinland.fi\/wp-content\/uploads\/2025\/05\/research-vessel-aranda-1024x576.jpg 1024w, https:\/\/rmcfinland.fi\/wp-content\/uploads\/2025\/05\/research-vessel-aranda-768x432.jpg 768w, https:\/\/rmcfinland.fi\/wp-content\/uploads\/2025\/05\/research-vessel-aranda-1536x864.jpg 1536w, https:\/\/rmcfinland.fi\/wp-content\/uploads\/2025\/05\/research-vessel-aranda-1600x900.jpg 1600w\" sizes=\"auto, (max-width: 1920px) 100vw, 1920px\"><\/figure>\n\n\n\n<div style=\"height:2em\" aria-hidden=\"true\" class=\"wp-block-spacer wp-embed-aspect-16-9 wp-has-aspect-ratio\"><\/div>\n\n\n\n<h4 class=\"wp-block-heading wp-embed-aspect-16-9 wp-has-aspect-ratio\">Tutkimusalus Aranda<\/h4>\n\n\n\n<div class=\"wp-block-columns wp-embed-aspect-16-9 wp-has-aspect-ratio is-layout-flex wp-container-core-columns-is-layout-28f84493 wp-block-columns-is-layout-flex\">\n<div class=\"wp-block-column is-layout-flow wp-block-column-is-layout-flow\">\n<p>Suomen ymp\u00e4rist\u00f6keskuksen merentutkimusalus Arandan peruskorjaus aloitettiin Rauman telakalla loppukes\u00e4st\u00e4 2017. Aranda luovutettiin tilaajalleen kes\u00e4ll\u00e4 2018. Arandan korjauksella ja uudistamisella haluttiin taata sen toimintakyky 2030-luvulle asti. Uudistuksen yhteydess\u00e4 aluksen keskelle lis\u00e4ttiin uusi lohko ja sek\u00e4 sen per\u00e4\u00e4 ett\u00e4 per\u00e4kantta muotoiltiin uudelleen. Yhteens\u00e4 Aranda piteni seitsem\u00e4ll\u00e4 metrill\u00e4. Lis\u00e4metrit mahdollistivat tutkimus- ja laboratoriotilojen laajentamisen ja siirtymisen uusien tutkimuksellisten vaatimuksien mukaiseen, t\u00e4ysin s\u00e4hk\u00f6iseen voimansiirtoon.<\/p>\n<\/div>\n\n\n\n<div class=\"wp-block-column is-layout-flow wp-block-column-is-layout-flow\">\n<p>Peruskorjauksen seurauksena Aranda on aiempaa ymp\u00e4rist\u00f6yst\u00e4v\u00e4llisempi, sill\u00e4 se voi k\u00e4ytt\u00e4\u00e4 polttoaineenaan biodieseli\u00e4 ymp\u00e4ri vuoden. Lis\u00e4ksi se voi kulkea lyhyit\u00e4 matkoja pelk\u00e4st\u00e4\u00e4n akkus\u00e4hk\u00f6ll\u00e4. Uusi akkuteknologia pienent\u00e4\u00e4 p\u00e4\u00e4st\u00f6j\u00e4 ja v\u00e4hent\u00e4\u00e4 aluksen mereen aiheuttamaa melua huomattavasti, mik\u00e4 helpottaa merieli\u00f6iden tutkimista.<\/p>\n<\/div>\n<\/div>\n","protected":false},"excerpt":{"rendered":"<p>Meill\u00e4 on vuosikymmenien kokemus alusten rakentamisesta puolustusvoimille ja viranomaisille. Raumalla on rakennettu ja huollettu huomattava osa Suomen valtion omistamista aluksista, kuten kaikki monitoimimurtajat ja suuret vartioalukset. My\u00f6s kaikki vuoden 1990 j\u00e4lkeen k\u00e4ytt\u00f6\u00f6n otetut Merivoimien isot taistelualukset on rakennettu Raumalla. Lis\u00e4ksi Raumalla on rakennettu useita tutkimusaluksia. Kansainv\u00e4list\u00e4 huipputasoa edustaa Etel\u00e4-Afrikan ymp\u00e4rist\u00f6ministeri\u00f6lle vuonna 2014 rakennettu SA Agulhas [&hellip;]<\/p>\n","protected":false},"author":1,"featured_media":0,"parent":0,"menu_order":0,"comment_status":"closed","ping_status":"closed","template":"","meta":{"_acf_changed":false,"footnotes":""},"class_list":["post-2500","page","type-page","status-publish","hentry"],"acf":[],"_links":{"self":[{"href":"https:\/\/rmcfinland.fi\/fi\/wp-json\/wp\/v2\/pages\/2500","targetHints":{"allow":["GET"]}}],"collection":[{"href":"https:\/\/rmcfinland.fi\/fi\/wp-json\/wp\/v2\/pages"}],"about":[{"href":"https:\/\/rmcfinland.fi\/fi\/wp-json\/wp\/v2\/types\/page"}],"author":[{"embeddable":true,"href":"https:\/\/rmcfinland.fi\/fi\/wp-json\/wp\/v2\/users\/1"}],"replies":[{"embeddable":true,"href":"https:\/\/rmcfinland.fi\/fi\/wp-json\/wp\/v2\/comments?post=2500"}],"version-history":[{"count":10,"href":"https:\/\/rmcfinland.fi\/fi\/wp-json\/wp\/v2\/pages\/2500\/revisions"}],"predecessor-version":[{"id":3763,"href":"https:\/\/rmcfinland.fi\/fi\/wp-json\/wp\/v2\/pages\/2500\/revisions\/3763"}],"wp:attachment":[{"href":"https:\/\/rmcfinland.fi\/fi\/wp-json\/wp\/v2\/media?parent=2500"}],"curies":[{"name":"wp","href":"https:\/\/api.w.org\/{rel}","templated":true}]}}