{"id":2431,"date":"2025-05-18T12:17:01","date_gmt":"2025-05-18T09:17:01","guid":{"rendered":"https:\/\/rmcfinland.fi\/?page_id=2431"},"modified":"2026-03-03T12:30:10","modified_gmt":"2026-03-03T10:30:10","slug":"rmc-tyonantajana","status":"publish","type":"page","link":"https:\/\/rmcfinland.fi\/fi\/rmc-tyonantajana\/","title":{"rendered":"RMC ty\u00f6nantajana"},"content":{"rendered":"\n<h3 class=\"wp-block-heading\">RMC ty\u00f6nantajana<\/h3>\n\n\n\n<p class=\"has-poppins-font-family\" style=\"font-size:clamp(0.929em, 0.929rem + ((1vw - 0.2em) * 0.673), 1.4em);font-style:normal;font-weight:400;line-height:1.6\">Olemme 360 hengen asiantuntijaorganisaatio, joka johtaa kymmeni\u00e4 verkostoyrityksi\u00e4 laivojen suunnittelu- ja rakennusprosessissa. Meill\u00e4 suunnitellaan ja rakennetaan nykyaikaisia erikoisaluksia, joita ei ole mahdollista p\u00e4\u00e4st\u00e4 tekem\u00e4\u00e4n muualla.<\/p>\n\n\n\n<p>Ty\u00f6skentely meill\u00e4 ei tarkoita vain laivojen konkreettista rakentamista. Tulevaisuuden laivojen parissa tekev\u00e4t t\u00f6it\u00e4 muun muassa sisustus- ja s\u00e4hk\u00f6suunnittelun, IT:n, data-analytiikan, talouden ja myynnin ammattilaiset.<\/p>\n\n\n\n<div style=\"height:4em\" aria-hidden=\"true\" class=\"wp-block-spacer\"><\/div>\n\n\n\n<div class=\"wp-block-columns alignwide is-layout-flex wp-container-core-columns-is-layout-28f84493 wp-block-columns-is-layout-flex\">\n<div class=\"wp-block-column is-layout-flow wp-block-column-is-layout-flow\">\n<p class=\"has-text-align-center has-small-font-size\"><\/p>\n<\/div>\n\n\n\n<div class=\"wp-block-column is-layout-flow wp-block-column-is-layout-flow\">\n<h2 class=\"wp-block-heading has-text-align-center has-medium-font-size\">6<\/h2>\n\n\n\n<p class=\"has-text-align-center has-small-font-size\">alusta rakennettavana<\/p>\n<\/div>\n\n\n\n<div class=\"wp-block-column is-layout-flow wp-block-column-is-layout-flow\">\n<h2 class=\"wp-block-heading has-text-align-center has-medium-font-size\">360<\/h2>\n\n\n\n<p class=\"has-text-align-center has-small-font-size\">omaa asiantuntijaa<\/p>\n<\/div>\n\n\n\n<div class=\"wp-block-column is-layout-flow wp-block-column-is-layout-flow\">\n<h2 class=\"wp-block-heading has-text-align-center has-medium-font-size\">20+<\/h2>\n\n\n\n<p class=\"has-text-align-center has-small-font-size\">verkostokumppania<\/p>\n<\/div>\n\n\n\n<div class=\"wp-block-column is-layout-flow wp-block-column-is-layout-flow\">\n<h2 class=\"wp-block-heading has-text-align-center has-medium-font-size\">100%<\/h2>\n\n\n\n<p class=\"has-text-align-center has-small-font-size\">kotimainen omistus<\/p>\n<\/div>\n\n\n\n<div class=\"wp-block-column is-layout-flow wp-block-column-is-layout-flow\"><\/div>\n<\/div>\n\n\n\n<div style=\"height:4em\" aria-hidden=\"true\" class=\"wp-block-spacer\"><\/div>\n\n\n\n<figure class=\"wp-block-image alignwide size-full\"><img loading=\"lazy\" decoding=\"async\" width=\"1920\" height=\"767\" src=\"https:\/\/rmcfinland.fi\/wp-content\/uploads\/2025\/05\/finnish-coust-quard-patrol-boat-turva-shipyard.jpg\" alt=\"\" class=\"wp-image-2377\" srcset=\"https:\/\/rmcfinland.fi\/wp-content\/uploads\/2025\/05\/finnish-coust-quard-patrol-boat-turva-shipyard.jpg 1920w, https:\/\/rmcfinland.fi\/wp-content\/uploads\/2025\/05\/finnish-coust-quard-patrol-boat-turva-shipyard-300x120.jpg 300w, https:\/\/rmcfinland.fi\/wp-content\/uploads\/2025\/05\/finnish-coust-quard-patrol-boat-turva-shipyard-1024x409.jpg 1024w, https:\/\/rmcfinland.fi\/wp-content\/uploads\/2025\/05\/finnish-coust-quard-patrol-boat-turva-shipyard-768x307.jpg 768w, https:\/\/rmcfinland.fi\/wp-content\/uploads\/2025\/05\/finnish-coust-quard-patrol-boat-turva-shipyard-1536x614.jpg 1536w, https:\/\/rmcfinland.fi\/wp-content\/uploads\/2025\/05\/finnish-coust-quard-patrol-boat-turva-shipyard-1600x639.jpg 1600w\" sizes=\"auto, (max-width: 1920px) 100vw, 1920px\"><\/figure>\n\n\n\n<div style=\"height:2em\" aria-hidden=\"true\" class=\"wp-block-spacer\"><\/div>\n\n\n\n<h2 class=\"wp-block-heading\"><strong>Tekemist\u00e4 riitt\u00e4\u00e4<\/strong> <em>ja osaajia tarvitaan.<\/em><\/h2>\n\n\n\n<div style=\"height:1em\" aria-hidden=\"true\" class=\"wp-block-spacer\"><\/div>\n\n\n\n<p class=\"has-poppins-font-family\" style=\"font-size:clamp(0.929em, 0.929rem + ((1vw - 0.2em) * 0.673), 1.4em);font-style:normal;font-weight:400;line-height:1.6\">Meill\u00e4 on t\u00e4ll\u00e4 hetkell\u00e4 kuusi alusta tilauskirjassa, joka ulottuu<br>2020-luvun lopulle asti. T\u00f6it\u00e4 on tarjolla vuosiksi eteenp\u00e4in.<\/p>\n\n\n\n<p>Koska tekemist\u00e4 riitt\u00e4\u00e4, haemme aktiivisesti joukkoomme uusia osaajia \u2013 sek\u00e4 alan konkareita ett\u00e4 nuoria tulokkaita. Mik\u00e4li juuri sinun parasta osaamistasi vastaavaa teht\u00e4v\u00e4\u00e4 ei t\u00e4ll\u00e4 hetkell\u00e4 ole avoimissa ty\u00f6paikoissamme, Suosittelemme l\u00e4mpim\u00e4sti laittamaan meille avoimen hakemuksen.<\/p>\n\n\n\n<div style=\"height:6em\" aria-hidden=\"true\" class=\"wp-block-spacer\"><\/div>\n\n\n\n<div class=\"wp-block-media-text alignwide is-stacked-on-mobile\"><figure class=\"wp-block-media-text__media\"><img loading=\"lazy\" decoding=\"async\" width=\"1024\" height=\"574\" src=\"https:\/\/rmcfinland.fi\/wp-content\/uploads\/2025\/05\/electric-vessel-future-rmc-finland-1024x574.jpg\" alt=\"\" class=\"wp-image-1579 size-full\" srcset=\"https:\/\/rmcfinland.fi\/wp-content\/uploads\/2025\/05\/electric-vessel-future-rmc-finland-1024x574.jpg 1024w, https:\/\/rmcfinland.fi\/wp-content\/uploads\/2025\/05\/electric-vessel-future-rmc-finland-300x168.jpg 300w, https:\/\/rmcfinland.fi\/wp-content\/uploads\/2025\/05\/electric-vessel-future-rmc-finland-768x430.jpg 768w, https:\/\/rmcfinland.fi\/wp-content\/uploads\/2025\/05\/electric-vessel-future-rmc-finland-1536x861.jpg 1536w, https:\/\/rmcfinland.fi\/wp-content\/uploads\/2025\/05\/electric-vessel-future-rmc-finland-1600x897.jpg 1600w, https:\/\/rmcfinland.fi\/wp-content\/uploads\/2025\/05\/electric-vessel-future-rmc-finland.jpg 1920w\" sizes=\"auto, (max-width: 1024px) 100vw, 1024px\"><\/figure><div class=\"wp-block-media-text__content\">\n<h4 class=\"wp-block-heading\">Suomalaista osaamista maailmankartalle<\/h4>\n\n\n\n<p>Olemme kokoluokassamme ainoa 100-prosenttisesti suomalaisessa omistuksessa oleva laivanrakennusyhti\u00f6.<\/p>\n\n\n\n<p>Haluamme omalla toiminnallamme olla luomassa ty\u00f6paikkoja Suomeen. Siksi panostamme suomalaiseen ty\u00f6h\u00f6n ja laatuun sek\u00e4 niiden turvaamiseen my\u00f6s tulevaisuudessa.<\/p>\n\n\n\n<p>Kotimaisuus n\u00e4kyy my\u00f6s valmistamissamme tuotteissa. Esimerkiksi vuonna 2021 valmistuneen ja Avainlippu-tunnuksen saaneen Auroran Botnian kotimaisuusaste on yli 80 prosenttia.<\/p>\n<\/div><\/div>\n\n\n\n<div style=\"height:6em\" aria-hidden=\"true\" class=\"wp-block-spacer\"><\/div>\n\n\n\n<div class=\"wp-block-media-text alignwide has-media-on-the-right is-stacked-on-mobile\"><div class=\"wp-block-media-text__content\">\n<h4 class=\"wp-block-heading\">Hyv\u00e4 yhteishenki ja keskin\u00e4inen kunnioitus<\/h4>\n\n\n\n<p>Ty\u00f6ilmapiirimme perusta on hyv\u00e4 yhteishenki ja toisiaan kunnioittavat ty\u00f6kaverit, joita johdetaan oikeudenmukaisesti \u2013 erilaisuus tunnistaen ja sit\u00e4 kunnioittaen. Vastuu hyv\u00e4st\u00e4 ty\u00f6ilmapiirist\u00e4 kuuluu meille kaikille.<\/p>\n\n\n\n<p>Tuoreimman henkil\u00f6st\u00f6kyselymme (2022) mukaan ty\u00f6ntekij\u00e4mme tuntevat itsens\u00e4 arvostetuiksi niin ty\u00f6ntekij\u00f6in\u00e4 kuin ty\u00f6kavereinakin. Yrityksemme tulevaisuudenn\u00e4kymi\u00e4 pidet\u00e4\u00e4n hyvin\u00e4. Ty\u00f6ymp\u00e4rist\u00f6ss\u00e4 parhaana pidet\u00e4\u00e4n mahdollisuutta keskustella ty\u00f6tovereiden kanssa p\u00e4ivitt\u00e4in. Kehuja saa my\u00f6s ty\u00f6ymp\u00e4rist\u00f6n turvallisuus ja avoimuus.<\/p>\n\n\n\n<p>Yli puolet ty\u00f6ntekij\u00f6ist\u00e4mme suosittelisi RMC:t\u00e4 ty\u00f6nantajana l\u00e4mpim\u00e4sti ja l\u00e4hes kolmannes ty\u00f6ntekij\u00f6ist\u00e4mme kertoo n\u00e4in tehneens\u00e4.<\/p>\n<\/div><figure class=\"wp-block-media-text__media\"><img loading=\"lazy\" decoding=\"async\" width=\"768\" height=\"512\" src=\"https:\/\/rmcfinland.fi\/wp-content\/uploads\/2025\/05\/rmc-employees-with-hammers.jpg\" alt=\"\" class=\"wp-image-2392 size-full\" srcset=\"https:\/\/rmcfinland.fi\/wp-content\/uploads\/2025\/05\/rmc-employees-with-hammers.jpg 768w, https:\/\/rmcfinland.fi\/wp-content\/uploads\/2025\/05\/rmc-employees-with-hammers-300x200.jpg 300w\" sizes=\"auto, (max-width: 768px) 100vw, 768px\"><\/figure><\/div>\n\n\n\n<div style=\"height:6em\" aria-hidden=\"true\" class=\"wp-block-spacer\"><\/div>\n\n\n\n<hr class=\"wp-block-separator has-alpha-channel-opacity\">\n\n\n\n<div style=\"height:1em\" aria-hidden=\"true\" class=\"wp-block-spacer\"><\/div>\n\n\n\n<h2 class=\"wp-block-heading has-text-align-center\"><strong>Kiinnostuitko?<\/strong><\/h2>\n\n\n\n<p class=\"has-text-align-center\">Katso avoimet ty\u00f6paikkamme tai vinkkaa osaamisestasi avoimella hakemuksella.<\/p>\n\n\n\n<div style=\"height:1em\" aria-hidden=\"true\" class=\"wp-block-spacer\"><\/div>\n\n\n\n<div class=\"wp-block-buttons is-content-justification-center is-layout-flex wp-container-core-buttons-is-layout-a89b3969 wp-block-buttons-is-layout-flex\">\n<div class=\"wp-block-button is-style-outline is-style-outline--1\"><a class=\"wp-block-button__link has-blue-color has-text-color has-link-color wp-element-button\" href=\"https:\/\/rmcfinland.fi\/avoimet-tyopaikat\/\" style=\"letter-spacing:2px\">JATKA\u00a0T\u00c4ST\u00c4<\/a><\/div>\n<\/div>\n\n\n\n<div style=\"height:2em\" aria-hidden=\"true\" class=\"wp-block-spacer\"><\/div>\n\n\n\n<hr class=\"wp-block-separator has-alpha-channel-opacity\">\n\n\n\n<div style=\"height:4em\" aria-hidden=\"true\" class=\"wp-block-spacer\"><\/div>\n","protected":false},"excerpt":{"rendered":"<p>RMC ty\u00f6nantajana Ty\u00f6skentely meill\u00e4 ei tarkoita vain laivojen konkreettista rakentamista. Tulevaisuuden laivojen parissa tekev\u00e4t t\u00f6it\u00e4 muun muassa sisustus- ja s\u00e4hk\u00f6suunnittelun, IT:n, data-analytiikan, talouden ja myynnin ammattilaiset. 6 alusta rakennettavana 360 omaa asiantuntijaa 20+ verkostokumppania 100% kotimainen omistus Tekemist\u00e4 riitt\u00e4\u00e4 ja osaajia tarvitaan. Koska tekemist\u00e4 riitt\u00e4\u00e4, haemme aktiivisesti joukkoomme uusia osaajia \u2013 sek\u00e4 alan konkareita ett\u00e4 [&hellip;]<\/p>\n","protected":false},"author":1,"featured_media":0,"parent":0,"menu_order":0,"comment_status":"closed","ping_status":"closed","template":"","meta":{"_acf_changed":false,"footnotes":""},"class_list":["post-2431","page","type-page","status-publish","hentry"],"acf":[],"_links":{"self":[{"href":"https:\/\/rmcfinland.fi\/fi\/wp-json\/wp\/v2\/pages\/2431","targetHints":{"allow":["GET"]}}],"collection":[{"href":"https:\/\/rmcfinland.fi\/fi\/wp-json\/wp\/v2\/pages"}],"about":[{"href":"https:\/\/rmcfinland.fi\/fi\/wp-json\/wp\/v2\/types\/page"}],"author":[{"embeddable":true,"href":"https:\/\/rmcfinland.fi\/fi\/wp-json\/wp\/v2\/users\/1"}],"replies":[{"embeddable":true,"href":"https:\/\/rmcfinland.fi\/fi\/wp-json\/wp\/v2\/comments?post=2431"}],"version-history":[{"count":14,"href":"https:\/\/rmcfinland.fi\/fi\/wp-json\/wp\/v2\/pages\/2431\/revisions"}],"predecessor-version":[{"id":3647,"href":"https:\/\/rmcfinland.fi\/fi\/wp-json\/wp\/v2\/pages\/2431\/revisions\/3647"}],"wp:attachment":[{"href":"https:\/\/rmcfinland.fi\/fi\/wp-json\/wp\/v2\/media?parent=2431"}],"curies":[{"name":"wp","href":"https:\/\/api.w.org\/{rel}","templated":true}]}}