{"id":2033,"date":"2025-05-15T10:00:52","date_gmt":"2025-05-15T07:00:52","guid":{"rendered":"https:\/\/rmcfinland.fi\/partners\/"},"modified":"2026-03-02T14:16:13","modified_gmt":"2026-03-02T12:16:13","slug":"kumppanit","status":"publish","type":"page","link":"https:\/\/rmcfinland.fi\/fi\/kumppanit\/","title":{"rendered":"Kumppanit"},"content":{"rendered":"\n<h2 class=\"wp-block-heading\"><strong>Saumaton yhteisty\u00f6 on <\/strong><em>avain<\/em> <strong>onnistuneisiin projekteihin<\/strong><\/h2>\n\n\n\n<div style=\"height:2em\" aria-hidden=\"true\" class=\"wp-block-spacer\"><\/div>\n\n\n\n<p class=\"has-poppins-font-family\" style=\"font-size:clamp(0.929em, 0.929rem + ((1vw - 0.2em) * 0.673), 1.4em);font-style:normal;font-weight:400;line-height:1.6\">Toimintamme perustuu yhteisty\u00f6h\u00f6n kymmenien huippuyritysten ja heid\u00e4n ammattilaistensa muodostaman verkoston kanssa. Me vastaamme projektin suunnittelusta ja johdosta, sek\u00e4 lopullisesti tuotteen korkeasta laadusta. Korkean laadun takaamme, kokoamalla kulloiseenkin tarpeeseen parhaiten soveltuvan suunnittelu- ja toteutustiimin t\u00e4s\u00e4 laajasta yhteisty\u00f6kumppaneidemme verkostosta.<\/p>\n\n\n\n<div style=\"height:2em\" aria-hidden=\"true\" class=\"wp-block-spacer\"><\/div>\n\n\n\n<h3 class=\"wp-block-heading\">Toimintamalli<\/h3>\n\n\n\n<p>Erityisen t\u00e4rke\u00e4\u00e4 toimintamallissamme on erinomainen projektinjohtokyky ja laajamittainen yhteisty\u00f6.<\/p>\n\n\n\n<p>N\u00e4emme meriteollisuuden yksitt\u00e4isten toimijoiden sijaan arvoketjuna ja harmoniassa toimivana ekosysteemin\u00e4. Siksi suunnittelemme ja toteutamme tuotteemme verkostomaista liiketoimintamallia soveltaen.<\/p>\n\n\n\n<p>Verkostomalli perustuu pitk\u00e4j\u00e4nteisiin, strategisiin kumppanuuksiin meriteollisuuden ja muiden alojen toimijoiden kanssa. Aidosti verkostomaisella ja avoimella toimintamallilla sek\u00e4 yhteisty\u00f6ll\u00e4 kumppaniyritystemme kanssa pystymme jatkuvasti kehitt\u00e4m\u00e4\u00e4n toimintatapojamme ja prosessejamme. N\u00e4in liiketoiminnasta tulee kannattavaa ja tehokasta.<\/p>\n\n\n\n<div style=\"height:2em\" aria-hidden=\"true\" class=\"wp-block-spacer\"><\/div>\n\n\n\n<h3 class=\"wp-block-heading\">Joustavuus ja resurssien tehokas kohdentaminen<\/h3>\n\n\n\n<p>Verkostopohjainen toimintamallimme mahdollistaa ainutlaatuisen joustavuuden ja resurssien t\u00e4sm\u00e4llisen kohdentamisen projektien kriittisiin tarpeisiin. T\u00e4m\u00e4 l\u00e4hestymistapa tuottaa kaksoisedun: kustannustehokkuuden meille ja maksimaalisen arvon asiakkaallemme.<\/p>\n\n\n\n<p>Toimintamme ytimess\u00e4 on ketter\u00e4, korkeaan asiantuntijuuteen perustuva ydinorganisaatio, jota vahvistamme strategisilla kumppanuuksilla juuri oikeissa projektin vaiheissa.<\/p>\n\n\n\n<p>Verkostomallimme ja joustavat tilaratkaisumme mahdollistavat poikkeuksellisen kilpailukykyisen toiminnan. Voimme keskitty\u00e4 vain arvoa tuottaviin, laadukkaisiin projekteihin ilman taloudellista painetta hyv\u00e4ksy\u00e4 kannattamattomia hankkeita pelk\u00e4st\u00e4\u00e4n kapasiteetin yll\u00e4pit\u00e4miseksi.<\/p>\n\n\n\n<div style=\"height:2em\" aria-hidden=\"true\" class=\"wp-block-spacer\"><\/div>\n\n\n\n<h3 class=\"wp-block-heading\">Aidon verkostotoimijan toimintamalli<\/h3>\n\n\n\n<p>Koska olemme vastuussa projektien ohjauksesta, kontrolloinnista ja korkeasta laadusta, ymm\u00e4rr\u00e4mme syv\u00e4llisesti, ett\u00e4  onnistunut lopputulos perustuu aina tiiviiseen yhteisty\u00f6h\u00f6n verkostokumppaniemme kanssa.<\/p>\n\n\n\n<p>Meid\u00e4n teht\u00e4v\u00e4mme on koota yhteen yhteisty\u00f6kumppaniverkostomme kehitt\u00e4m\u00e4t innovatiiviset ratkaisut ja mahdollistaa niiden hy\u00f6dynt\u00e4minen k\u00e4yt\u00e4nn\u00f6ss\u00e4.<\/p>\n\n\n\n<p>Uskomme siihen, ett\u00e4 kest\u00e4vien ratkaisujen k\u00e4ytt\u00f6\u00f6n saamiseksi tarvitaan yhteisty\u00f6t\u00e4 ja keskustelua sek\u00e4 suomalaisten meriteollisuuden yritysten kesken ett\u00e4 yli maantieteellisten ja toimialarajojen.<\/p>\n\n\n\n<div style=\"height:3em\" aria-hidden=\"true\" class=\"wp-block-spacer\"><\/div>\n\n\n\n<hr class=\"wp-block-separator has-text-color has-alpha-channel-opacity has-background\" style=\"background-color:#e6e6e6;color:#e6e6e6\"\/>\n\n\n\n<div style=\"height:2em\" aria-hidden=\"true\" class=\"wp-block-spacer\"><\/div>\n\n\n\n<div class=\"wp-block-columns is-layout-flex wp-container-core-columns-is-layout-28f84493 wp-block-columns-is-layout-flex\">\n<div class=\"wp-block-column is-layout-flow wp-block-column-is-layout-flow\">\n<h2 class=\"wp-block-heading has-small-font-size\">Tule kumppaniksemme<\/h2>\n<\/div>\n\n\n\n<div class=\"wp-block-column is-layout-flow wp-block-column-is-layout-flow\">\n<p>Jos olet kiinnostunut yhteisty\u00f6st\u00e4 Rauma Marine Constructionsin kumppaniverkostossa, l\u00e4het\u00e4 yhteisty\u00f6hakemus.<\/p>\n\n\n\n<div class=\"wp-block-buttons is-layout-flex wp-block-buttons-is-layout-flex\">\n<div class=\"wp-block-button is-style-outline is-style-outline--1\"><a class=\"wp-block-button__link has-blue-color has-text-color has-link-color wp-element-button\" href=\"https:\/\/rmcfinland.fi\/fi\/yhteistyossa\/\">Tutustu<\/a><\/div>\n<\/div>\n<\/div>\n<\/div>\n\n\n\n<div style=\"height:4em\" aria-hidden=\"true\" class=\"wp-block-spacer\"><\/div>\n\n\n\n<p><\/p>\n","protected":false},"excerpt":{"rendered":"<p>Saumaton yhteisty\u00f6 on avain onnistuneisiin projekteihin Toimintamalli Erityisen t\u00e4rke\u00e4\u00e4 toimintamallissamme on erinomainen projektinjohtokyky ja laajamittainen yhteisty\u00f6. N\u00e4emme meriteollisuuden yksitt\u00e4isten toimijoiden sijaan arvoketjuna ja harmoniassa toimivana ekosysteemin\u00e4. Siksi suunnittelemme ja toteutamme tuotteemme verkostomaista liiketoimintamallia soveltaen. Verkostomalli perustuu pitk\u00e4j\u00e4nteisiin, strategisiin kumppanuuksiin meriteollisuuden ja muiden alojen toimijoiden kanssa. Aidosti verkostomaisella ja avoimella toimintamallilla sek\u00e4 yhteisty\u00f6ll\u00e4 kumppaniyritystemme kanssa pystymme [&hellip;]<\/p>\n","protected":false},"author":1,"featured_media":0,"parent":0,"menu_order":0,"comment_status":"closed","ping_status":"closed","template":"","meta":{"_acf_changed":false,"footnotes":""},"class_list":["post-2033","page","type-page","status-publish","hentry"],"acf":[],"_links":{"self":[{"href":"https:\/\/rmcfinland.fi\/fi\/wp-json\/wp\/v2\/pages\/2033","targetHints":{"allow":["GET"]}}],"collection":[{"href":"https:\/\/rmcfinland.fi\/fi\/wp-json\/wp\/v2\/pages"}],"about":[{"href":"https:\/\/rmcfinland.fi\/fi\/wp-json\/wp\/v2\/types\/page"}],"author":[{"embeddable":true,"href":"https:\/\/rmcfinland.fi\/fi\/wp-json\/wp\/v2\/users\/1"}],"replies":[{"embeddable":true,"href":"https:\/\/rmcfinland.fi\/fi\/wp-json\/wp\/v2\/comments?post=2033"}],"version-history":[{"count":22,"href":"https:\/\/rmcfinland.fi\/fi\/wp-json\/wp\/v2\/pages\/2033\/revisions"}],"predecessor-version":[{"id":3754,"href":"https:\/\/rmcfinland.fi\/fi\/wp-json\/wp\/v2\/pages\/2033\/revisions\/3754"}],"wp:attachment":[{"href":"https:\/\/rmcfinland.fi\/fi\/wp-json\/wp\/v2\/media?parent=2033"}],"curies":[{"name":"wp","href":"https:\/\/api.w.org\/{rel}","templated":true}]}}