{"id":2021,"date":"2025-05-15T08:46:12","date_gmt":"2025-05-15T05:46:12","guid":{"rendered":"https:\/\/rmcfinland.fi\/expertise\/"},"modified":"2026-03-02T14:08:58","modified_gmt":"2026-03-02T12:08:58","slug":"ammattitaito","status":"publish","type":"page","link":"https:\/\/rmcfinland.fi\/fi\/ammattitaito\/","title":{"rendered":"Ammattitaito"},"content":{"rendered":"\n<h2 class=\"wp-block-heading\"><strong>Luomme aluksia, joilla on <\/strong><em>syvempi tarkoitus<\/em><strong>, ja jokainen suunnitteluratkaisu <\/strong><em>suojelee<\/em><strong> meid\u00e4n kaikkien <\/strong><em>rakastamaa merta.<\/em><\/h2>\n\n\n\n<div style=\"height:1em\" aria-hidden=\"true\" class=\"wp-block-spacer\"><\/div>\n\n\n\n<p class=\"has-poppins-font-family\" style=\"font-size:clamp(0.929em, 0.929rem + ((1vw - 0.2em) * 0.673), 1.4em);font-style:normal;font-weight:400;line-height:1.6\">RMC:n l\u00e4hes 400 merenkulkualan ammattilaista muodostavat toimintamme ytimen, joka keskittyy suunnittelun innovaatioihin, projektinhallintaan ja erikoistuneeseen laivanrakennukseen. Asiantuntemuksemme kattaa koko laivanrakennuksen ketjun: konseptista yksityiskohtaiseen suunnitteluun, ter\u00e4ksen tuotannosta varusteluun. Ja kaikki t\u00e4m\u00e4 tapahtuu yhdell\u00e4 ja samalla tontilla, mik\u00e4 tekee meist\u00e4 ainutlaatuisen toimijan alalla.<\/p>\n\n\n\n<div style=\"height:2em\" aria-hidden=\"true\" class=\"wp-block-spacer\"><\/div>\n\n\n\n<h3 class=\"wp-block-heading\">Jatkuva kehitt\u00e4minen<\/h3>\n\n\n\n<p>Kattavan osaamiskartoituksen avulla olemme tunnistaneet ne laivanrakennusprosessin vaiheet, joissa omalla asiantuntemuksellamme on suurin vaikutus. T\u00e4m\u00e4 strateginen suhtautuminen osaamisen kehitt\u00e4miseen mahdollistaa erinomaiset tulokset ja samalla joustavan ja tehokkaan organisaation.<\/p>\n\n\n\n<p>T\u00e4m\u00e4 tehokkuuteen keskittyminen tuo konkreettisia etuja asiakkaillemme. N\u00e4m\u00e4 edut n\u00e4kyv\u00e4t esimerkiksi kyvyss\u00e4mme toimittaa edistyksellisi\u00e4 j\u00e4\u00e4nmurtajia 36 kuukauden kuluessa sopimuksen allekirjoittamisesta. T\u00e4m\u00e4 on alan johtava toimitusaika, joka antaa asiakkaillemme nopeamman p\u00e4\u00e4syn teht\u00e4viens\u00e4 kannalta kriittisiin aluksiin.<\/p>\n\n\n\n<p>Sitoutumisemme innovaatioihin ulottuu my\u00f6s ymp\u00e4rist\u00f6teknologioihin. Yhten\u00e4 esimerkkin\u00e4 t\u00e4st\u00e4 on yhteisty\u00f6mme Viking Linen, \u00c5bo Akademin ja Kempowerin kanssa Decatrip-projektissa. T\u00e4ss\u00e4 uraauurtavassa hankkeessa luotiin yksi maailman ensimm\u00e4isist\u00e4 vihreist\u00e4 meriliikennek\u00e4yt\u00e4vist\u00e4 Turun ja Tukholman v\u00e4lille. RMC tutki hankkeessa, miten jo liikenteess\u00e4 olevia laivoja voitaisiin muuttaa ymp\u00e4rist\u00f6yst\u00e4v\u00e4llisemm\u00e4ksi.<\/p>\n\n\n\n<div style=\"height:2em\" aria-hidden=\"true\" class=\"wp-block-spacer\"><\/div>\n\n\n\n<h3 class=\"wp-block-heading\">Yhteisty\u00f6taidot<\/h3>\n\n\n\n<p>Juurisyy verkostoituneeseen l\u00e4hestymistapamme pohjautuu perusperiaatteeseen: parhaat alukset syntyv\u00e4t yhteisty\u00f6ss\u00e4 kunkin projektin osan parhaiden asiantuntijoiden kanssa. Sen sijaan, ett\u00e4 yritt\u00e4isimme keskitt\u00e4\u00e4 kaiken osaamisen talon sis\u00e4lle, solmimme kumppanuuksia oman alueensa parhaiden osaajien kanssa, jotka tuovat prosessiin oman huippuosaamisensa.<\/p>\n\n\n\n<p>Edell\u00e4 esitelty toimintamalli antaa meille mahdollisuuden pysy\u00e4 ketter\u00e4n\u00e4 ja hy\u00f6dynt\u00e4\u00e4 laajoja, kulloinkin tarvittavia, resursseja. Omassa osaamisessamme korostuvat yhteisty\u00f6taidot. 300+ asiantuntijan ydintiimimme onkin erikoistunut integroimaan kymmenien kumppaniyritysten monipuoliset panokset ja varmistamaan, ett\u00e4 kaikki kumppanit ty\u00f6skentelev\u00e4t harmonisesti asiakkaan vision mukaisesti.<\/p>\n\n\n\n<p>T\u00e4m\u00e4n l\u00e4hestymistavan menestys n\u00e4kyy lukuisissa palkituissa aluksissamme, jotka ylitt\u00e4v\u00e4t jatkuvasti suorituskykyodotukset.<\/p>\n\n\n\n<figure class=\"wp-block-image alignwide size-large\"><img loading=\"lazy\" decoding=\"async\" width=\"1024\" height=\"554\" src=\"https:\/\/rmcfinland.fi\/wp-content\/uploads\/2025\/05\/suunnittelija-1024x554.jpg\" alt=\"\" class=\"wp-image-1863\" srcset=\"https:\/\/rmcfinland.fi\/wp-content\/uploads\/2025\/05\/suunnittelija-1024x554.jpg 1024w, https:\/\/rmcfinland.fi\/wp-content\/uploads\/2025\/05\/suunnittelija-300x162.jpg 300w, https:\/\/rmcfinland.fi\/wp-content\/uploads\/2025\/05\/suunnittelija-768x416.jpg 768w, https:\/\/rmcfinland.fi\/wp-content\/uploads\/2025\/05\/suunnittelija-1536x831.jpg 1536w, https:\/\/rmcfinland.fi\/wp-content\/uploads\/2025\/05\/suunnittelija-1600x866.jpg 1600w, https:\/\/rmcfinland.fi\/wp-content\/uploads\/2025\/05\/suunnittelija.jpg 1920w\" sizes=\"auto, (max-width: 1024px) 100vw, 1024px\"><\/figure>\n\n\n\n<div style=\"height:1em\" aria-hidden=\"true\" class=\"wp-block-spacer\"><\/div>\n\n\n\n<h3 class=\"wp-block-heading\">Suunnittelu<\/h3>\n\n\n\n<p>Suunnitteluprosessimme alkaa asiakkaan vision ja kunkin aluksen k\u00e4ytt\u00f6ymp\u00e4rist\u00f6n erityishaasteiden syv\u00e4llisest\u00e4 ymm\u00e4rt\u00e4misest\u00e4. Olipa kyseess\u00e4 arktiset olosuhteet, joissa meill\u00e4 on maailman johtavaa osaamista, tai haastaville avomeren reiteille tarkoitettujen alusten kehitt\u00e4minen, k\u00e4yt\u00e4mme meille kumuloitunutta kokemusta hyv\u00e4ksemme.<\/p>\n\n\n\n<p>Hyv\u00e4 esimerkki kumulatiivisesta osaamisen kehitt\u00e4misest\u00e4 ovat k\u00e4ytt\u00e4m\u00e4mme simulointiteknologiat: kehitimme niit\u00e4 merkitt\u00e4v\u00e4sti Aurora Botnia -projektin aikana ja nyt hy\u00f6dynn\u00e4mme niit\u00e4 kaikkien uusien alusten suunnittelussa. N\u00e4ill\u00e4 teknologioilla testaamme ja hiomme aluskonsepteja huolellisesti ennen rakentamisen aloittamista.<\/p>\n\n\n\n<div style=\"height:2em\" aria-hidden=\"true\" class=\"wp-block-spacer\"><\/div>\n\n\n\n<h3 class=\"wp-block-heading\">Projektinhallinta<\/h3>\n\n\n\n<p>Projektinhallinnan osaamisemme muuttaa konseptit valmiiksi aluksiksi koordinoimalla satoja toisiinsa liittyvi\u00e4 toimintoja. Rauman Seaside Industry Parkissa sijaitsevien integroitujen fasiliteettien ansiosta voimme toteuttaa koko laivanrakennusprosessin yhdess\u00e4 paikassa, ter\u00e4ksen esik\u00e4sittelyst\u00e4, leikkauksesta ja paneelien valmistuksesta lopulliseen varusteluun It\u00e4meren alueen suurimmassa kuivatelakassa, sek\u00e4 viimeistell\u00e4 alukset varustelulaitureissamme. T\u00e4m\u00e4 kaikkien vaadittujen toimintojen keskitt\u00e4minen eliminoi hajautetun rakentamisen logistiset haasteet ja laaturiskit.<\/p>\n\n\n\n<div style=\"height:2em\" aria-hidden=\"true\" class=\"wp-block-spacer\"><\/div>\n\n\n\n<h6 class=\"wp-block-heading has-text-align-center\"><strong>Me emme ainoastaan <\/strong><em>rakenna laivoja,<\/em><strong> <\/strong><br><strong>me olemme <\/strong><em>laivanrakentajia.<\/em><\/h6>\n\n\n\n<div style=\"height:2em\" aria-hidden=\"true\" class=\"wp-block-spacer\"><\/div>\n\n\n\n<h3 class=\"wp-block-heading\">Laivanrakennuksen huippuosaaminen<\/h3>\n\n\n\n<p>Me emme ainoastaan rakenna laivoja, me olemme laivanrakentajia. Ammattitaitoiset tuotantotiimimme toteuttavat suunnitelmat kaikissa rakentamisen vaiheissa. Ter\u00e4ksen leikkaus- ja paneelilinjoja k\u00e4ytt\u00e4vist\u00e4 ter\u00e4sasiantuntijoista mekaanisten, s\u00e4hk\u00f6isten ja digitaalisten komponenttien moitteettoman yhteentoimivuuden varmistaviin j\u00e4rjestelm\u00e4integraatioasiantuntijoihin \u2013 palveluksessamme on ammattilaisia, joilla on yhteens\u00e4 vuosikymmenten kokemus.<\/p>\n\n\n\n<p>N\u00e4m\u00e4 ty\u00f6lleen omistautuneet ammattilaiset kiinnitt\u00e4v\u00e4t huomiota pienimpiinkin yksityiskohtiin, olipa kyseess\u00e4 sitten Clean Design -sertifioidun matkustaja-aluksen, ankarimpiin arktisiin olosuhteisiin soveltuvan j\u00e4\u00e4luokan aluksen tai puolustusk\u00e4ytt\u00f6\u00f6n tarkoitetun kehittyneen merivoimien aluksen rakentaminen.<\/p>\n\n\n\n<p>Monet tiimimme j\u00e4senist\u00e4 ovat kartuttaneen kokemusta jo aiemmilla Rauman telakoilla, jotka ovat rakentaneet yhteens\u00e4 l\u00e4hes 40 kaupallista alusta vuodesta 1990 l\u00e4htien. T\u00e4m\u00e4 osaamisen perint\u00f6 on s\u00e4ilynyt ja siirtynyt meill\u00e4 my\u00f6s uusille sukupolville, mik\u00e4 takaa tunnetun suomalaisen telakkateollisuuden perinteen jatkuvuuden.<\/p>\n\n\n\n<div style=\"height:2em\" aria-hidden=\"true\" class=\"wp-block-spacer\"><\/div>\n\n\n\n<h2 class=\"wp-block-heading\">Koulutus<\/h2>\n\n\n\n<figure class=\"wp-block-image size-full\"><img loading=\"lazy\" decoding=\"async\" width=\"924\" height=\"514\" src=\"https:\/\/rmcfinland.fi\/wp-content\/uploads\/2025\/05\/Samk-simulator.jpg\" alt=\"\" class=\"wp-image-1872\" srcset=\"https:\/\/rmcfinland.fi\/wp-content\/uploads\/2025\/05\/Samk-simulator.jpg 924w, https:\/\/rmcfinland.fi\/wp-content\/uploads\/2025\/05\/Samk-simulator-300x167.jpg 300w, https:\/\/rmcfinland.fi\/wp-content\/uploads\/2025\/05\/Samk-simulator-768x427.jpg 768w\" sizes=\"auto, (max-width: 924px) 100vw, 924px\"><figcaption class=\"wp-element-caption\"><strong>Simulaattorikoulutus SAMK Maritime Centeriss\u00e4: <\/strong>Miehist\u00f6t koulutetaan optimaaliseen aluksen suorituskyvyn hy\u00f6dynt\u00e4miseen ennen toimitusta.<\/figcaption><\/figure>\n\n\n\n<p>Kattavan l\u00e4hestymistapamme viimeisen\u00e4 ulottuvuutena tiedostamme sen, ett\u00e4 aluksemme ovat lopulta vain niin hyvi\u00e4 kuin niit\u00e4 k\u00e4ytt\u00e4v\u00e4t miehist\u00f6t. 1990-luvulta l\u00e4htien olemme yll\u00e4pit\u00e4neet strategisia kumppanuuksia paikallisten merenkulkualan oppilaitosten, kuten Rauman merenkulkukoulun ja Satakunnan ammattikorkeakoulun (SAMK), kanssa.<\/p>\n\n\n\n<p>Koulutuskumppaneidemme avulla voimme varmistaa, ett\u00e4 rakentamiemme alusten operaattorit osaavat k\u00e4ytt\u00e4\u00e4 meill\u00e4 rakennettuja, teknologisesti edistyneit\u00e4 ja uudenaikaisia aluksia, heti kun ne valmistuvat. N\u00e4in maailman parhaiden alusten edistyksellisimm\u00e4t ominaisuudet tuottavat maksimaalisia hy\u00f6tyj\u00e4 ja hyv\u00e4\u00e4 kaikille osapuolille heti, kun ne seilaavat ulos telakaltamme.<\/p>\n\n\n\n<p>K\u00e4yt\u00e4nn\u00f6ss\u00e4 n\u00e4iden yhteisty\u00f6hankkeiden tuloksena syntyy esimerkiksi aluskohtaisia simulaattoreita, kuten Aurora Botnialle kehitetty simulaattori, jonka avulla miehist\u00f6t voivat harjoitella realistisissa virtuaaliymp\u00e4rist\u00f6iss\u00e4 jo ennen aluksen toimitusta. Kumppanuudet ulottuvat my\u00f6s tutkimukseen, kuten LaivaDigiLab- ja AlusAkku-tutkimushankkeisiin, jotka edist\u00e4v\u00e4t sek\u00e4 turvallisuutta ett\u00e4 teknologisia innovaatioita. Rakentamisen ja k\u00e4yt\u00f6n v\u00e4lisen kuilun kaventaminen tuo lis\u00e4arvoa alusten koko elinkaaren ajalle.<\/p>\n\n\n\n<div style=\"height:4em\" aria-hidden=\"true\" class=\"wp-block-spacer\"><\/div>\n","protected":false},"excerpt":{"rendered":"<p>Luomme aluksia, joilla on syvempi tarkoitus, ja jokainen suunnitteluratkaisu suojelee meid\u00e4n kaikkien rakastamaa merta. Jatkuva kehitt\u00e4minen Kattavan osaamiskartoituksen avulla olemme tunnistaneet ne laivanrakennusprosessin vaiheet, joissa omalla asiantuntemuksellamme on suurin vaikutus. T\u00e4m\u00e4 strateginen suhtautuminen osaamisen kehitt\u00e4miseen mahdollistaa erinomaiset tulokset ja samalla joustavan ja tehokkaan organisaation. T\u00e4m\u00e4 tehokkuuteen keskittyminen tuo konkreettisia etuja asiakkaillemme. N\u00e4m\u00e4 edut n\u00e4kyv\u00e4t esimerkiksi [&hellip;]<\/p>\n","protected":false},"author":1,"featured_media":0,"parent":0,"menu_order":0,"comment_status":"closed","ping_status":"closed","template":"","meta":{"_acf_changed":false,"footnotes":""},"class_list":["post-2021","page","type-page","status-publish","hentry"],"acf":[],"_links":{"self":[{"href":"https:\/\/rmcfinland.fi\/fi\/wp-json\/wp\/v2\/pages\/2021","targetHints":{"allow":["GET"]}}],"collection":[{"href":"https:\/\/rmcfinland.fi\/fi\/wp-json\/wp\/v2\/pages"}],"about":[{"href":"https:\/\/rmcfinland.fi\/fi\/wp-json\/wp\/v2\/types\/page"}],"author":[{"embeddable":true,"href":"https:\/\/rmcfinland.fi\/fi\/wp-json\/wp\/v2\/users\/1"}],"replies":[{"embeddable":true,"href":"https:\/\/rmcfinland.fi\/fi\/wp-json\/wp\/v2\/comments?post=2021"}],"version-history":[{"count":18,"href":"https:\/\/rmcfinland.fi\/fi\/wp-json\/wp\/v2\/pages\/2021\/revisions"}],"predecessor-version":[{"id":3752,"href":"https:\/\/rmcfinland.fi\/fi\/wp-json\/wp\/v2\/pages\/2021\/revisions\/3752"}],"wp:attachment":[{"href":"https:\/\/rmcfinland.fi\/fi\/wp-json\/wp\/v2\/media?parent=2021"}],"curies":[{"name":"wp","href":"https:\/\/api.w.org\/{rel}","templated":true}]}}