{"id":2018,"date":"2025-05-15T10:02:36","date_gmt":"2025-05-15T07:02:36","guid":{"rendered":"https:\/\/rmcfinland.fi\/capabilities\/"},"modified":"2025-05-19T12:01:49","modified_gmt":"2025-05-19T09:01:49","slug":"kyvykkyydet","status":"publish","type":"page","link":"https:\/\/rmcfinland.fi\/fi\/kyvykkyydet\/","title":{"rendered":"Kyvykkyydet"},"content":{"rendered":"\n<h2 class=\"wp-block-heading\"><strong>Kumppanimme ja sijaintimme <\/strong><em>vahvistavat<\/em><strong> <\/strong><em>kyky\u00e4mme<\/em><strong> rakentaa ylivoimaisia aluksia.<\/strong><\/h2>\n\n\n\n<p class=\"has-poppins-font-family\" style=\"font-size:clamp(0.929em, 0.929rem + ((1vw - 0.2em) * 0.673), 1.4em);font-style:normal;font-weight:400;line-height:1.6\">Me olemme keskeinen tekij\u00e4 Suomen strategisessa laivanrakennuskapasiteetissa. T\u00e4ysin suomalaisomisteisena laivanrakennusyhti\u00f6n\u00e4 yhdist\u00e4mme vuosisatojen merenkulkutradition ja huipputeknologian Rauman Seaside Industry Parkissa. Tiivis yhteisty\u00f6 Rauman kaupungin kanssa takaa merkitt\u00e4v\u00e4n kapasiteetin ja investointivalmiuden vastaamaan haastavimpiinkin projekteihin.<\/p>\n\n\n\n<div style=\"height:2em\" aria-hidden=\"true\" class=\"wp-block-spacer\"><\/div>\n\n\n\n<h3 class=\"wp-block-heading\">Kaiken kattavat omat valmiudet<\/h3>\n\n\n\n<p><br>Meill\u00e4 on t\u00e4ydellinen talon sis\u00e4ll\u00e4 tapahtuva valmistusprosessin, jossa hallinnoidaan kaikki aluksen rakentamisen vaiheet ter\u00e4ksen leikkauksesta lopulliseen k\u00e4ytt\u00f6\u00f6nottoon. Integroitu tuotantoprosessimme takaa laadun, tehokkuuden ja tarkkuuden koko laivanrakennuksen ajan.<\/p>\n\n\n\n<div style=\"height:4em\" aria-hidden=\"true\" class=\"wp-block-spacer\"><\/div>\n\n\n\n<h3 class=\"wp-block-heading\">Rakennusprosessimme kulku<\/h3>\n\n\n\n<div style=\"height:2em\" aria-hidden=\"true\" class=\"wp-block-spacer\"><\/div>\n\n\n\n<figure class=\"wp-block-image alignwide size-full\"><img loading=\"lazy\" decoding=\"async\" width=\"2562\" height=\"1410\" src=\"https:\/\/rmcfinland.fi\/wp-content\/uploads\/2025\/05\/Kyvykkyydet-fin-2.jpg\" alt=\"\" class=\"wp-image-2755\" srcset=\"https:\/\/rmcfinland.fi\/wp-content\/uploads\/2025\/05\/Kyvykkyydet-fin-2.jpg 2562w, https:\/\/rmcfinland.fi\/wp-content\/uploads\/2025\/05\/Kyvykkyydet-fin-2-300x165.jpg 300w, https:\/\/rmcfinland.fi\/wp-content\/uploads\/2025\/05\/Kyvykkyydet-fin-2-1024x564.jpg 1024w, https:\/\/rmcfinland.fi\/wp-content\/uploads\/2025\/05\/Kyvykkyydet-fin-2-768x423.jpg 768w, https:\/\/rmcfinland.fi\/wp-content\/uploads\/2025\/05\/Kyvykkyydet-fin-2-1536x845.jpg 1536w, https:\/\/rmcfinland.fi\/wp-content\/uploads\/2025\/05\/Kyvykkyydet-fin-2-2048x1127.jpg 2048w, https:\/\/rmcfinland.fi\/wp-content\/uploads\/2025\/05\/Kyvykkyydet-fin-2-1920x1057.jpg 1920w, https:\/\/rmcfinland.fi\/wp-content\/uploads\/2025\/05\/Kyvykkyydet-fin-2-1600x881.jpg 1600w\" sizes=\"auto, (max-width: 2562px) 100vw, 2562px\"><\/figure>\n\n\n\n<div id=\"open-close-block_c46f9dcb0c684058d35f4a653b8234bd\" class=\"open-close-block aligncenter\">\n\n\n\t\t\t<div class=\"open-close-block__section\">\n\t\t\t\n\t\t\t\t\n\t\t\t\t<div class=\"open-close-block__section__link\">\n\n\t\t\t\t\t<div class=\"open-close-block__section__link__heading\">\n\t\t\t\t\t\t<a href=\"#\" role=\"button\" aria-expanded=\"false\" aria-controls=\"open-close-open-close-block_c46f9dcb0c684058d35f4a653b8234bd-1\">\n\t\t\t\t\t\t\t<p>Materiaalien hallinta ja valmistelu<\/p>\n\t\t\t\t\t\t\t<span><\/span>\n\t\t\t\t\t\t<\/a>\n\t\t\t\t\t<\/div><!-- .open-close-block__section__link__heading -->\n\n\t\t\t\t\t<div class=\"open-close-block__section__link__content\" id=\"open-close-open-close-block_c46f9dcb0c684058d35f4a653b8234bd-1\">\n\t\t\t\t\t\t<p><b>1. Ter\u00e4ksen varastointi<\/b><\/p>\n<ul>\n<li>1 400 m\u00b2 varastotilaa, johon p\u00e4\u00e4see rautatie-, maantie- ja merikuljetuksilla<\/li>\n<li>Kyky k\u00e4sitell\u00e4 levyj\u00e4, joiden koko on jopa 3,5 x 12,5 m<\/li>\n<li>Paikan p\u00e4\u00e4ll\u00e4 oleva nosturi tehokkaaseen materiaalink\u00e4sittelyyn<\/li>\n<\/ul>\n<p><b>2. Ter\u00e4ksen esik\u00e4sittely<\/b><\/p>\n<ul>\n<li>T\u00e4ydelliset pesu-, hiekkapuhallus- ja esimaalauslaitteet<\/li>\n<li>Mahdollistaa standarditer\u00e4smateriaalien k\u00e4yt\u00f6n<\/li>\n<li>Varmistaa asianmukaisen korroosiosuojan heti alkuvaiheesta l\u00e4htien<\/li>\n<\/ul>\n\t\t\t\t\t<\/div>\n\n\t\t\t\t\t\n\t\t\t\t<\/div><!-- .open-close-block__section__link -->\n\t\t\t\n\t\t\t\t\n\t\t\t\t<div class=\"open-close-block__section__link\">\n\n\t\t\t\t\t<div class=\"open-close-block__section__link__heading\">\n\t\t\t\t\t\t<a href=\"#\" role=\"button\" aria-expanded=\"false\" aria-controls=\"open-close-open-close-block_c46f9dcb0c684058d35f4a653b8234bd-2\">\n\t\t\t\t\t\t\t<p>Komponenttien valmistus<\/p>\n\t\t\t\t\t\t\t<span><\/span>\n\t\t\t\t\t\t<\/a>\n\t\t\t\t\t<\/div><!-- .open-close-block__section__link__heading -->\n\n\t\t\t\t\t<div class=\"open-close-block__section__link__content\" id=\"open-close-open-close-block_c46f9dcb0c684058d35f4a653b8234bd-2\">\n\t\t\t\t\t\t<p><b>3. Osatuotanto<\/b><\/p>\n<ul>\n<li style=\"font-weight: 400\">Kaksi rinnakkain toimivaa tuotantolinjaa<\/li>\n<li style=\"font-weight: 400\">T\u00e4ysin automaattinen profiilien leikkauslinja (60\u2013340 mm)<\/li>\n<li style=\"font-weight: 400\">Automatisoitu T-palkkilinja induktiivisella suoristuksella<\/li>\n<li style=\"font-weight: 400\">Raskaat levynvalssaus- ja taivutuskoneet, teho jopa 1000 t<\/li>\n<li style=\"font-weight: 400\">3 plasmaleikkauskonetta (4\u201390 mm) viisteytystoiminnolla<\/li>\n<\/ul>\n<p><strong>4. Lohkotuotanto<\/strong><\/p>\n<ul>\n<li style=\"font-weight: 400\">25 yksitt\u00e4ist\u00e4 lohkopaikka 100 tonnin nosturilla<\/li>\n<li style=\"font-weight: 400\">Yhteenlaskettu nostokapasiteetti jopa 300 tonnia<\/li>\n<li style=\"font-weight: 400\">Modulaarinen rakenne tehokasta kokoonpanoa varten<\/li>\n<\/ul>\n<p><b>5. Maalaushallit<\/b><\/p>\n<ul>\n<li style=\"font-weight: 400\">3 erillist\u00e4 maalauspaikkaa ilmastoiduissa, l\u00e4mmitetyiss\u00e4halleissa<\/li>\n<li style=\"font-weight: 400\">Kolme maalaushallia, joiden yhteispinta-ala on 2 500 m\u00b2 (26 910 ft\u00b2)<\/li>\n<li style=\"font-weight: 400\">Suurin lohkokoko 30 x 29 x 12 m (98 x 95 x 39 ft)<\/li>\n<li style=\"font-weight: 400\">L\u00e4mp\u00f6tilas\u00e4\u00e4delty ymp\u00e4rist\u00f6, maksimil\u00e4mp\u00f6tila 30 \u00b0C<\/li>\n<\/ul>\n<p><strong>6. Osaston \/ lohkon varustelu<\/strong><\/p>\n<ul>\n<li style=\"font-weight: 400\">4 monipy\u00f6r\u00e4ist\u00e4 alustaa, joiden kantavuus on jopa 420 tonnia<\/li>\n<li style=\"font-weight: 400\">RMC-rakennusmenetelm\u00e4 takaa tehokkaat yl\u00e4puoliset varustusty\u00f6t<\/li>\n<li style=\"font-weight: 400\">Strateginen esivarustelu lyhent\u00e4\u00e4 kokonaisrakennusaikaa<\/li>\n<\/ul>\n<p>\u00a0<\/p>\n\t\t\t\t\t<\/div>\n\n\t\t\t\t\t\n\t\t\t\t<\/div><!-- .open-close-block__section__link -->\n\t\t\t\n\t\t\t\t\n\t\t\t\t<div class=\"open-close-block__section__link\">\n\n\t\t\t\t\t<div class=\"open-close-block__section__link__heading\">\n\t\t\t\t\t\t<a href=\"#\" role=\"button\" aria-expanded=\"false\" aria-controls=\"open-close-open-close-block_c46f9dcb0c684058d35f4a653b8234bd-3\">\n\t\t\t\t\t\t\t<p>Kokoonpano ja rakentaminen<\/p>\n\t\t\t\t\t\t\t<span><\/span>\n\t\t\t\t\t\t<\/a>\n\t\t\t\t\t<\/div><!-- .open-close-block__section__link__heading -->\n\n\t\t\t\t\t<div class=\"open-close-block__section__link__content\" id=\"open-close-open-close-block_c46f9dcb0c684058d35f4a653b8234bd-3\">\n\t\t\t\t\t\t<p><strong>7. Rungon rakentaminen<\/strong><\/p>\n<ul>\n<li>Useita runkojen pystytyspaikkoja, joiden mitat ovat vaikuttavat:<\/li>\n<li>Rungon rakentaminen 7a+b:<br>\nPituus 186 m, leveys 44 m, korkeus 32 m<br>\n\u2013 Ovet 30 x 20 m, p\u00e4\u00e4ovi 40 x 25 m<br>\n\u2013 Kahden rungon samanaikainen rakentaminen<br>\n\u2013 Nosturin nostokapasiteetti 260 t + 200 t<\/li>\n<li><span style=\"font-weight: 400\"><strong>Rungon rakentaminen 7c+d:<\/strong><br>\n<\/span><span style=\"font-weight: 400\">Pituus 260 m, leveys 85 m<br>\n\u2013 Kahden rungon samanaikainen rakentaminen<br>\n\u2013 Nosturikapasiteetti 3 x 150 t<br>\n\u2013 K\u00e4ytett\u00e4viss\u00e4 lis\u00e4ksi liikkuvia nostureita<\/span><\/li>\n<\/ul>\n<p>Rungon rakennuspinta-ala yhteens\u00e4: 4 420 m\u00b2 (47 576 ft\u00b2)<br>\nNostokapasiteetti: 270 t<br>\nKaksi sis\u00e4tilaa, jotka mahdollistavat rakentamisen ymp\u00e4ri vuoden s\u00e4\u00e4olosuhteista riippumatta<\/p>\n<p>\u00a0<\/p>\n\t\t\t\t\t<\/div>\n\n\t\t\t\t\t\n\t\t\t\t<\/div><!-- .open-close-block__section__link -->\n\t\t\t\n\t\t\t\t\n\t\t\t\t<div class=\"open-close-block__section__link\">\n\n\t\t\t\t\t<div class=\"open-close-block__section__link__heading\">\n\t\t\t\t\t\t<a href=\"#\" role=\"button\" aria-expanded=\"false\" aria-controls=\"open-close-open-close-block_c46f9dcb0c684058d35f4a653b8234bd-4\">\n\t\t\t\t\t\t\t<p>Monik\u00e4ytt\u00f6iset tuotantotilat<\/p>\n\t\t\t\t\t\t\t<span><\/span>\n\t\t\t\t\t\t<\/a>\n\t\t\t\t\t<\/div><!-- .open-close-block__section__link__heading -->\n\n\t\t\t\t\t<div class=\"open-close-block__section__link__content\" id=\"open-close-open-close-block_c46f9dcb0c684058d35f4a653b8234bd-4\">\n\t\t\t\t\t\t<p><strong>Ter\u00e4ksen tuotantilat:<\/strong><\/p>\n<ul>\n<li style=\"font-weight: 400\">23 600 m\u00b2 (254 028 ft\u00b2) tuotantotilaa<br>\nErilaiset plasma- ja kaasuleikkauslaitteet<br>\nPaneeli-\/profiilileikkaus, raskas taivutus ja puristuskapasiteetti<br>\nPuoliautomaattinen T-palkkien hitsaus ja profiilien hitsaus<br>\nKest\u00e4v\u00e4 monipy\u00f6r\u00e4inen kuljetusj\u00e4rjestelm\u00e4<\/li>\n<\/ul>\n<p><b>Monitoimihalli:<\/b><\/p>\n<ul>\n<li style=\"font-weight: 400\">7 430 m\u00b2 (79 976 ft\u00b2) rakennuspinta-ala<br>\n460 tonnin nostokapasiteetti<br>\nJoustava tila erilaisiin rakennustarpeisiin<\/li>\n<\/ul>\n\t\t\t\t\t<\/div>\n\n\t\t\t\t\t\n\t\t\t\t<\/div><!-- .open-close-block__section__link -->\n\t\t\t\n\t\t\t\t\n\t\t\t\t<div class=\"open-close-block__section__link\">\n\n\t\t\t\t\t<div class=\"open-close-block__section__link__heading\">\n\t\t\t\t\t\t<a href=\"#\" role=\"button\" aria-expanded=\"false\" aria-controls=\"open-close-open-close-block_c46f9dcb0c684058d35f4a653b8234bd-5\">\n\t\t\t\t\t\t\t<p>Vesillelaskukyvykkyys<\/p>\n\t\t\t\t\t\t\t<span><\/span>\n\t\t\t\t\t\t<\/a>\n\t\t\t\t\t<\/div><!-- .open-close-block__section__link__heading -->\n\n\t\t\t\t\t<div class=\"open-close-block__section__link__content\" id=\"open-close-open-close-block_c46f9dcb0c684058d35f4a653b8234bd-5\">\n\t\t\t\t\t\t<ul>\n<li style=\"font-weight: 400\">Kuivatelakan mitat: 260 x 85 x 16 m (853 x 278 x 52 ft)<\/li>\n<li style=\"font-weight: 400\">Kuivatelakan nostokapasiteetti: 300\/480 t<\/li>\n<li style=\"font-weight: 400\">Raskas vesillelaskuramppi: 30 m (128 ft) leve\u00e4, kantavuus 5 000 t<\/li>\n<li style=\"font-weight: 400\">Puoliksi uppoava proomu: Proomun kantavuus: 11 000 t<\/li>\n<\/ul>\n\t\t\t\t\t<\/div>\n\n\t\t\t\t\t\n\t\t\t\t<\/div><!-- .open-close-block__section__link -->\n\t\t\t\n\t\t\t\t\n\t\t\t\t<div class=\"open-close-block__section__link\">\n\n\t\t\t\t\t<div class=\"open-close-block__section__link__heading\">\n\t\t\t\t\t\t<a href=\"#\" role=\"button\" aria-expanded=\"false\" aria-controls=\"open-close-open-close-block_c46f9dcb0c684058d35f4a653b8234bd-6\">\n\t\t\t\t\t\t\t<p>Aluksen viimeistely<\/p>\n\t\t\t\t\t\t\t<span><\/span>\n\t\t\t\t\t\t<\/a>\n\t\t\t\t\t<\/div><!-- .open-close-block__section__link__heading -->\n\n\t\t\t\t\t<div class=\"open-close-block__section__link__content\" id=\"open-close-open-close-block_c46f9dcb0c684058d35f4a653b8234bd-6\">\n\t\t\t\t\t\t<p><strong>8. Lopullinen varustelu ja k\u00e4ytt\u00f6\u00f6notto<\/strong><\/p>\n<p><strong>Useita varustelulaitureita:<\/strong><\/p>\n<ul>\n<li>Laituri (a): 240 m pitk\u00e4, kaikki tarvittavat energiayhteydet ja generaattoreiden k\u00e4ytt\u00f6\u00f6nottoon tarvittavat voimal\u00e4hteet<\/li>\n<li>Laituri (b): 220 m pitk\u00e4<\/li>\n<li>Kapasiteetti (c): Erilliset turvallisuusalueet arkaluontoisille projekteille<\/li>\n<\/ul>\n<p>Kokonaisvarustelu kapasiteetti<\/p>\n<ul>\n<li>Pituus: 220-240m (721-787 ft)<\/li>\n<\/ul>\n\t\t\t\t\t<\/div>\n\n\t\t\t\t\t\n\t\t\t\t<\/div><!-- .open-close-block__section__link -->\n\t\t\t\t\t<\/div><!-- .open-close-block__section -->\n\n\t\n\n<\/div>\n\n\n\n<div style=\"height:4em\" aria-hidden=\"true\" class=\"wp-block-spacer\"><\/div>\n\n\n\n<h3 class=\"wp-block-heading\">RMC:n laivanrakennustavan strategiset edut<\/h3>\n\n\n\n<p class=\"has-poppins-font-family\" style=\"font-size:clamp(0.929em, 0.929rem + ((1vw - 0.2em) * 0.673), 1.4em);font-style:normal;font-weight:400;line-height:1.6\">Fasiliteettiemme suunnittelu ja prosessivirrat tarjoavat merkitt\u00e4vi\u00e4 etuja:<\/p>\n\n\n\n<ol class=\"wp-block-list\">\n<li><strong>Integraation tuoma tehokkuus: <\/strong>Kokonaisvaltainen valmistusprosessi ter\u00e4ksen leikkauksesta lopulliseen k\u00e4ytt\u00f6\u00f6nottoon v\u00e4hent\u00e4\u00e4 riippuvuuksia ja virtaviivaistaa tuotantoa.<\/li>\n\n\n\n<li><strong>Rinnakkaisrakennuskapasiteetti: <\/strong>Useat rungonrakennustilat ja maalaushallit mahdollistavat useiden alusten samanaikaisen rakentamisen, mik\u00e4 optimoi aikataulut ja resurssien k\u00e4yt\u00f6n.<\/li>\n\n\n\n<li><strong>S\u00e4\u00e4st\u00e4 riippumaton toiminta:<\/strong> Rungon kokoonpano ja kriittiset prosessit mahdollista toteuttaa sis\u00e4tiloissa, mik\u00e4 takaa ymp\u00e4rivuotisen tuotannon Suomen haastavista s\u00e4\u00e4olosuhteista huolimatta.<\/li>\n\n\n\n<li><strong>Logistinen joustavuus:<\/strong> Saavutettavissa rautateitse, maanteitse ja meritse, kattava sis\u00e4inen kuljetusj\u00e4rjestelm\u00e4, mukaan lukien raskaat monipy\u00f6r\u00e4iset ajoneuvot, joilla voidaan kuljettaa suuria komponentteja.<\/li>\n\n\n\n<li><strong>Kumppanuusverkosto: <\/strong>Tiivis yhteisty\u00f6 laivasuunnittelun ja vaativiin olosuhteisiin soveltuvien avainkomponenttien alalla toimivien kumppaneiden kanssa, sek\u00e4 joustava resurssien saatavuus, laajentavat kykyj\u00e4mme fyysisten tilojemme ulkopuolelle.<\/li>\n<\/ol>\n\n\n\n<h3 class=\"wp-block-heading\">Sitoutuminen huippuosaamiseen<\/h3>\n\n\n\n<p><br>Rauma Marine Constructionsissa yhdist\u00e4mme huippuluokan tilat ja sukupolvien aikana kertyneen suomalaisen laivanrakennuksen osaamisen. Kattavat valmiudet mahdollistavat poikkeuksellisen laadukkaiden alusten toimittamisen, jotka on suunniteltu toimimaan vaativimmissakin olosuhteissa. RMC on valmis vastaamaan Suomen strategisiin merenkulkuun liittyviin tarpeisiin ja palvelemaan kansainv\u00e4lisi\u00e4 asiakkaita erinomaisesti merivoimien aluksista matkustajalauttoihin ja erikoistuneisiin j\u00e4\u00e4luokan aluksiin.<\/p>\n","protected":false},"excerpt":{"rendered":"<p>Kumppanimme ja sijaintimme vahvistavat kyky\u00e4mme rakentaa ylivoimaisia aluksia. Kaiken kattavat omat valmiudet Meill\u00e4 on t\u00e4ydellinen talon sis\u00e4ll\u00e4 tapahtuva valmistusprosessin, jossa hallinnoidaan kaikki aluksen rakentamisen vaiheet ter\u00e4ksen leikkauksesta lopulliseen k\u00e4ytt\u00f6\u00f6nottoon. Integroitu tuotantoprosessimme takaa laadun, tehokkuuden ja tarkkuuden koko laivanrakennuksen ajan. Rakennusprosessimme kulku RMC:n laivanrakennustavan strategiset edut Sitoutuminen huippuosaamiseen Rauma Marine Constructionsissa yhdist\u00e4mme huippuluokan tilat ja sukupolvien [&hellip;]<\/p>\n","protected":false},"author":1,"featured_media":0,"parent":0,"menu_order":0,"comment_status":"closed","ping_status":"closed","template":"","meta":{"_acf_changed":false,"footnotes":""},"class_list":["post-2018","page","type-page","status-publish","hentry"],"acf":[],"_links":{"self":[{"href":"https:\/\/rmcfinland.fi\/fi\/wp-json\/wp\/v2\/pages\/2018","targetHints":{"allow":["GET"]}}],"collection":[{"href":"https:\/\/rmcfinland.fi\/fi\/wp-json\/wp\/v2\/pages"}],"about":[{"href":"https:\/\/rmcfinland.fi\/fi\/wp-json\/wp\/v2\/types\/page"}],"author":[{"embeddable":true,"href":"https:\/\/rmcfinland.fi\/fi\/wp-json\/wp\/v2\/users\/1"}],"replies":[{"embeddable":true,"href":"https:\/\/rmcfinland.fi\/fi\/wp-json\/wp\/v2\/comments?post=2018"}],"version-history":[{"count":14,"href":"https:\/\/rmcfinland.fi\/fi\/wp-json\/wp\/v2\/pages\/2018\/revisions"}],"predecessor-version":[{"id":2757,"href":"https:\/\/rmcfinland.fi\/fi\/wp-json\/wp\/v2\/pages\/2018\/revisions\/2757"}],"wp:attachment":[{"href":"https:\/\/rmcfinland.fi\/fi\/wp-json\/wp\/v2\/media?parent=2018"}],"curies":[{"name":"wp","href":"https:\/\/api.w.org\/{rel}","templated":true}]}}