{"id":2010,"date":"2025-05-15T16:09:55","date_gmt":"2025-05-15T13:09:55","guid":{"rendered":"https:\/\/rmcfinland.fi\/?page_id=2010"},"modified":"2025-05-16T09:51:40","modified_gmt":"2025-05-16T06:51:40","slug":"yhteistyossa","status":"publish","type":"page","link":"https:\/\/rmcfinland.fi\/fi\/yhteistyossa\/","title":{"rendered":"Yhteisty\u00f6ss\u00e4"},"content":{"rendered":"\n<div style=\"height:2em\" aria-hidden=\"true\" class=\"wp-block-spacer\"><\/div>\n\n\n\n<div class=\"wp-block-columns is-layout-flex wp-container-core-columns-is-layout-28f84493 wp-block-columns-is-layout-flex\">\n<div class=\"wp-block-column is-layout-flow wp-block-column-is-layout-flow\">\n<h2 class=\"wp-block-heading has-small-font-size\">Yhteisty\u00f6h\u00f6n<br>RMC:n kanssa<\/h2>\n<\/div>\n\n\n\n<div class=\"wp-block-column is-layout-flow wp-block-column-is-layout-flow\">\n<p>Jos olet kiinnostunut yhteisty\u00f6st\u00e4 Rauma Marine Constructionsin kumppaniverkostossa, l\u00e4het\u00e4 meille tiedot yrityksest\u00e4si allaolevalla lomakkeella.<\/p>\n<\/div>\n<\/div>\n\n\n\n<div style=\"height:5em\" aria-hidden=\"true\" class=\"wp-block-spacer\"><\/div>\n\n\n\n<div class=\"wp-block-contact-form-7-contact-form-selector\">\n<div class=\"wpcf7 no-js\" id=\"wpcf7-f2007-o1\" lang=\"fi\" dir=\"ltr\" data-wpcf7-id=\"2007\">\n<div class=\"screen-reader-response\"><p role=\"status\" aria-live=\"polite\" aria-atomic=\"true\"><\/p> <ul><\/ul><\/div>\n<form action=\"\/fi\/wp-json\/wp\/v2\/pages\/2010#wpcf7-f2007-o1\" method=\"post\" class=\"wpcf7-form init\" aria-label=\"Yhteydenottolomake\" enctype=\"multipart\/form-data\" novalidate=\"novalidate\" data-status=\"init\">\n<fieldset class=\"hidden-fields-container\"><input type=\"hidden\" name=\"_wpcf7\" value=\"2007\" \/><input type=\"hidden\" name=\"_wpcf7_version\" value=\"6.1.5\" \/><input type=\"hidden\" name=\"_wpcf7_locale\" value=\"fi\" \/><input type=\"hidden\" name=\"_wpcf7_unit_tag\" value=\"wpcf7-f2007-o1\" \/><input type=\"hidden\" name=\"_wpcf7_container_post\" value=\"0\" \/><input type=\"hidden\" name=\"_wpcf7_posted_data_hash\" value=\"\" \/>\n<\/fieldset>\n<h3>Tietoa yrityksest\u00e4\n<\/h3>\n<fieldset>\n\t<div class=\"form-input\">\n\t\t<p><span class=\"wpcf7-form-control-wrap\" data-name=\"company-name\"><input size=\"40\" maxlength=\"400\" class=\"wpcf7-form-control wpcf7-text contact-form-input\" id=\"company-name\" aria-invalid=\"false\" value=\"\" type=\"text\" name=\"company-name\" \/><\/span><br \/>\n<label for=\"company-name\">Yrityksen nimi<\/label>\n\t\t<\/p>\n\t<\/div>\n\t<div class=\"form-input\">\n\t\t<p><span class=\"wpcf7-form-control-wrap\" data-name=\"company-id\"><input size=\"40\" maxlength=\"400\" class=\"wpcf7-form-control wpcf7-text wpcf7-validates-as-required contact-form-input\" id=\"company-id\" aria-required=\"true\" aria-invalid=\"false\" value=\"\" type=\"text\" name=\"company-id\" \/><\/span><br \/>\n<label for=\"company-id\">Y-tunnus <span>*<\/span><\/label>\n\t\t<\/p>\n\t<\/div>\n\t<div class=\"form-input\">\n\t\t<p><span class=\"wpcf7-form-control-wrap\" data-name=\"company-address\"><input size=\"40\" maxlength=\"400\" class=\"wpcf7-form-control wpcf7-text contact-form-input\" id=\"company-address\" aria-invalid=\"false\" value=\"\" type=\"text\" name=\"company-address\" \/><\/span><br \/>\n<label for=\"company-address\">Postiosoite<\/label>\n\t\t<\/p>\n\t<\/div>\n\t<div class=\"form-input\">\n\t\t<p><span class=\"wpcf7-form-control-wrap\" data-name=\"company-postnumber\"><input size=\"40\" maxlength=\"400\" class=\"wpcf7-form-control wpcf7-text contact-form-input\" id=\"company-postnumber\" aria-invalid=\"false\" value=\"\" type=\"text\" name=\"company-postnumber\" \/><\/span><br \/>\n<label for=\"company-postnumber\">Postinumero<\/label>\n\t\t<\/p>\n\t<\/div>\n\t<div class=\"form-input\">\n\t\t<p><span class=\"wpcf7-form-control-wrap\" data-name=\"company-city\"><input size=\"40\" maxlength=\"400\" class=\"wpcf7-form-control wpcf7-text contact-form-input\" id=\"company-city\" aria-invalid=\"false\" value=\"\" type=\"text\" name=\"company-city\" \/><\/span><br \/>\n<label for=\"company-city\">Postitoimipaikka<\/label>\n\t\t<\/p>\n\t<\/div>\n\t<div class=\"form-input\">\n\t\t<p><span class=\"wpcf7-form-control-wrap\" data-name=\"company-homepage\"><input size=\"40\" maxlength=\"400\" class=\"wpcf7-form-control wpcf7-url wpcf7-text wpcf7-validates-as-url contact-form-input\" id=\"company-homepage\" aria-invalid=\"false\" value=\"\" type=\"url\" name=\"company-homepage\" \/><\/span><br \/>\n<label for=\"company-homepage\">Verkkosivu<\/label>\n\t\t<\/p>\n\t<\/div>\n<\/fieldset>\n<h3>Yhteyshenkil\u00f6\n<\/h3>\n<fieldset>\n\t<div class=\"form-input\">\n\t\t<p><span class=\"wpcf7-form-control-wrap\" data-name=\"your-name\"><input size=\"40\" maxlength=\"400\" class=\"wpcf7-form-control wpcf7-text contact-form-input\" id=\"your-name\" aria-invalid=\"false\" value=\"\" type=\"text\" name=\"your-name\" \/><\/span><br \/>\n<label for=\"your-name\">Nimi<\/label>\n\t\t<\/p>\n\t<\/div>\n\t<div class=\"form-input\">\n\t\t<p><span class=\"wpcf7-form-control-wrap\" data-name=\"your-title\"><input size=\"40\" maxlength=\"400\" class=\"wpcf7-form-control wpcf7-text contact-form-input\" id=\"your-title\" aria-invalid=\"false\" value=\"\" type=\"text\" name=\"your-title\" \/><\/span><br \/>\n<label for=\"your-title\">Titteli<\/label>\n\t\t<\/p>\n\t<\/div>\n\t<div class=\"form-input\">\n\t\t<p><span class=\"wpcf7-form-control-wrap\" data-name=\"your-phone\"><input size=\"40\" maxlength=\"400\" class=\"wpcf7-form-control wpcf7-text contact-form-input\" id=\"your-phone\" aria-invalid=\"false\" value=\"\" type=\"text\" name=\"your-phone\" \/><\/span><br \/>\n<label for=\"your-phone\">Puhelinnumero<\/label>\n\t\t<\/p>\n\t<\/div>\n\t<div class=\"form-input\">\n\t\t<p><span class=\"wpcf7-form-control-wrap\" data-name=\"your-email\"><input size=\"40\" maxlength=\"400\" class=\"wpcf7-form-control wpcf7-email wpcf7-text wpcf7-validates-as-email contact-form-input\" id=\"your-email\" aria-invalid=\"false\" value=\"\" type=\"email\" name=\"your-email\" \/><\/span><br \/>\n<label for=\"your-email\">S\u00e4hk\u00f6postiosoite<\/label>\n\t\t<\/p>\n\t<\/div>\n<\/fieldset>\n<h3>Yleisi\u00e4 tietoja\n<\/h3>\n<fieldset>\n\t<div class=\"form-file\">\n\t\t<p><label for=\"company-presentation\">Yritysesittely (ppt tai pdf)<\/label><br \/>\n<span class=\"wpcf7-form-control-wrap\" data-name=\"company-presentation\"><input size=\"40\" class=\"wpcf7-form-control wpcf7-file\" id=\"company-presentation\" accept=\".pdf,.ppt,.pptx,.txt\" aria-invalid=\"false\" type=\"file\" name=\"company-presentation\" \/><\/span>\n\t\t<\/p>\n\t<\/div>\n\t<div class=\"form-input\">\n\t\t<p><span class=\"wpcf7-form-control-wrap\" data-name=\"company-employees\"><input size=\"40\" maxlength=\"400\" class=\"wpcf7-form-control wpcf7-text contact-form-input\" id=\"company-employees\" aria-invalid=\"false\" value=\"\" type=\"text\" name=\"company-employees\" \/><\/span><br \/>\n<label for=\"company-employees\">Ty\u00f6ntekij\u00f6iden m\u00e4\u00e4r\u00e4<\/label>\n\t\t<\/p>\n\t<\/div>\n\t<div class=\"form-input\">\n\t\t<p><span class=\"wpcf7-form-control-wrap\" data-name=\"company-revenue\"><input size=\"40\" maxlength=\"400\" class=\"wpcf7-form-control wpcf7-text contact-form-input\" id=\"company-revenue\" aria-invalid=\"false\" value=\"\" type=\"text\" name=\"company-revenue\" \/><\/span><br \/>\n<label for=\"company-revenue\">Yrityksen liikevaihto<\/label>\n\t\t<\/p>\n\t<\/div>\n\t<div class=\"form-input\">\n\t\t<p><span class=\"wpcf7-form-control-wrap\" data-name=\"company-earnings\"><input size=\"40\" maxlength=\"400\" class=\"wpcf7-form-control wpcf7-text contact-form-input\" id=\"company-earnings\" aria-invalid=\"false\" value=\"\" type=\"text\" name=\"company-earnings\" \/><\/span><br \/>\n<label for=\"company-earnings\">Nettotulosprosentti<\/label>\n\t\t<\/p>\n\t<\/div>\n\t<div class=\"form-input\">\n\t\t<p><span class=\"wpcf7-form-control-wrap\" data-name=\"company-factories\"><textarea cols=\"40\" rows=\"10\" maxlength=\"2000\" class=\"wpcf7-form-control wpcf7-textarea contact-form-input\" id=\"company-factories\" aria-invalid=\"false\" name=\"company-factories\"><\/textarea><\/span><br \/>\n<label for=\"company-factories\">Tehtaat, tehtaiden sijainti<\/label>\n\t\t<\/p>\n\t<\/div>\n\t<div class=\"form-input\">\n\t\t<p><span class=\"wpcf7-form-control-wrap\" data-name=\"company-references\"><textarea cols=\"40\" rows=\"10\" maxlength=\"2000\" class=\"wpcf7-form-control wpcf7-textarea contact-form-input\" id=\"company-references\" aria-invalid=\"false\" name=\"company-references\"><\/textarea><\/span><br \/>\n<label for=\"company-references\">Referenssit<\/label>\n\t\t<\/p>\n\t<\/div>\n\t<div class=\"form-input\">\n\t\t<p><span class=\"wpcf7-form-control-wrap\" data-name=\"company-owners\"><textarea cols=\"40\" rows=\"10\" maxlength=\"2000\" class=\"wpcf7-form-control wpcf7-textarea contact-form-input\" id=\"company-owners\" aria-invalid=\"false\" name=\"company-owners\"><\/textarea><\/span><br \/>\n<label for=\"company-owners\">Yrityksen omistajat (Nimi, Omistusosuus, Lis\u00e4tietoja)<\/label>\n\t\t<\/p>\n\t<\/div>\n\t<div class=\"form-input\">\n\t\t<p><span class=\"wpcf7-form-control-wrap\" data-name=\"your-message\"><textarea cols=\"40\" rows=\"10\" maxlength=\"2000\" class=\"wpcf7-form-control wpcf7-textarea contact-form-input\" id=\"your-message\" aria-invalid=\"false\" name=\"your-message\"><\/textarea><\/span><br \/>\n<label for=\"your-message\">Muuta<\/label>\n\t\t<\/p>\n\t<\/div>\n<\/fieldset>\n<p><span id=\"wpcf7-69db2037803eb-wrapper\" class=\"wpcf7-form-control-wrap website-wrap\" style=\"display:none !important; visibility:hidden !important;\"><label for=\"wpcf7-69db2037803eb-field\" class=\"hp-message\">Please leave this field empty.<\/label><input id=\"wpcf7-69db2037803eb-field\"  class=\"wpcf7-form-control wpcf7-text\" type=\"text\" name=\"website\" value=\"\" size=\"40\" tabindex=\"-1\" autocomplete=\"new-password\" \/><\/span>\n<\/p>\n<p><input class=\"wpcf7-form-control wpcf7-submit has-spinner\" type=\"submit\" value=\"L\u00e4het\u00e4\" \/>\n<\/p><div class=\"wpcf7-response-output\" aria-hidden=\"true\"><\/div>\n<\/form>\n<\/div>\n<\/div>\n","protected":false},"excerpt":{"rendered":"<p>Yhteisty\u00f6h\u00f6nRMC:n kanssa Jos olet kiinnostunut yhteisty\u00f6st\u00e4 Rauma Marine Constructionsin kumppaniverkostossa, l\u00e4het\u00e4 meille tiedot yrityksest\u00e4si allaolevalla lomakkeella.<\/p>\n","protected":false},"author":1,"featured_media":0,"parent":0,"menu_order":0,"comment_status":"closed","ping_status":"closed","template":"","meta":{"_acf_changed":false,"footnotes":""},"class_list":["post-2010","page","type-page","status-publish","hentry"],"acf":[],"_links":{"self":[{"href":"https:\/\/rmcfinland.fi\/fi\/wp-json\/wp\/v2\/pages\/2010","targetHints":{"allow":["GET"]}}],"collection":[{"href":"https:\/\/rmcfinland.fi\/fi\/wp-json\/wp\/v2\/pages"}],"about":[{"href":"https:\/\/rmcfinland.fi\/fi\/wp-json\/wp\/v2\/types\/page"}],"author":[{"embeddable":true,"href":"https:\/\/rmcfinland.fi\/fi\/wp-json\/wp\/v2\/users\/1"}],"replies":[{"embeddable":true,"href":"https:\/\/rmcfinland.fi\/fi\/wp-json\/wp\/v2\/comments?post=2010"}],"version-history":[{"count":4,"href":"https:\/\/rmcfinland.fi\/fi\/wp-json\/wp\/v2\/pages\/2010\/revisions"}],"predecessor-version":[{"id":2177,"href":"https:\/\/rmcfinland.fi\/fi\/wp-json\/wp\/v2\/pages\/2010\/revisions\/2177"}],"wp:attachment":[{"href":"https:\/\/rmcfinland.fi\/fi\/wp-json\/wp\/v2\/media?parent=2010"}],"curies":[{"name":"wp","href":"https:\/\/api.w.org\/{rel}","templated":true}]}}